{"id":99,"date":"2019-02-18T10:53:52","date_gmt":"2019-02-18T10:53:52","guid":{"rendered":"http:\/\/advertisingsel.selena-work.cloud-press.net\/?page_id=99"},"modified":"2023-09-15T14:11:31","modified_gmt":"2023-09-15T18:11:31","slug":"a-propos","status":"publish","type":"page","link":"https:\/\/brikardesign.com\/site\/a-propos\/","title":{"rendered":"\u00c0 PROPOS"},"content":{"rendered":"<div  class=\"about-7 content-section content-section-spacing\" id=\"a-propos\" style=\"background-color: rgb(255, 255, 255);\" data-id=\"about-7\" data-label=\"A propos\" data-export-id=\"about-7\" data-category=\"about\"> <div  class=\"gridContainer\"> <div  class=\"row middle-sm text-center\"> <div  class=\"col-sm-6 space-bottom-xs\" data-type=\"column\">  <h2  class=\"\"><span  style=\"color: rgb(0, 0, 0);\">Profitez de la meilleure offre <span id=\"_mce_caret\" data-mce-bogus=\"1\" data-mce-type=\"format-caret\" ><span style=\"color: rgb(0, 0, 0);\" >\ufeff<\/span><\/span>de <span style=\"color: rgb(234, 123, 204);\" >conception<\/span><\/span><span  style=\"color: rgb(0, 0, 0);\"><span  style=\"font-family: Roboto, arial, helvetica, sans-serif; font-weight: 700;\" href=\"#\"><span style=\"color: rgb(234, 123, 204);\" >&nbsp;<\/span>et de<span style=\"color: rgb(195, 166, 22);\" >&nbsp;<span style=\"color: rgb(215, 216, 31);\" >l&rsquo;impression<\/span><\/span><\/span><span  style=\"font-family: &quot;Fredericka the Great&quot;, arial, helvetica, sans-serif; font-weight: 400; color: rgb(195, 166, 22);\" href=\"#\">&nbsp;<\/span>combin\u00e9e<\/span><\/h2> <p  style=\"text-align: left;\" class=\"\">L\u2032id\u00e9e de l\u2032impression tout en couleur est venue pour r\u00e9pondre \u00e0 la demande de notre client\u00e8le.\n<br ><br >Nous pouvons faire de l\u2019impression sur diff\u00e9rentes surfaces, telles que:<br >\nVerre<br >\nM\u00e9tal-aluminium<br >\nPlastique<br >\nTissu<br >\nN\u00e9opr\u00e8ne<br >\nAcrylique<br >\nC\u00e9ramique<br >\netc\u2026<br >\nLa technique d\u2019impression par sublimation en quadrichromie sur article textile, tasse, tuile, verre etc. utilise une presse \u00e0 sublimation pour le transfert \u00e0 chaud. La technique de sublimation est un proc\u00e9d\u00e9 efficace pour l\u2019application de photos ou d\u2019images de haute qualit\u00e9, sur une large vari\u00e9t\u00e9 d\u2019objets. C\u2019est une technique d\u2019impression, qui requiert des encres sp\u00e9cifiques sensibles \u00e0 la chaleur.<br >Ces encres se transforment en gaz sous l\u2019effet de la chaleur et sont combin\u00e9es \u00e0 un support 100 % en polyester. Comme l\u2019encre devient une partie de la structure de la mati\u00e8re, les images imprim\u00e9es sur le tissu ne s\u2019estompent et ne craquent pas, m\u00eame apr\u00e8s de multiples lavages.<br >\nIl ne reste plus que l\u2032imagination pour vos produits. Que ce soit un cadeau de mariage, de naissance, corporatif etc\u2026 nous sommes ouverts \u00e0 vos id\u00e9es. Nous pouvons cr\u00e9er votre image ou vous pouvez nous faire parvenir votre image (qualit\u00e9 jpg, png. etc\u2026)<br >\nNous offrons aussi les porte-cl\u00e9s pour <span style=\"font-weight: 700;\" >motel\/h\u00f4tel<\/span>&nbsp; \u00e0 votre image et vous pouvez vous les procurer en petite quantit\u00e9.<br ><br ><span  style=\"font-style: italic; font-weight: 500;\">Margaret Boisaubert<\/span><\/p> <a class=\"button color1 square outline\" href=\"https:\/\/brikardesign.com\/site\/a-propos\/contact\" target=\"_self\" data-cp-link=\"1\" data-icon=\"fa-angle-double-right\" rel=\"noopener\"><span  class=\"button-icon fa fa-angle-double-right\"><\/span> CONTACTEZ-NOUS MAINTENANT <\/a> <\/div> <div  class=\"col-sm-6 col-relative\"> <div  class=\"row spaced-cols\"> <div  class=\"col-xs-6 flexbox middle-xs center-xs\"> <img  decoding=\"async\" title=\"Forced to wrong size: 253x253, natural is 400x400!\" class=\"shadow-large scaled-image\" alt=\"\" src=\"https:\/\/brikardesign.com\/site\/wp-content\/uploads\/2019\/02\/cadeaux.png\" data-size=\"300x300\"> <\/div> <div  class=\"col-xs-6 flexbox middle-xs center-xs\"> <img  decoding=\"async\" title=\"Forced to wrong size: 253x253, natural is 400x400!\" class=\"shadow-large scaled-image\" alt=\"\" src=\"https:\/\/brikardesign.com\/site\/wp-content\/uploads\/2019\/02\/impossible.png\" data-size=\"300x300\"> <\/div> <div  class=\"col-xs-6 flexbox middle-xs center-xs\"> <a  href=\"#\" data-cp-link=\"1\"><img  decoding=\"async\" title=\"Forced to wrong size: 253x253, natural is 400x400!\" class=\"shadow-large scaled-image\" alt=\"\" src=\"https:\/\/brikardesign.com\/site\/wp-content\/uploads\/2019\/02\/puzzle.png\" data-size=\"300x300\"><\/a> <\/div> <div  class=\"col-xs-6 flexbox middle-xs center-xs\"> <img  decoding=\"async\" title=\"Forced to wrong size: 253x253, natural is 400x400!\" class=\"shadow-large scaled-image\" alt=\"\" src=\"https:\/\/brikardesign.com\/site\/wp-content\/uploads\/2019\/02\/cible-rouge2.png\" data-size=\"300x300\"> <\/div> <\/div> <div  class=\"center-overlay inner-shadow border-large\"><\/div> <\/div> <\/div> <\/div> <\/div><div  class=\"testimonials-1 content-section content-section-spacing\" id=\"temoignages\" style=\"background-position: top; background-image: url(&quot;https:\/\/brikardesign.com\/site\/wp-content\/uploads\/2019\/02\/slide-puzzle-texte2.png&quot;); background-size: cover; background-color: rgb(255, 255, 255);\" data-id=\"testimonials-1\" data-label=\"Temoignages\" data-section-ov=\"1\" data-export-id=\"testimonials-1\" data-category=\"testimonials\"> <div  class=\"gridContainer\"> <div  class=\"row\"> <div  class=\"section-title-col\" data-type=\"column\"> <h2  class=\"\"><span  style=\"color: rgb(255, 255, 255); font-family: &quot;Playfair Display&quot;, arial, helvetica, sans-serif;\">T\u00e9moignages&nbsp;<\/span><\/h2> <p  class=\"lead\"><span  style=\"color: rgb(255, 255, 255);\"> Voici ce que nos clients disent:<\/span><\/p> <\/div> <\/div> <div  class=\"row spaced-cols content-center-sm\" data-type=\"row\"> <div  class=\"col-sm-4\"> <i  class=\"fa icon fa-quote-right small color2\"><\/i> <p  class=\"\"><span  style=\"color: rgb(255, 255, 255);\">J\u2019ai demand\u00e9 \u00e0 Margaret Boisaubert de produire quelques lingettes \u00e0 lunettes mais je ne lui avais fourni que mon logo. Elle a donc con\u00e7u l\u2019image en fonction de mon entreprise, une maison d\u2019\u00e9dition, le tout sans frais suppl\u00e9mentaires (WOW !). Je suis agr\u00e9ablement surprise du r\u00e9sultat. Vous pouvez toujours compter sur elle, sa cr\u00e9ativit\u00e9 et son professionnalisme, pour vous seconder dans vos projets. Je vous la recommande chaudement.\u201d<\/span><\/p> <a href=\"https:\/\/brikardesign.com\/site\/a-propos\" target=\"_blank\" data-cp-link=\"1\" class=\"\" rel=\"noopener\"><img  decoding=\"async\" title=\"Forced to wrong size: 90x90, natural is 600x600!\" class=\"round icon scaled-image\" alt=\"\" src=\"https:\/\/brikardesign.com\/site\/wp-content\/uploads\/2019\/02\/diane_hebert.png\"><\/a> <h5  class=\"\"><span  style=\"color: rgb(255, 255, 255);\">Diane H\u00e9bert<\/span><\/h5> <p  class=\"small\" style=\"font-style: italic;\"><span  style=\"color: rgb(255, 255, 255);\">Les \u00c9ditions 100 MOTS<\/span><\/p> <\/div> <div  class=\"col-sm-4\"> <i  class=\"fa icon fa-quote-right small color2\"><\/i> <p  style=\"text-align: center;\" class=\"\"><span  style=\"color: rgb(255, 255, 255);\">Quoi dire sur Mme Boisaubert<br >\nUne id\u00e9e et une cr\u00e9ation.<br >\nVoil\u00e0 ce qui exprime l\u2019esprit cr\u00e9atif de cette Dame.<br >\nDepuis 2003, elle sait nous guider\n<br >dans nos projets de cr\u00e9ation.<br >\nJe la recommande pour son professionnalisme<br >\nToujours \u00e0 l\u2019\u00e9coute  et de plus, \n<br >\u00e0 l\u2019avant-garde de la technique.\u201d<\/span><\/p> <a href=\"https:\/\/locations-logements.com\" target=\"_blank\" data-cp-link=\"1\" class=\"\" rel=\"noopener\"><img  decoding=\"async\" title=\"Forced to wrong size: 90x90, natural is 600x600!\" class=\"round icon scaled-image\" alt=\"\" src=\"https:\/\/brikardesign.com\/site\/wp-content\/uploads\/2019\/02\/ghislain-blais.png\"><\/a> <h5  class=\"\"><span  style=\"color: rgb(255, 255, 255);\">Ghislain Blais<\/span><\/h5> <p  class=\"small\" style=\"font-style: italic;\"><span  style=\"color: rgb(255, 255, 255);\">Pour Locations-Logements.com<\/span><\/p> <\/div> <div  class=\"col-sm-4\"> <i  class=\"fa icon fa-quote-right small color2\"><\/i> <p  class=\"\"><span  style=\"color: rgb(255, 255, 255);\">Les porte-cl\u00e9s personnalis\u00e9s que BrikarDesign produit pour nous nous assure que le client ai entre les mains quelque chose \u00e0 l\u2019image de notre \u00e9tablissement. De plus, nous pouvons toujours commander exactement les quantit\u00e9s dont nous avons besoin, ce que nous appr\u00e9cions beaucoup !\u201d<\/span>\n<\/p> <a href=\"http:\/\/motel4saisons.com\" target=\"_blank\" data-cp-link=\"1\" class=\"\" rel=\"noopener\"><img  decoding=\"async\" title=\"Forced to wrong size: 90x90, natural is 600x600!\" class=\"round icon scaled-image\" alt=\"\" src=\"https:\/\/brikardesign.com\/site\/wp-content\/uploads\/2019\/02\/julie-tremblay.png\"><\/a> <h5  class=\"\"><span  style=\"color: rgb(255, 255, 255);\">Julie Tremblay<\/span><\/h5> <p  class=\"small\" style=\"font-style: italic;\"><br  data-mce-bogus=\"1\"><span  id=\"_mce_caret\" data-mce-bogus=\"1\" data-mce-type=\"format-caret\"><span  style=\"color: #ffffff;\">Mote\ufeffl4Saisons.com<\/span><\/span><\/p> <\/div> <\/div> <\/div> <\/div><div  class=\"clients-3 content-section content-section-spacing content-relative\" id=\"clients-2\" style=\"background-position: top; background-image: none; background-size: cover; background-color: rgba(255, 255, 255, 0);\" data-id=\"clients-3\" data-label=\"Clients\" data-export-id=\"clients-3\" data-category=\"clients\"><div  class=\"section-separator-top\">\n    <svg  xmlns=\"http:\/\/www.w3.org\/2000\/svg\" class=\"section-separator-top\" viewBox=\"0 0 1000 20\" preserveAspectRatio=\"none meet\" data-separator-name=\"split\">\n\t<path  class=\"svg-white-bg\" d=\"M 0 0 v 3 c 0 0 393.8 0 483.4 0 c 9.2 0 16.6 7.4 16.6 16.6 c 0 -9.1 7.4 -16.6 16.6 -16.6 C 606.2 3 1000 3 1000 3 V 0 H 0 Z\"><\/path>\n<\/svg>\n<\/div> <div  class=\"gridContainer\"> <div  class=\"row text-center\"> <div  class=\"section-title-col\" data-type=\"column\"> <h2  class=\"font-700\"><span  style=\"font-family: &quot;Playfair Display&quot;, arial, helvetica, sans-serif;\"> Nos clients satisfaits<\/span><\/h2> <p  class=\"lead\"><span  style=\"font-family: Roboto, arial, helvetica, sans-serif; color: rgb(0, 0, 0);\"> Un article \u00e0 votre image peut faire la diff\u00e9rence<\/span><\/p> <\/div> <\/div> <div  class=\"row spaced-cols\" data-type=\"row\"> <div  class=\"col-xs-12 col-sm-3\"> <div  class=\"row middle-xs\"> <div  class=\"col-xs-5 col-sm-4\"><img  decoding=\"async\" src=\"\/\/extendthemes.com\/assets\/mesmerize\/sections-images\/logo1.png\"><\/div> <div  class=\"col-xs-7 col-sm-8 start-xs\"><span >100 FAUTES<\/span><\/div> <\/div> <\/div> <div  class=\"col-xs-12 col-sm-3\"> <div  class=\"row middle-xs\"> <div  class=\"col-xs-5 col-sm-4\"><img  decoding=\"async\" src=\"\/\/extendthemes.com\/assets\/mesmerize\/sections-images\/logo2.png\"><\/div> <div  class=\"col-xs-7 col-sm-8 start-xs\"><span >Bousquet<\/span><\/div> <\/div> <\/div> <div  class=\"col-xs-12 col-sm-3\"> <div  class=\"row middle-xs\"> <div  class=\"col-xs-5 col-sm-4\"><img  decoding=\"async\" src=\"\/\/extendthemes.com\/assets\/mesmerize\/sections-images\/logo3.png\"><\/div> <div  class=\"col-xs-7 col-sm-8 start-xs\"><span >Motel 4 Saisons<\/span><\/div> <\/div> <\/div> <div  class=\"col-xs-12 col-sm-3\"> <div  class=\"row middle-xs\"> <div  class=\"col-xs-5 col-sm-4\"><img  decoding=\"async\" src=\"\/\/extendthemes.com\/assets\/mesmerize\/sections-images\/logo4.png\"><\/div> <div  class=\"col-xs-7 col-sm-8 start-xs\"><span >Equilibre Beaut\u00e9 Sant\u00e9<\/span><\/div> <\/div> <\/div> <\/div> <\/div> <\/div>","protected":false},"excerpt":{"rendered":"<p>Profitez de la meilleure offre \ufeffde conception&nbsp;et de&nbsp;l&rsquo;impression&nbsp;combin\u00e9e L\u2032id\u00e9e de l\u2032impression tout en couleur est venue pour r\u00e9pondre \u00e0 la demande de notre client\u00e8le. Nous pouvons faire de l\u2019impression sur diff\u00e9rentes surfaces, telles que: Verre M\u00e9tal-aluminium Plastique Tissu N\u00e9opr\u00e8ne Acrylique C\u00e9ramique etc\u2026 La technique d\u2019impression par sublimation en quadrichromie sur article textile, tasse, tuile, verre&hellip; <br \/> <a class=\"read-more\" href=\"https:\/\/brikardesign.com\/site\/a-propos\/\">Read more<\/a><\/p>\n","protected":false},"author":1,"featured_media":0,"parent":0,"menu_order":0,"comment_status":"closed","ping_status":"closed","template":"pro\/page-templates\/full-width-page.php","meta":{"_monsterinsights_skip_tracking":false,"_monsterinsights_sitenote_active":false,"_monsterinsights_sitenote_note":"","_monsterinsights_sitenote_category":0,"_uf_show_specific_survey":0,"_uf_disable_surveys":false,"footnotes":""},"class_list":["post-99","page","type-page","status-publish","hentry"],"aioseo_notices":[],"_links":{"self":[{"href":"https:\/\/brikardesign.com\/site\/wp-json\/wp\/v2\/pages\/99","targetHints":{"allow":["GET"]}}],"collection":[{"href":"https:\/\/brikardesign.com\/site\/wp-json\/wp\/v2\/pages"}],"about":[{"href":"https:\/\/brikardesign.com\/site\/wp-json\/wp\/v2\/types\/page"}],"author":[{"embeddable":true,"href":"https:\/\/brikardesign.com\/site\/wp-json\/wp\/v2\/users\/1"}],"replies":[{"embeddable":true,"href":"https:\/\/brikardesign.com\/site\/wp-json\/wp\/v2\/comments?post=99"}],"version-history":[{"count":26,"href":"https:\/\/brikardesign.com\/site\/wp-json\/wp\/v2\/pages\/99\/revisions"}],"predecessor-version":[{"id":676,"href":"https:\/\/brikardesign.com\/site\/wp-json\/wp\/v2\/pages\/99\/revisions\/676"}],"wp:attachment":[{"href":"https:\/\/brikardesign.com\/site\/wp-json\/wp\/v2\/media?parent=99"}],"curies":[{"name":"wp","href":"https:\/\/api.w.org\/{rel}","templated":true}]}}