{"id":560,"date":"2019-05-08T12:20:11","date_gmt":"2019-05-08T16:20:11","guid":{"rendered":"https:\/\/brikardesign.com\/site\/?page_id=560"},"modified":"2019-05-08T12:20:11","modified_gmt":"2019-05-08T16:20:11","slug":"politique-de-confidentialite","status":"publish","type":"page","link":"https:\/\/brikardesign.com\/site\/politique-de-confidentialite\/","title":{"rendered":"Politique de confidentialit\u00e9"},"content":{"rendered":"\n<h2 class=\"wp-block-heading\">Qui sommes-nous&nbsp;?<\/h2>\n\n\n\n<p>L\u2019adresse de notre site Web est\u00a0: https:\/\/brikardesign.com\/site.<\/p>\n\n\n\n<p>Cette page vous informe de nos politiques concernant la collecte, l\u2019utilisation et la divulgation des informations personnelles que nous recevons des utilisateurs du site. Nous utilisons vos renseignements personnels uniquement pour vous contacter. En utilisant notre site, vous acceptez la collecte et l\u2019utilisation des informations conform\u00e9ment \u00e0 cette politique.<\/p>\n\n\n\n<h2 class=\"wp-block-heading\">Collecte et utilisation de l&rsquo;information<\/h2>\n\n\n\n<p><br>Lors de l\u2019utilisation de notre site, nous pouvons vous demander de nous fournir certaines informations personnellement identifiables qui peuvent \u00eatre utilis\u00e9es pour vous contacter ou vous identifier. Les informations personnellement identifiables peuvent inclure, mais ne se limitent pas \u00e0: votre nom; Renseignements personnels; Donn\u00e9es du journal. Comme beaucoup d\u2019op\u00e9rateurs de site, nous recueillons des informations que votre navigateur envoie chaque fois que vous visitez notre site.<\/p>\n\n\n\n<h2 class=\"wp-block-heading\">Donn\u00e9es<\/h2>\n\n\n\n<p><br>Ces donn\u00e9es de journal peuvent inclure des informations telles que le protocole Internet de vos ordinateurs et votre adresse IP; type de navigateur; version du navigateur; les pages de notre site que vous visitez; l\u2019heure et la date de votre visite; le temps pass\u00e9 sur ces pages et d\u2019autres statistiques. En outre, nous pouvons utiliser des services tiers tels que Google Analytics qui recueillent, surveillent et analysent ces donn\u00e9es. La section \u00ab donn\u00e9es du journal \u00bb est destin\u00e9e aux entreprises qui utilisent des services d\u2019analyse ou de suivi dans des sites Web ou des applications comme\u00a0<em>Google Analytics.<\/em><\/p>\n\n\n\n<h3 class=\"wp-block-heading\">Communications<\/h3>\n\n\n\n<p>Lors de l\u2019utilisation de notre site, nous pouvons vous demander de nous fournir certaines informations personnellement identifiables qui peuvent \u00eatre utilis\u00e9es pour vous contacter ou vous identifier. Les informations personnellement identifiables peuvent inclure, mais ne se limitent pas \u00e0: votre nom; Renseignements personnels;  <br>Donn\u00e9es du journal. Comme beaucoup d\u2019op\u00e9rateurs de site, nous recueillons des informations que votre navigateur envoie chaque fois que vous visitez notre site. <\/p>\n\n\n\n<h3 class=\"wp-block-heading\">Donn\u00e9es<\/h3>\n\n\n\n<p> Ces donn\u00e9es de journal peuvent inclure des informations telles que le protocole Internet de vos ordinateurs et votre adresse IP; type de navigateur; version du navigateur; les pages de notre site que vous visitez; l\u2019heure et la date de votre visite; le temps pass\u00e9 sur ces pages et d\u2019autres statistiques. En outre, nous pouvons utiliser des services tiers tels que Google Analytics qui recueillent, surveillent et analysent ces donn\u00e9es. La section \u00ab donn\u00e9es du journal \u00bb est destin\u00e9e aux entreprises qui utilisent des services d\u2019analyse ou de suivi dans des sites Web ou des applications comme&nbsp;<em>Google Analytics.<\/em><\/p>\n\n\n\n<h3 class=\"wp-block-heading\">Communications<\/h3>\n\n\n\n<p><br>Nous pouvons utiliser vos renseignements personnels pour vous contacter avec des bulletins d\u2019information; du mat\u00e9riel publicitaire ou promotionnel et d\u2019autres informations..<\/p>\n\n\n\n<h3 class=\"wp-block-heading\">Cookies<\/h3>\n\n\n\n<p><br>Les \u00abcookies\u00bb sont des fichiers avec une petite quantit\u00e9 de donn\u00e9es, qui peuvent inclure un identificateur unique anonyme. Les cookies sont envoy\u00e9s \u00e0 votre navigateur \u00e0 partir d\u2019un site Web et stock\u00e9s sur votre disque dur d\u2019ordinateur. Comme de nombreux sites Web, nous utilisons des \u00abcookies\u00bb pour collecter des informations. Vous pouvez demander \u00e0 votre navigateur de refuser tous les cookies ou d\u2019indiquer quand un cookie est envoy\u00e9. Toutefois, si vous n\u2019acceptez pas les cookies, il se peut que vous ne puissiez pas utiliser certaines portions de notre site.<\/p>\n\n\n\n<h3 class=\"wp-block-heading\">S\u00e9curit\u00e9<\/h3>\n\n\n\n<p><br>La s\u00e9curit\u00e9 de vos renseignements personnels est importante pour nous, mais n\u2019oubliez pas qu\u2019aucune m\u00e9thode de transmission sur Internet ou m\u00e9thode de stockage \u00e9lectronique n\u2019est s\u00e9curis\u00e9e \u00e0 100 %. Bien que nous nous efforcions d\u2019utiliser des moyens commercialement acceptables pour prot\u00e9ger vos renseignements personnels, nous ne pouvons pas garantir sa s\u00e9curit\u00e9 absolue en raison de la nature du processus.<\/p>\n\n\n\n<p><br>Cette politique de confidentialit\u00e9 est en vigueur \u00e0 compter du 1er janvier 2019 et restera en vigueur sauf en ce qui concerne toute modification de ses dispositions \u00e0 l\u2019avenir, qui sera en vigueur imm\u00e9diatement apr\u00e8s avoir \u00e9t\u00e9 affich\u00e9e sur cette page. Nous nous r\u00e9servons le droit de mettre \u00e0 jour ou de modifier notre politique de confidentialit\u00e9 \u00e0 tout moment et vous devriez v\u00e9rifier cette politique de confidentialit\u00e9 p\u00e9riodiquement. Votre utilisation continue du service apr\u00e8s que nous publions des modifications \u00e0 la politique de confidentialit\u00e9 sur cette page constituera votre reconnaissance des modifications et votre consentement \u00e0 respecter et \u00eatre li\u00e9 par la politique de confidentialit\u00e9 modifi\u00e9e. Si nous faisons des changements importants \u00e0 cette politique de confidentialit\u00e9, nous vous aviserons soit par l\u2019adresse courriel que vous nous avez fournie, soit en pla\u00e7ant un avis important sur notre site.<\/p>\n\n\n\n<h2 class=\"wp-block-heading\">Modifications \u00e0  cette politique de confidentialit\u00e9<\/h2>\n\n\n\n<p>Cette politique de confidentialit\u00e9 est en vigueur \u00e0 compter du 1er janvier 2019 et restera en vigueur sauf en ce qui concerne toute modification de ses dispositions \u00e0 l\u2019avenir, qui sera en vigueur imm\u00e9diatement apr\u00e8s avoir \u00e9t\u00e9 affich\u00e9e sur cette page. Nous nous r\u00e9servons le droit de mettre \u00e0 jour ou de modifier notre politique de confidentialit\u00e9 \u00e0 tout moment et vous devriez v\u00e9rifier cette politique de confidentialit\u00e9 p\u00e9riodiquement. Votre utilisation continue du service apr\u00e8s que nous publions des modifications \u00e0 la politique de confidentialit\u00e9 sur cette page constituera votre reconnaissance des modifications et votre consentement \u00e0 respecter et \u00eatre li\u00e9 par la politique de confidentialit\u00e9 modifi\u00e9e. Si nous faisons des changements importants \u00e0 cette politique de confidentialit\u00e9, nous vous aviserons soit par l\u2019adresse courriel que vous nous avez fournie, soit en pla\u00e7ant un avis important sur notre site.<\/p>\n\n\n\n<h2 class=\"wp-block-heading\">Tarif sur le site<\/h2>\n\n\n\n<p>Si des tarifs se retrouvent sur le site , ceci peut \u00eatre \u00e0 changement sans pr\u00e9avis.<\/p>\n\n\n\n<h2 class=\"wp-block-heading\">Contactez-nous<\/h2>\n\n\n\n<p><br>Si vous avez des questions au sujet de cette politique de confidentialit\u00e9, veuillez nous contacter.<\/p>\n\n\n\n<p><\/p>\n","protected":false},"excerpt":{"rendered":"<p>Qui sommes-nous&nbsp;? L\u2019adresse de notre site Web est\u00a0: https:\/\/brikardesign.com\/site. Cette page vous informe de nos politiques concernant la collecte, l\u2019utilisation et la divulgation des informations personnelles que nous recevons des utilisateurs du site. Nous utilisons vos renseignements personnels uniquement pour vous contacter. En utilisant notre site, vous acceptez la collecte et l\u2019utilisation des informations conform\u00e9ment&hellip; <br \/> <a class=\"read-more\" href=\"https:\/\/brikardesign.com\/site\/politique-de-confidentialite\/\">Read more<\/a><\/p>\n","protected":false},"author":1,"featured_media":0,"parent":0,"menu_order":0,"comment_status":"closed","ping_status":"closed","template":"","meta":{"_monsterinsights_skip_tracking":false,"_monsterinsights_sitenote_active":false,"_monsterinsights_sitenote_note":"","_monsterinsights_sitenote_category":0,"_uf_show_specific_survey":0,"_uf_disable_surveys":false,"footnotes":""},"class_list":["post-560","page","type-page","status-publish","hentry"],"aioseo_notices":[],"_links":{"self":[{"href":"https:\/\/brikardesign.com\/site\/wp-json\/wp\/v2\/pages\/560","targetHints":{"allow":["GET"]}}],"collection":[{"href":"https:\/\/brikardesign.com\/site\/wp-json\/wp\/v2\/pages"}],"about":[{"href":"https:\/\/brikardesign.com\/site\/wp-json\/wp\/v2\/types\/page"}],"author":[{"embeddable":true,"href":"https:\/\/brikardesign.com\/site\/wp-json\/wp\/v2\/users\/1"}],"replies":[{"embeddable":true,"href":"https:\/\/brikardesign.com\/site\/wp-json\/wp\/v2\/comments?post=560"}],"version-history":[{"count":2,"href":"https:\/\/brikardesign.com\/site\/wp-json\/wp\/v2\/pages\/560\/revisions"}],"predecessor-version":[{"id":562,"href":"https:\/\/brikardesign.com\/site\/wp-json\/wp\/v2\/pages\/560\/revisions\/562"}],"wp:attachment":[{"href":"https:\/\/brikardesign.com\/site\/wp-json\/wp\/v2\/media?parent=560"}],"curies":[{"name":"wp","href":"https:\/\/api.w.org\/{rel}","templated":true}]}}