{"id":192,"date":"2017-11-10T14:08:51","date_gmt":"2017-11-10T14:08:51","guid":{"rendered":"http:\/\/tag_link_site_url\/mesmerize\/"},"modified":"2025-12-03T16:49:39","modified_gmt":"2025-12-03T20:49:39","slug":"mesmerize","status":"publish","type":"page","link":"https:\/\/brikardesign.com\/site\/","title":{"rendered":"ACCUEIL"},"content":{"rendered":"<div  class=\"cta-centered-section-grid content-section content-section-spacing-medium bg-color1 white-text\" id=\"cta-2\" style=\"background-position: top; background-image: none; background-size: cover; background-color: rgb(255, 255, 255);\" data-id=\"cta-centered-section-grid\" data-label=\"Cta\" data-category=\"cta\" data-export-id=\"cta-centered-section-grid\">\n<div  class=\"gridContainer\">\n<div  class=\"row text-center\">\n<div  class=\"col-xs-12 col-sm-10 col-sm-offset-1 col-md-8 col-md-offset-2\" data-type=\"column\">\n<h3  class=\"\" data-ms-editor=\"true\"><span  style=\"color: #f13662; font-family: 'Playfair Display', arial, helvetica, sans-serif; font-weight: 400;\">\u2013 votre entreprise est notre inspiration \u2013<\/span><\/h3>\n<h4  class=\"\" data-ms-editor=\"true\"><font  color=\"#b00000\"><span  style=\"font-weight: 300;\"><span  style=\"font-size: 1.1rem; letter-spacing: 0.0625rem;\">Nous vous offrons un vaste \u00e9ventail d\u2019objets personnalis\u00e9s,\n<br >que ce soit pour vous ou pour votre entreprise. &nbsp;<br ><span  style=\"font-family: Roboto,arial,helvetica,sans-serif; font-weight: 800;\">Aucune quantit\u00e9 minimum pour les commandes&nbsp; 1 \u00e0 500 et plus<\/span><\/span><\/span><\/font><span  id=\"_mce_caret\" data-mce-bogus=\"1\" data-mce-type=\"format-caret\"><span  style=\"font-family: Roboto,arial,helvetica,sans-serif;\">\ufeff<\/span><\/span><br >Aucune &nbsp;<\/h4>\n<\/div>\n<\/div>\n<\/div>\n<\/div><div  class=\"features-13 content-section content-section-spacing\" id=\"features-7\" style=\"background-color: #ffffff; background-image: none;\" data-id=\"features-13-card-bordered\" data-label=\"Features\" data-category=\"features\" data-export-id=\"features-13-card-bordered\">\n<div  class=\"gridContainer\">\n<div  class=\"row text-center\">\n<div  class=\"section-title-col\" data-type=\"column\">\n<h2  class=\"\" data-ms-editor=\"true\"><span  style=\"color: #000000; font-family: 'Playfair Display', arial, helvetica, sans-serif;\">Pourquoi nous choisir ?<\/span><\/h2>\n<p  class=\"lead\" data-ms-editor=\"true\"><span  style=\"font-family: Roboto, arial, helvetica, sans-serif; color: #000000;\"> Parce que nous travaillons m\u00e9ticuleusement et avec professionnalisme avec tous nos clients. \n<br >Que vous soyez un particulier ou une entreprise, nous vous accordons la m\u00eame importance.<\/span><\/p>\n\n<\/div>\n<\/div>\n<div  class=\"row spaced-cols content-center-sm\" data-type=\"row\">\n<div  class=\"col-sm-4 col-md-3 \">\n<div  class=\"card bordered y-move\" data-type=\"column\">\n\n<i  class=\"fa icon fa-binoculars reverse round big color2\" data-ms-editor=\"true\"> <\/i>\n<h4  class=\"\" data-ms-editor=\"true\"><span  style=\"font-family: Roboto, arial, helvetica, sans-serif; font-weight: bold;\">CONCEPTION<\/span><\/h4>\n<p  class=\"\" data-ms-editor=\"true\"><span  style=\"font-family: Roboto, arial, helvetica, sans-serif; font-weight: 300; color: #000000;\">Conception gratuite de votre projet<\/span><\/p>\n<a  class=\"button small color6 dark-text square outline\" href=\"https:\/\/brikardesign.com\/site\/services\/#content-9\" target=\"_self\" data-cp-link=\"1\" data-icon=\"fa-angle-double-right\" rel=\"noopener noreferrer\"><span  class=\"button-icon fa fa-angle-double-right\"><\/span>voir plus<\/a>\n\n<\/div>\n<\/div>\n<div  class=\"col-sm-4 col-md-3 \">\n<div  class=\"card bordered y-move\" data-type=\"column\">\n\n<i  class=\"fa icon fa-lightbulb-o reverse round big color2\" data-ms-editor=\"true\"> <\/i>\n<h4  class=\"\" data-ms-editor=\"true\"><font  face=\"Roboto,arial,helvetica,sans-serif\">ID\u00c9E UNIQUE<\/font><\/h4>\n<p  class=\"\" data-ms-editor=\"true\"><span  style=\"font-family: Roboto, arial, helvetica, sans-serif; font-weight: 300; color: #000000;\">Une image unique vous repr\u00e9sentant ad\u00e9quatement<\/span><\/p>\n<a  class=\"button small color6 dark-text square outline\" href=\"https:\/\/brikardesign.com\/site\/services\/#content-8\" target=\"_self\" data-cp-link=\"1\" data-icon=\"fa-angle-double-right\" rel=\"noopener noreferrer\"><span  class=\"button-icon fa fa-angle-double-right\"><\/span>voir plus<\/a>\n\n<\/div>\n<\/div>\n<div  class=\"col-sm-4 col-md-3 \">\n<div  class=\"card bordered y-move\" data-type=\"column\">\n\n<i  class=\"fa icon fa-bullhorn reverse round big color2\" data-ms-editor=\"true\"> <\/i>\n<h4  class=\"\" data-ms-editor=\"true\">PUBLICIT\u00c9S<\/h4>\n<p  class=\"\" data-ms-editor=\"true\"><span  style=\"font-family: Roboto, arial, helvetica, sans-serif; color: #000000; font-weight: 300;\">Solutions promotionnelles abordables<\/span><\/p>\n<a  class=\"button small color6 dark-text square outline\" href=\"https:\/\/brikardesign.com\/site\/services\/#content-1\" target=\"_self\" data-cp-link=\"1\" data-icon=\"fa-angle-double-right\" rel=\"noopener noreferrer\"><span  class=\"button-icon fa fa-angle-double-right\"><\/span>voir plus<\/a>\n\n<\/div>\n<\/div>\n<div  class=\"col-sm-4 col-md-3\">\n<div  class=\"card bordered y-move\" data-type=\"column\">\n\n<i  class=\"fa icon fa-certificate reverse round big color2\" data-ms-editor=\"true\"> <\/i>\n<h4  class=\"\" data-ms-editor=\"true\">IMAGE DE MARQUE<\/h4>\n<p  class=\"\" data-ms-editor=\"true\"><span  style=\"font-weight: 300;\">Vos clients recevront un cadeau unique<\/span><\/p>\n<a  class=\"button small color6 dark-text square outline\" href=\"https:\/\/brikardesign.com\/site\/services\/#content-2\" target=\"_self\" data-cp-link=\"1\" data-icon=\"fa-angle-double-right\" rel=\"noopener noreferrer\"><span  class=\"button-icon fa fa-angle-double-right\"><\/span>voir plus<\/a>\n\n<\/div>\n<\/div>\n<\/div>\n<\/div>\n<\/div><div  class=\"about-image-text content-section content-section-spacing content-relative\" id=\"about-7\" style=\"background-color: #ffffff; background-image: url('https:\/\/brikardesign.com\/site\/wp-content\/uploads\/2018\/04\/261858-P4LPD6-62.jpg'); background-size: cover; background-position: center top;\" data-id=\"about-image-text\" data-section-ov=\"1\" data-label=\"About\" data-category=\"about\" data-export-id=\"about-image-text\"><div  class=\"section-separator-top\">\n    <svg  xmlns=\"http:\/\/www.w3.org\/2000\/svg\" class=\"section-separator-top\" viewBox=\"0 0 1000 100\" preserveAspectRatio=\"none meet\" data-separator-name=\"waves\">\n\t<path  class=\"svg-white-bg\" d=\"M 421.9 6.5 c 22.6 -2.5 51.5 0.4 75.5 5.3 c 23.6 4.9 70.9 23.5 100.5 35.7 c 75.8 32.2 133.7 44.5 192.6 49.7 c 23.6 2.1 48.7 3.5 103.4 -2.5 c 54.7 -6 106.2 -25.6 106.2 -25.6 V 0 H 0 v 30.3 c 0 0 72 32.6 158.4 30.5 c 39.2 -0.7 92.8 -6.7 134 -22.4 c 21.2 -8.1 52.2 -18.2 79.7 -24.2 C 399.3 7.9 411.6 7.5 421.9 6.5 Z\"><\/path>\n<\/svg>\n<\/div>\n\n<div  class=\"gridContainer\">\n<div  class=\"row\">\n<div  class=\"col-sm-6 flexbox-strech center-xs middle-xs no-gutter-col\">\n<div  class=\"shadow-large overlap-right-large flexbox middle-xs center-xs left-img\" data-bg=\"image\"><\/div>\n<\/div>\n<div  class=\"col-sm-6 space-bottom-xs col-padding-small-xs col-sm-padding-large bg-color5 white-text content-col\" data-type=\"column\">\n<h5  class=\"\" data-ms-editor=\"true\">Avec BrikarDesign<\/h5>\n<h2  class=\"\" data-ms-editor=\"true\">Profitez du meilleur <span  style=\"font-family: 'Playfair Display', sans-serif; font-weight: bold; color: #fbd01e;\" href=\"#\"><span  style=\"font-family: 'Fredericka the Great', arial, helvetica, sans-serif; font-weight: 400;\">design<\/span><\/span><span  style=\"font-family: 'Playfair Display', sans-serif; font-weight: bold;\" href=\"#\"> <\/span><span  style=\"font-family: 'Playfair Display', sans-serif; font-weight: bold;\" href=\"#\">et<\/span><span  style=\"font-family: 'Fredericka the Great', arial, helvetica, sans-serif; font-weight: 400; color: #fbd01e;\" href=\"#\"> impression <\/span>montage inclus sans frais.<\/h2>\n<p  class=\"\" data-ms-editor=\"true\"><span  style=\"font-family: Roboto, arial, helvetica, sans-serif; font-weight: 300; font-style: italic;\">Technique d\u2019impression par sublimation en quadrichromie. Technique qui requiert des encres sp\u00e9cifiques.<\/span><\/p>\n\n<\/div>\n<\/div>\n<\/div>\n\n<div  class=\"section-separator-bottom\">\n    <svg  xmlns=\"http:\/\/www.w3.org\/2000\/svg\" class=\"section-separator-top section-separator-bottom\" viewBox=\"0 0 1000 100\" preserveAspectRatio=\"none meet\" data-separator-name=\"waves\">\n\t<path  class=\"svg-white-bg\" d=\"M 421.9 6.5 c 22.6 -2.5 51.5 0.4 75.5 5.3 c 23.6 4.9 70.9 23.5 100.5 35.7 c 75.8 32.2 133.7 44.5 192.6 49.7 c 23.6 2.1 48.7 3.5 103.4 -2.5 c 54.7 -6 106.2 -25.6 106.2 -25.6 V 0 H 0 v 30.3 c 0 0 72 32.6 158.4 30.5 c 39.2 -0.7 92.8 -6.7 134 -22.4 c 21.2 -8.1 52.2 -18.2 79.7 -24.2 C 399.3 7.9 411.6 7.5 421.9 6.5 Z\"><\/path>\n<\/svg>\n<\/div><\/div><div  class=\"counters-2 content-section content-section-spacing white-text content-relative\" id=\"counters-2\" style=\"background-position: top; background-image: url(&quot;https:\/\/brikardesign.com\/site\/wp-content\/uploads\/2019\/02\/slide-papier.png&quot;); background-size: cover; background-color: rgb(255, 255, 255);\" data-id=\"counters-2\" data-section-ov=\"1\" data-label=\"Counters\" data-category=\"counters\" data-export-id=\"counters-2\"><div  class=\"section-separator-top\">\n    <svg  xmlns=\"http:\/\/www.w3.org\/2000\/svg\" class=\"section-separator-top\" viewBox=\"0 0 1000 100\" preserveAspectRatio=\"none meet\" data-separator-name=\"waves\">\n\t<path  class=\"svg-white-bg\" d=\"M 421.9 6.5 c 22.6 -2.5 51.5 0.4 75.5 5.3 c 23.6 4.9 70.9 23.5 100.5 35.7 c 75.8 32.2 133.7 44.5 192.6 49.7 c 23.6 2.1 48.7 3.5 103.4 -2.5 c 54.7 -6 106.2 -25.6 106.2 -25.6 V 0 H 0 v 30.3 c 0 0 72 32.6 158.4 30.5 c 39.2 -0.7 92.8 -6.7 134 -22.4 c 21.2 -8.1 52.2 -18.2 79.7 -24.2 C 399.3 7.9 411.6 7.5 421.9 6.5 Z\"><\/path>\n<\/svg>\n<\/div>\n<div  class=\"gridContainer\">\n<div  class=\"row\" data-type=\"row\">\n<div  class=\"col-xs-12 col-sm-4 text-center space-bottom col-md-4\">\n\n<i  class=\"fa icon fa-envira color-white\" data-ms-editor=\"true\"><\/i>\n<h3  class=\"font-400\" style=\"display: inline-block;\" data-countup=\"true\" data-prefix=\"\" data-suffix=\"+\" data-duration=\"2000\" data-max=\"85\" data-min=\"0\"><\/h3>\n<h5  class=\"upper color2\" data-ms-editor=\"true\"><span  style=\"color: #ffffff; font-weight: 300;\">id\u00e9e de projets<\/span><\/h5>\n<\/div>\n<div  class=\"col-xs-12 col-sm-4 text-center space-bottom col-md-4\">\n\n<i  class=\"fa icon fa-smile-o color-white\" data-ms-editor=\"true\"><\/i>\n<h3  class=\"font-400\" style=\"display: inline-block;\" data-countup=\"true\" data-prefix=\"\" data-suffix=\"+\" data-duration=\"2000\" data-max=\"75\" data-min=\"0\"><\/h3>\n<h5  class=\"upper color2\" data-ms-editor=\"true\"><span  style=\"color: #ffffff; font-weight: 300;\">clients satisfaits<\/span><\/h5>\n<\/div>\n\n<div  class=\"col-xs-12 col-sm-4 text-center space-bottom col-md-4\">\n\n<i  class=\"fa icon fa-envira color-white\" data-ms-editor=\"true\"><\/i>\n<h3  class=\"font-400\" style=\"display: inline-block;\" data-countup=\"true\" data-prefix=\"\" data-suffix=\"+\" data-duration=\"2000\" data-max=\"5\" data-min=\"5\"><\/h3>\n<h5  class=\"upper color2\" data-ms-editor=\"true\"><span  style=\"color: #ffffff; font-weight: 300;\">projets en cours<\/span><\/h5>\n<\/div>\n<\/div>\n<\/div>\n<div  class=\"section-separator-bottom\">\n    <svg  xmlns=\"http:\/\/www.w3.org\/2000\/svg\" class=\"section-separator-top section-separator-bottom\" viewBox=\"0 0 1000 100\" preserveAspectRatio=\"none meet\" data-separator-name=\"waves\">\n\t<path  class=\"svg-white-bg\" d=\"M 421.9 6.5 c 22.6 -2.5 51.5 0.4 75.5 5.3 c 23.6 4.9 70.9 23.5 100.5 35.7 c 75.8 32.2 133.7 44.5 192.6 49.7 c 23.6 2.1 48.7 3.5 103.4 -2.5 c 54.7 -6 106.2 -25.6 106.2 -25.6 V 0 H 0 v 30.3 c 0 0 72 32.6 158.4 30.5 c 39.2 -0.7 92.8 -6.7 134 -22.4 c 21.2 -8.1 52.2 -18.2 79.7 -24.2 C 399.3 7.9 411.6 7.5 421.9 6.5 Z\"><\/path>\n<\/svg>\n<\/div><\/div><div  class=\"about-1 content-section\" id=\"expositions\" style=\"background-color: rgb(255, 255, 255);\" data-id=\"about--1\" data-label=\"Expositions\" data-category=\"about\" data-export-id=\"about-1\"><div  class=\"gridContainer\"> <div  class=\"row text-center\"><div  class=\"section-title-col\" data-type=\"column\"> <h5  class=\"\" data-ms-editor=\"true\">Expositions<\/h5> <h2  class=\"\" data-ms-editor=\"true\">Il nous fera plaisir de vous voir&nbsp; <span  style=\"font-weight: 700; font-family: Playfair Display,sans-serif; font-style: italic;\" href=\"#\">dans nos expositions<\/span> de vous montrer nos nouveaux produits.<\/h2> <p  class=\"lead\" data-ms-editor=\"true\">Possibilit\u00e9 de passer votre commande en kiosque ou de ramasser la commande dej\u00e0 pass\u00e9e au pr\u00e9alable.<\/p><\/div> <\/div> <div  class=\"row\"> <div  class=\"button-holder space-bottom space-bottom-small\" data-type=\"column\"> <\/div> <div  class=\"col-xs bottom-xs flexbox image-group-bottom-3-img space-bottom-xs center-xs\"> <img  decoding=\"async\" class=\"left-img shadow-large-black scaled-image\" src=\"https:\/\/brikardesign.com\/site\/wp-content\/plugins\/mesmerize-companion\/theme-data\/mesmerize\/sections\/images\/computer-2569652.jpg\" data-size=\"500x300\" data-ms-editor=\"true\" title=\"Forced to wrong size: 388x259, natural is 600x400!\"> <img  decoding=\"async\" title=\"cropped-puzzle.png\" class=\"center-img shadow-large-black\" alt=\"\" src=\"https:\/\/brikardesign.com\/site\/wp-content\/uploads\/2019\/02\/cropped-puzzle.png\" data-size=\"500x300\" data-ms-editor=\"true\"> <img  decoding=\"async\" class=\"right-img shadow-large-black scaled-image\" src=\"https:\/\/brikardesign.com\/site\/wp-content\/plugins\/mesmerize-companion\/theme-data\/mesmerize\/sections\/images\/laptop-2559795.jpg\" data-size=\"500x300\" data-ms-editor=\"true\" title=\"Forced to wrong size: 388x259, natural is 600x400!\"><\/div> <\/div><\/div> <\/div><div  class=\"gallery-2 content-section content-section-spacing content-relative\" id=\"gallery-1\" style=\"background-color: rgb(245, 250, 253);\" data-id=\"gallery--1\" data-label=\"Gallery\" data-category=\"gallery\" data-export-id=\"gallery-2\"><div  class=\"section-separator-top\">\n    <svg  xmlns=\"http:\/\/www.w3.org\/2000\/svg\" class=\"section-separator-top\" viewBox=\"0 0 2600 131.1\" preserveAspectRatio=\"none meet\" data-separator-name=\"opacity-tilt\">\n\t<path  class=\"svg-white-bg\" d=\"M 0 0 L 2600 0 L 2600 69.1 L 0 0 Z\"><\/path>\n\t<path  class=\"svg-white-bg\" style=\"opacity: 0.5;\" d=\"M 0 0 L 2600 0 L 2600 69.1 L 0 69.1 Z\"><\/path>\n\t<path  class=\"svg-white-bg\" style=\"opacity: 0.25;\" d=\"M 2600 0 L 0 0 L 0 130.1 L 2600 69.1 Z\"><\/path>\n<\/svg>\n<\/div><div > <div  class=\"row\"><div  class=\"col-xs-12 full-no-padding\" data-content-shortcode=\"mesmerize_gallery id=&quot;mesmerize-gallery-2&quot; columns=&quot;4&quot; ids=&quot;468,469,470,530&quot; lb=&quot;1&quot; masonry=&quot;1&quot; size=&quot;medium&quot; link=&quot;file&quot; \" data-editable=\"true\"><div id='mesmerize-gallery-2' class='gallery-wrapper'><style type=\"text\/css\">\n                    @media only screen and (min-width: 768px) {\n                    [data-unique-id='mesmerize-gallery-2-69e066505bc78'] dl {\n                        float: left;\n                        width: 25% !important;\n                        max-width:  25% !important;\n                        min-width:  25% !important;\n                    }\n\n                    [data-unique-id='mesmerize-gallery-2-69e066505bc78'] dl:nth-of-type(4n +1 ) {\n                      clear: both;\n                      }\n                    }\n                <\/style><div id='mesmerize-gallery-2' class='mesmerize-gallery-2-dls-wrapper gallery-items-wrapper materialis-gallery' data-unique-id='mesmerize-gallery-2-69e066505bc78'><dl class='gallery-item'>\n\t\t\t<dt class='gallery-icon landscape'>\n\t\t\t\t<a data-fancybox=\"mesmerize-gallery-2-group\" href='https:\/\/brikardesign.com\/site\/wp-content\/uploads\/2019\/02\/ourson_fille.jpg'><img loading=\"lazy\" decoding=\"async\"  width=\"300\" height=\"300\" src=\"https:\/\/brikardesign.com\/site\/wp-content\/uploads\/2019\/02\/ourson_fille-300x300.jpg\"  class='mesmerize-gallery-2-image' alt=\"\" aria-describedby=\"gallery-1-468\" srcset=\"https:\/\/brikardesign.com\/site\/wp-content\/uploads\/2019\/02\/ourson_fille-300x300.jpg 300w, https:\/\/brikardesign.com\/site\/wp-content\/uploads\/2019\/02\/ourson_fille-150x150.jpg 150w, https:\/\/brikardesign.com\/site\/wp-content\/uploads\/2019\/02\/ourson_fille-768x768.jpg 768w, https:\/\/brikardesign.com\/site\/wp-content\/uploads\/2019\/02\/ourson_fille.jpg 1000w\" sizes=\"auto, (max-width: 300px) 100vw, 300px\" \/><\/a>\n\t\t\t<\/dt>\n\t\t\t\t<dd class='wp-caption-text gallery-caption' id='gallery-1-468'>\n\t\t\t\tOURSON EN PELUCHE AVEC T-SHIRT\n\t\t\t\t<\/dd><\/dl><dl class='gallery-item'>\n\t\t\t<dt class='gallery-icon landscape'>\n\t\t\t\t<a data-fancybox=\"mesmerize-gallery-2-group\" href='https:\/\/brikardesign.com\/site\/wp-content\/uploads\/2019\/02\/casse-tete.png'><img loading=\"lazy\" decoding=\"async\"  width=\"300\" height=\"300\" src=\"https:\/\/brikardesign.com\/site\/wp-content\/uploads\/2019\/02\/casse-tete-300x300.png\"  class='mesmerize-gallery-2-image' alt=\"\" aria-describedby=\"gallery-1-469\" srcset=\"https:\/\/brikardesign.com\/site\/wp-content\/uploads\/2019\/02\/casse-tete-300x300.png 300w, https:\/\/brikardesign.com\/site\/wp-content\/uploads\/2019\/02\/casse-tete-150x150.png 150w, https:\/\/brikardesign.com\/site\/wp-content\/uploads\/2019\/02\/casse-tete-768x768.png 768w, https:\/\/brikardesign.com\/site\/wp-content\/uploads\/2019\/02\/casse-tete.png 1000w\" sizes=\"auto, (max-width: 300px) 100vw, 300px\" \/><\/a>\n\t\t\t<\/dt>\n\t\t\t\t<dd class='wp-caption-text gallery-caption' id='gallery-1-469'>\n\t\t\t\tCASSE-T\u00caTE\n\t\t\t\t<\/dd><\/dl><dl class='gallery-item'>\n\t\t\t<dt class='gallery-icon landscape'>\n\t\t\t\t<a data-fancybox=\"mesmerize-gallery-2-group\" href='https:\/\/brikardesign.com\/site\/wp-content\/uploads\/2019\/02\/linge-lunette.png'><img loading=\"lazy\" decoding=\"async\"  width=\"300\" height=\"300\" src=\"https:\/\/brikardesign.com\/site\/wp-content\/uploads\/2019\/02\/linge-lunette-300x300.png\"  class='mesmerize-gallery-2-image' alt=\"\" aria-describedby=\"gallery-1-470\" srcset=\"https:\/\/brikardesign.com\/site\/wp-content\/uploads\/2019\/02\/linge-lunette-300x300.png 300w, https:\/\/brikardesign.com\/site\/wp-content\/uploads\/2019\/02\/linge-lunette-150x150.png 150w, https:\/\/brikardesign.com\/site\/wp-content\/uploads\/2019\/02\/linge-lunette-768x768.png 768w, https:\/\/brikardesign.com\/site\/wp-content\/uploads\/2019\/02\/linge-lunette.png 1000w\" sizes=\"auto, (max-width: 300px) 100vw, 300px\" \/><\/a>\n\t\t\t<\/dt>\n\t\t\t\t<dd class='wp-caption-text gallery-caption' id='gallery-1-470'>\n\t\t\t\tLINGETTE \u00c0 LUNETTES \/CELLULAIRE\n\t\t\t\t<\/dd><\/dl><dl class='gallery-item'>\n\t\t\t<dt class='gallery-icon landscape'>\n\t\t\t\t<a data-fancybox=\"mesmerize-gallery-2-group\" href='https:\/\/brikardesign.com\/site\/wp-content\/uploads\/2019\/02\/SUB0004-07H.png'><img loading=\"lazy\" decoding=\"async\"  width=\"300\" height=\"300\" src=\"https:\/\/brikardesign.com\/site\/wp-content\/uploads\/2019\/02\/SUB0004-07H-300x300.png\"  class='mesmerize-gallery-2-image' alt=\"\" aria-describedby=\"gallery-1-530\" srcset=\"https:\/\/brikardesign.com\/site\/wp-content\/uploads\/2019\/02\/SUB0004-07H-300x300.png 300w, https:\/\/brikardesign.com\/site\/wp-content\/uploads\/2019\/02\/SUB0004-07H-150x150.png 150w, https:\/\/brikardesign.com\/site\/wp-content\/uploads\/2019\/02\/SUB0004-07H-768x768.png 768w, https:\/\/brikardesign.com\/site\/wp-content\/uploads\/2019\/02\/SUB0004-07H.png 1000w\" sizes=\"auto, (max-width: 300px) 100vw, 300px\" \/><\/a>\n\t\t\t<\/dt>\n\t\t\t\t<dd class='wp-caption-text gallery-caption' id='gallery-1-530'>\n\t\t\t\tT-shirt campig\n\t\t\t\t<\/dd><\/dl>\n\t\t<\/div>\n<script>(function($){window.MaterialisCaptionsGallery && window.MaterialisCaptionsGallery($('[data-unique-id=\"mesmerize-gallery-2-69e066505bc78\"]'))})(jQuery)<\/script><\/div><\/div><\/div> <\/div><\/div>","protected":false},"excerpt":{"rendered":"<p>\u2013 votre entreprise est notre inspiration \u2013 Nous vous offrons un vaste \u00e9ventail d\u2019objets personnalis\u00e9s, que ce soit pour vous ou pour votre entreprise. &nbsp;Aucune quantit\u00e9 minimum pour les commandes&nbsp; 1 \u00e0 500 et plus\ufeffAucune &nbsp; Pourquoi nous choisir ? Parce que nous travaillons m\u00e9ticuleusement et avec professionnalisme avec tous nos clients. Que vous soyez&hellip; <br \/> <a class=\"read-more\" href=\"https:\/\/brikardesign.com\/site\/\">Read more<\/a><\/p>\n","protected":false},"author":1,"featured_media":0,"parent":0,"menu_order":0,"comment_status":"closed","ping_status":"closed","template":"page-templates\/homepage.php","meta":{"_monsterinsights_skip_tracking":false,"_monsterinsights_sitenote_active":false,"_monsterinsights_sitenote_note":"","_monsterinsights_sitenote_category":0,"_uf_show_specific_survey":0,"_uf_disable_surveys":false,"footnotes":""},"class_list":["post-192","page","type-page","status-publish","hentry"],"aioseo_notices":[],"_links":{"self":[{"href":"https:\/\/brikardesign.com\/site\/wp-json\/wp\/v2\/pages\/192","targetHints":{"allow":["GET"]}}],"collection":[{"href":"https:\/\/brikardesign.com\/site\/wp-json\/wp\/v2\/pages"}],"about":[{"href":"https:\/\/brikardesign.com\/site\/wp-json\/wp\/v2\/types\/page"}],"author":[{"embeddable":true,"href":"https:\/\/brikardesign.com\/site\/wp-json\/wp\/v2\/users\/1"}],"replies":[{"embeddable":true,"href":"https:\/\/brikardesign.com\/site\/wp-json\/wp\/v2\/comments?post=192"}],"version-history":[{"count":33,"href":"https:\/\/brikardesign.com\/site\/wp-json\/wp\/v2\/pages\/192\/revisions"}],"predecessor-version":[{"id":692,"href":"https:\/\/brikardesign.com\/site\/wp-json\/wp\/v2\/pages\/192\/revisions\/692"}],"wp:attachment":[{"href":"https:\/\/brikardesign.com\/site\/wp-json\/wp\/v2\/media?parent=192"}],"curies":[{"name":"wp","href":"https:\/\/api.w.org\/{rel}","templated":true}]}}