{"id":113,"date":"2018-04-26T10:56:48","date_gmt":"2018-04-26T10:56:48","guid":{"rendered":"http:\/\/advertisingsel.selena-work.cloud-press.net\/?page_id=113"},"modified":"2021-05-04T16:59:48","modified_gmt":"2021-05-04T20:59:48","slug":"contact","status":"publish","type":"page","link":"https:\/\/brikardesign.com\/site\/contact\/","title":{"rendered":"CONTACT"},"content":{"rendered":"<div  class=\"contact-5 content-section content-section-spacing\" id=\"contact-4\" style=\"background-color: rgb(255, 255, 255);\" data-label=\"Contact\" data-id=\"contact--1\" data-export-id=\"contact-6\" data-category=\"contact\"><div  class=\"gridContainer\"> <div  class=\"row text-center\"><div  class=\"section-title-col\" data-type=\"column\"> <h2  class=\"\">Nous contacter<\/h2> <p  class=\"lead\">Vous pouvez nous contacter par courriel ou t\u00e9l\u00e9phone.<br >\nPour nous rencontrer \u00e0 nos bureaux sur rendez-vous seulement.<\/p><\/div> <\/div> <div  class=\"row middle-sm\"> <div  class=\"col-xs-12 col-sm-6 image-holder space-bottom-xs\"> <div  class=\"shadow-medium\" data-editable=\"true\" data-content-shortcode=\"mesmerize_maps address=&quot;BrikarDesign 5240 rue Ste-Lucie, St-Hubert, Qc J3Y 2B3&quot; zoom=&quot;65&quot;\">        <div class=\"mesmerize-google-maps\" style=\"width:100%\">\n            <iframe style=\"width:100%; height:100%;min-height:inherit;display:block;\" src=\"https:\/\/maps.google.com\/maps?q=BrikarDesign%205240%20rue%20Ste-Lucie,%20St-Hubert,%20Qc%20J3Y%202B3&#038;z=14&#038;output=embed&#038;iwloc=near\"><\/iframe>\n        <\/div>\n    <\/div><\/div> <div  class=\"col-xs-12 col-sm-6\"><div  class=\"row middle-sm\"> <div  class=\"col-xs-12 space-bottom-small\" data-type=\"column\"><h3  class=\"color1\">Sur rendez-vous<\/h3><\/div> <\/div> <div  class=\"row middle-sm\" data-type=\"row\"> <div  class=\"col-xs-12 space-bottom-small\"> <div  class=\"row\"> <div  class=\"col-xs-12 col-sm-fit label-col\" data-type=\"column\"> <h5  class=\"\">Adresse:<\/h5><\/div> <div  class=\"col-xs-12 col-sm\" data-type=\"column\"><p  class=\"\">5240 rue Ste-Lucie, St-Hubert, Qc. J3Y 2B3<\/p><\/div> <\/div><\/div> <div  class=\"col-xs-12 space-bottom-small\"><div  class=\"row\"> <div  class=\"col-xs-12 col-sm-fit label-col\" data-type=\"column\"><h5  class=\"\">T\u00e9l\u00e9phone:<\/h5><\/div> <div  class=\"col-xs-12 col-sm\" data-type=\"column\"><p  class=\"\">450 676-0298<\/p><\/div> <\/div><\/div> <div  class=\"col-xs-12 space-bottom-small\"><div  class=\"row\"> <div  class=\"col-xs-12 col-sm-fit label-col\" data-type=\"column\"><h5  class=\"\">Courriel:<\/h5><\/div> <div  class=\"col-xs-12 col-sm\" data-type=\"column\"><a href=\"mailto:\" target=\"_self\" data-cp-link=\"1\" class=\"\" rel=\"noopener\">vente@brikardesign.com<\/a><\/div> <\/div><\/div> <div  class=\"col-xs-12 space-bottom-small\"><div  class=\"row\"> <div  class=\"col-xs-12 col-sm-fit label-col\" data-type=\"column\"><h5  class=\"\">Nous suivre:<\/h5><\/div> <div  class=\"col-xs-12 col-sm\" data-type=\"column\"><div  data-type=\"group\" class=\"\"> <a href=\"#\" target=\"_self\" data-reiki-hidden=\"true\" rel=\"noopener\"><i  class=\"fa icon fa-twitter-square color1\"><\/i><\/a> <a href=\"https:\/\/facebook.com\/brikardesign\" target=\"_self\" rel=\"noopener\"><i  class=\"fa icon fa-facebook-square color1\"><\/i><\/a> <a href=\"https:\/\/instagram.com\/brikardesign\" target=\"_self\" rel=\"noopener\"><i  class=\"fa icon fa-instagram color1\"><\/i><\/a> <a href=\"#\" target=\"_self\" rel=\"noopener\"><i  class=\"fa icon fa-rss color1\"><\/i><\/a><\/div> <\/div><\/div> <\/div><\/div> <\/div><\/div> <\/div><\/div><div  data-label=\"Contact\" data-id=\"contact--2\" data-export-id=\"contact-1\" data-category=\"contact\" class=\"contact-1 content-section content-section-spacing white-text\" data-parallax-depth=\"20\" id=\"contact-5\" style=\"background-color: rgb(245, 250, 253);\"><div  class=\"gridContainer\"> <div  class=\"row text-center\"><div  class=\"section-title-col\" data-type=\"column\"> <h2  class=\"\">Nous contacter<\/h2> <\/div> <\/div> <div  class=\"row text-center\"> <div  class=\"col-xs-12 col-sm-8 col-sm-offset-2 contact-form-wrapper inline-info\"> <div  class=\"card large-padding\"> <div  class=\"\" data-content-shortcode=\"mesmerize_contact_form shortcode=&quot;wpforms id=&amp;amp;quot;593&amp;amp;quot; title=&amp;amp;quot;false&amp;amp;quot; description=&amp;amp;quot;false&amp;amp;quot;&quot;\" data-editable=\"true\"><div class=\"wpforms-container wpforms-container-full\" id=\"wpforms-593\"><form id=\"wpforms-form-593\" class=\"wpforms-validate wpforms-form\" data-formid=\"593\" method=\"post\" enctype=\"multipart\/form-data\" action=\"\/site\/wp-json\/wp\/v2\/pages\/113\" data-token=\"ab213a26c7bcfb1ce166253aaac1c590\" data-token-time=\"1777573043\"><noscript class=\"wpforms-error-noscript\">Veuillez activer JavaScript dans votre navigateur pour remplir ce formulaire.<\/noscript><div class=\"wpforms-field-container\"><div id=\"wpforms-593-field_0-container\" class=\"wpforms-field wpforms-field-name\" data-field-id=\"0\"><label class=\"wpforms-field-label\">Nom <span class=\"wpforms-required-label\">*<\/span><\/label><div class=\"wpforms-field-row wpforms-field-medium\"><div class=\"wpforms-field-row-block wpforms-first wpforms-one-half\"><input type=\"text\" id=\"wpforms-593-field_0\" class=\"wpforms-field-name-first wpforms-field-required\" name=\"wpforms[fields][0][first]\" required><label for=\"wpforms-593-field_0\" class=\"wpforms-field-sublabel after\">Pr\u00e9nom<\/label><\/div><div class=\"wpforms-field-row-block wpforms-one-half\"><input type=\"text\" id=\"wpforms-593-field_0-last\" class=\"wpforms-field-name-last wpforms-field-required\" name=\"wpforms[fields][0][last]\" required><label for=\"wpforms-593-field_0-last\" class=\"wpforms-field-sublabel after\">Nom<\/label><\/div><\/div><\/div><div id=\"wpforms-593-field_1-container\" class=\"wpforms-field wpforms-field-email\" data-field-id=\"1\"><label class=\"wpforms-field-label\" for=\"wpforms-593-field_1\">E-mail <span class=\"wpforms-required-label\">*<\/span><\/label><input type=\"email\" id=\"wpforms-593-field_1\" class=\"wpforms-field-medium wpforms-field-required\" name=\"wpforms[fields][1]\" spellcheck=\"false\" required><\/div><div id=\"wpforms-593-field_2-container\" class=\"wpforms-field wpforms-field-textarea\" data-field-id=\"2\"><label class=\"wpforms-field-label\" for=\"wpforms-593-field_2\">Commentaire ou message <span class=\"wpforms-required-label\">*<\/span><\/label><textarea id=\"wpforms-593-field_2\" class=\"wpforms-field-medium wpforms-field-required\" name=\"wpforms[fields][2]\" required><\/textarea><\/div><\/div><!-- .wpforms-field-container --><div class=\"wpforms-field wpforms-field-hp\"><label for=\"wpforms-593-field-hp\" class=\"wpforms-field-label\">Message<\/label><input type=\"text\" name=\"wpforms[hp]\" id=\"wpforms-593-field-hp\" class=\"wpforms-field-medium\"><\/div><div class=\"wpforms-recaptcha-container wpforms-is-recaptcha wpforms-is-recaptcha-type-v3\" ><input type=\"hidden\" name=\"wpforms[recaptcha]\" value=\"\"><\/div><div class=\"wpforms-submit-container\" ><input type=\"hidden\" name=\"wpforms[id]\" value=\"593\"><input type=\"hidden\" name=\"page_title\" value=\"\"><input type=\"hidden\" name=\"page_url\" value=\"https:\/\/brikardesign.com\/site\/wp-json\/wp\/v2\/pages\/113\"><input type=\"hidden\" name=\"url_referer\" value=\"\"><button type=\"submit\" name=\"wpforms[submit]\" id=\"wpforms-submit-593\" class=\"wpforms-submit\" data-alt-text=\"Envoi...\" data-submit-text=\"Envoyer\" aria-live=\"assertive\" value=\"wpforms-submit\">Envoyer<\/button><\/div><\/form><\/div>  <!-- .wpforms-container --><\/div><\/div> <\/div><\/div> <\/div><\/div>","protected":false},"excerpt":{"rendered":"<p>Nous contacter Vous pouvez nous contacter par courriel ou t\u00e9l\u00e9phone. Pour nous rencontrer \u00e0 nos bureaux sur rendez-vous seulement. Sur rendez-vous Adresse: 5240 rue Ste-Lucie, St-Hubert, Qc. J3Y 2B3 T\u00e9l\u00e9phone: 450 676-0298 Courriel: vente@brikardesign.com Nous suivre: Nous contacter<\/p>\n","protected":false},"author":1,"featured_media":0,"parent":0,"menu_order":0,"comment_status":"closed","ping_status":"closed","template":"pro\/page-templates\/full-width-page.php","meta":{"_monsterinsights_skip_tracking":false,"_monsterinsights_sitenote_active":false,"_monsterinsights_sitenote_note":"","_monsterinsights_sitenote_category":0,"_uf_show_specific_survey":0,"_uf_disable_surveys":false,"footnotes":""},"class_list":["post-113","page","type-page","status-publish","hentry"],"aioseo_notices":[],"_links":{"self":[{"href":"https:\/\/brikardesign.com\/site\/wp-json\/wp\/v2\/pages\/113","targetHints":{"allow":["GET"]}}],"collection":[{"href":"https:\/\/brikardesign.com\/site\/wp-json\/wp\/v2\/pages"}],"about":[{"href":"https:\/\/brikardesign.com\/site\/wp-json\/wp\/v2\/types\/page"}],"author":[{"embeddable":true,"href":"https:\/\/brikardesign.com\/site\/wp-json\/wp\/v2\/users\/1"}],"replies":[{"embeddable":true,"href":"https:\/\/brikardesign.com\/site\/wp-json\/wp\/v2\/comments?post=113"}],"version-history":[{"count":8,"href":"https:\/\/brikardesign.com\/site\/wp-json\/wp\/v2\/pages\/113\/revisions"}],"predecessor-version":[{"id":619,"href":"https:\/\/brikardesign.com\/site\/wp-json\/wp\/v2\/pages\/113\/revisions\/619"}],"wp:attachment":[{"href":"https:\/\/brikardesign.com\/site\/wp-json\/wp\/v2\/media?parent=113"}],"curies":[{"name":"wp","href":"https:\/\/api.w.org\/{rel}","templated":true}]}}