{"id":45582,"date":"2026-01-12T11:00:38","date_gmt":"2026-01-12T16:00:38","guid":{"rendered":"https:\/\/brikardesign.com\/impression\/?post_type=product&#038;p=45582"},"modified":"2026-01-13T13:42:08","modified_gmt":"2026-01-13T18:42:08","slug":"bouteille-blanc-mat-personnalisee","status":"publish","type":"product","link":"https:\/\/brikardesign.com\/impression\/produit\/bouteille-blanc-mat-personnalisee\/","title":{"rendered":"Bouteille blanc mat personnalis\u00e9e"},"content":{"rendered":"<p>CODE 00255-00<br \/>\n<strong>Bouteille blanc mat personnalis\u00e9e 17 oz<\/strong><\/p>\n<p>Fabriqu\u00e9s en acier inoxydable de qualit\u00e9 alimentaire, tout en maintenant les boissons \u00e0 la temp\u00e9rature souhait\u00e9e gr\u00e2ce \u00e0 leur isolation sous vide \u00e0 double paroi. Ces gobelets gardent les boissons froides jusqu&#8217;\u00e0 12 heures et les boissons chaudes pendant 6 heures au maximum.<\/p>\n<p>Id\u00e9al aussi en voiture rentre dans les portes gobelets de voiture.<\/p>\n","protected":false},"excerpt":{"rendered":"<p>CODE 00255-00<br \/>\n<strong>Bouteille finie blanc mat personnalis\u00e9e 17 oz<\/strong><\/p>\n<p>Fabriqu\u00e9s en acier inoxydable de qualit\u00e9 alimentaire, tout en maintenant les boissons \u00e0 la temp\u00e9rature souhait\u00e9e gr\u00e2ce \u00e0 leur isolation sous vide \u00e0 double paroi. Ces gobelets gardent les boissons froides jusqu&#8217;\u00e0 12 heures et les boissons chaudes pendant 6 heures au maximum.<\/p>\n<p>Id\u00e9al aussi en voiture rentre dans les portes gobelets de voiture.<\/p>\n","protected":false},"featured_media":45583,"comment_status":"open","ping_status":"closed","template":"","meta":{"_et_pb_use_builder":"","_et_pb_old_content":"","_et_gb_content_width":""},"product_brand":[],"product_cat":[3524,1854],"product_tag":[3520,3521],"class_list":{"0":"post-45582","1":"product","2":"type-product","3":"status-publish","4":"has-post-thumbnail","6":"product_cat-produits-promotionnels","7":"product_cat-tumbler-bouteille","8":"product_tag-bouteille-finie-blanc-mat-personnalisee","9":"product_tag-sub00255-00","10":"product_shipping_class-purolator","12":"first","13":"instock","14":"taxable","15":"shipping-taxable","16":"purchasable","17":"product-type-simple"},"_links":{"self":[{"href":"https:\/\/brikardesign.com\/impression\/wp-json\/wp\/v2\/product\/45582","targetHints":{"allow":["GET"]}}],"collection":[{"href":"https:\/\/brikardesign.com\/impression\/wp-json\/wp\/v2\/product"}],"about":[{"href":"https:\/\/brikardesign.com\/impression\/wp-json\/wp\/v2\/types\/product"}],"replies":[{"embeddable":true,"href":"https:\/\/brikardesign.com\/impression\/wp-json\/wp\/v2\/comments?post=45582"}],"wp:featuredmedia":[{"embeddable":true,"href":"https:\/\/brikardesign.com\/impression\/wp-json\/wp\/v2\/media\/45583"}],"wp:attachment":[{"href":"https:\/\/brikardesign.com\/impression\/wp-json\/wp\/v2\/media?parent=45582"}],"wp:term":[{"taxonomy":"product_brand","embeddable":true,"href":"https:\/\/brikardesign.com\/impression\/wp-json\/wp\/v2\/product_brand?post=45582"},{"taxonomy":"product_cat","embeddable":true,"href":"https:\/\/brikardesign.com\/impression\/wp-json\/wp\/v2\/product_cat?post=45582"},{"taxonomy":"product_tag","embeddable":true,"href":"https:\/\/brikardesign.com\/impression\/wp-json\/wp\/v2\/product_tag?post=45582"}],"curies":[{"name":"wp","href":"https:\/\/api.w.org\/{rel}","templated":true}]}}