{"id":45553,"date":"2025-12-11T12:57:43","date_gmt":"2025-12-11T17:57:43","guid":{"rendered":"https:\/\/brikardesign.com\/impression\/?post_type=product&#038;p=45553"},"modified":"2025-12-11T16:08:17","modified_gmt":"2025-12-11T21:08:17","slug":"bas-de-noel-boule-de-neige","status":"publish","type":"product","link":"https:\/\/brikardesign.com\/impression\/produit\/bas-de-noel-boule-de-neige\/","title":{"rendered":"Bas de No\u00ebl boule de neige"},"content":{"rendered":"<p>CODE: SUB00119-03<\/p>\n<p><strong>Bas de No\u00ebl\u00a0 Boule de neige<\/strong><\/p>\n<ul>\n<li><span class=\"goog-text-highlight\">Bas de No\u00ebl en toile de lin.\u00a0<\/span><\/li>\n<li><span class=\"\">Mat\u00e9riau naturel en lin de haute qualit\u00e9, \u00e9cologique, s\u00fbr, lavable et durable.\u00a0<\/span><\/li>\n<li>Cordon pour garder le contenu cach\u00e9 pour la grande surprise.<\/li>\n<li>Dimensions approx.: 15 \u2033 x 7 \u2033 (39 cm x18cm)<\/li>\n<li>Nous faire parvenir le nom \u00e0 inscrire sur le bas si d\u00e9sir\u00e9<\/li>\n<li>Peluche vendu s\u00e9par\u00e9ment<\/li>\n<\/ul>\n","protected":false},"excerpt":{"rendered":"<p><strong>Bas de No\u00ebl boule de neige<\/strong><\/p>\n<ul>\n<li><span class=\"goog-text-highlight\">Bas de No\u00ebl en toile de lin.\u00a0<\/span><\/li>\n<\/ul>\n","protected":false},"featured_media":45557,"comment_status":"open","ping_status":"closed","template":"","meta":{"_et_pb_use_builder":"","_et_pb_old_content":"","_et_gb_content_width":""},"product_brand":[],"product_cat":[755],"product_tag":[3507,754],"class_list":{"0":"post-45553","1":"product","2":"type-product","3":"status-publish","4":"has-post-thumbnail","6":"product_cat-noel","7":"product_tag-bas-de-noel-boule-de-neige","8":"product_tag-sub00119-03","9":"product_shipping_class-forfait","11":"first","12":"instock","13":"featured","14":"taxable","15":"shipping-taxable","16":"purchasable","17":"product-type-simple"},"_links":{"self":[{"href":"https:\/\/brikardesign.com\/impression\/wp-json\/wp\/v2\/product\/45553","targetHints":{"allow":["GET"]}}],"collection":[{"href":"https:\/\/brikardesign.com\/impression\/wp-json\/wp\/v2\/product"}],"about":[{"href":"https:\/\/brikardesign.com\/impression\/wp-json\/wp\/v2\/types\/product"}],"replies":[{"embeddable":true,"href":"https:\/\/brikardesign.com\/impression\/wp-json\/wp\/v2\/comments?post=45553"}],"wp:featuredmedia":[{"embeddable":true,"href":"https:\/\/brikardesign.com\/impression\/wp-json\/wp\/v2\/media\/45557"}],"wp:attachment":[{"href":"https:\/\/brikardesign.com\/impression\/wp-json\/wp\/v2\/media?parent=45553"}],"wp:term":[{"taxonomy":"product_brand","embeddable":true,"href":"https:\/\/brikardesign.com\/impression\/wp-json\/wp\/v2\/product_brand?post=45553"},{"taxonomy":"product_cat","embeddable":true,"href":"https:\/\/brikardesign.com\/impression\/wp-json\/wp\/v2\/product_cat?post=45553"},{"taxonomy":"product_tag","embeddable":true,"href":"https:\/\/brikardesign.com\/impression\/wp-json\/wp\/v2\/product_tag?post=45553"}],"curies":[{"name":"wp","href":"https:\/\/api.w.org\/{rel}","templated":true}]}}