{"id":45110,"date":"2025-10-27T13:45:12","date_gmt":"2025-10-27T18:45:12","guid":{"rendered":"https:\/\/brikardesign.com\/impression\/?post_type=product&#038;p=45110"},"modified":"2025-11-05T09:13:40","modified_gmt":"2025-11-05T14:13:40","slug":"petit-sac-pour-cadeaux","status":"publish","type":"product","link":"https:\/\/brikardesign.com\/impression\/produit\/petit-sac-pour-cadeaux\/","title":{"rendered":"Petit sac  pour cadeaux"},"content":{"rendered":"<p>CODE: SUB00247<\/p>\n<p><strong>Petit Sac de No\u00ebl Personnalis\u00e9 \u2013 Pour les petites attentions qui font grand effet !<\/strong><\/p>\n<p>Ajoutez une touche festive et personnelle \u00e0 vos cadeaux avec nos <strong>petits sacs de No\u00ebl personnalis\u00e9s<\/strong> ! Id\u00e9als pour les surprises, les bas de No\u00ebl ou les \u00e9changes entre coll\u00e8gues, ces sacs sont aussi mignons que pratiques.<\/p>\n<p><strong>Caract\u00e9ristiques :<\/strong><\/p>\n<ul>\n<li><strong>Personnalisation avec le pr\u00e9nom ou mot de votre choix<\/strong> \u2013 pour un cadeau unique<\/li>\n<li><strong>Format compact<\/strong> \u2013 parfait pour bijoux, cartes-cadeaux, chocolats ou petits objets<\/li>\n<li><strong>Design joyeux et color\u00e9<\/strong> \u2013 imprim\u00e9 par sublimation pour une finition durable<\/li>\n<li><strong>R\u00e9utilisable et \u00e9cologique<\/strong> \u2013 une belle alternative au papier cadeau<\/li>\n<li><strong>Cr\u00e9ation artisanale au Qu\u00e9bec<\/strong> \u2013 sign\u00e9 BrikarDesign avec amour<\/li>\n<\/ul>\n","protected":false},"excerpt":{"rendered":"<p><strong>Caract\u00e9ristiques :<\/strong><\/p>\n<ul>\n<li><strong>Personnalisation avec le pr\u00e9nom ou mot de votre choix<\/strong> \u2013 pour un cadeau unique envoyer a <a href=\"mailto:vente@brikardesign.com\">vente@brikardesign.com<\/a><\/li>\n<li><strong>Format compact<\/strong> \u2013 parfait pour bijoux, cartes-cadeaux, chocolats ou petits objets<\/li>\n<li><strong>Design joyeux et color\u00e9<\/strong> \u2013 imprim\u00e9 par sublimation pour une finition durable<\/li>\n<li><strong>R\u00e9utilisable et \u00e9cologique<\/strong> \u2013 une belle alternative au papier cadeau<\/li>\n<li><strong>Cr\u00e9ation artisanale au Qu\u00e9bec<\/strong> \u2013 sign\u00e9 BrikarDesign avec amour<\/li>\n<li>Dimensions approx: 8 x 9.5po (20 x24cm)<\/li>\n<\/ul>\n","protected":false},"featured_media":45109,"comment_status":"open","ping_status":"closed","template":"","meta":{"_et_pb_use_builder":"","_et_pb_old_content":"","_et_gb_content_width":""},"product_brand":[],"product_cat":[755],"product_tag":[3464],"class_list":{"0":"post-45110","1":"product","2":"type-product","3":"status-publish","4":"has-post-thumbnail","6":"product_cat-noel","7":"product_tag-petit-sac-de-noel-personnalise","8":"product_shipping_class-purolator","10":"first","11":"instock","12":"taxable","13":"shipping-taxable","14":"purchasable","15":"product-type-simple"},"_links":{"self":[{"href":"https:\/\/brikardesign.com\/impression\/wp-json\/wp\/v2\/product\/45110","targetHints":{"allow":["GET"]}}],"collection":[{"href":"https:\/\/brikardesign.com\/impression\/wp-json\/wp\/v2\/product"}],"about":[{"href":"https:\/\/brikardesign.com\/impression\/wp-json\/wp\/v2\/types\/product"}],"replies":[{"embeddable":true,"href":"https:\/\/brikardesign.com\/impression\/wp-json\/wp\/v2\/comments?post=45110"}],"wp:featuredmedia":[{"embeddable":true,"href":"https:\/\/brikardesign.com\/impression\/wp-json\/wp\/v2\/media\/45109"}],"wp:attachment":[{"href":"https:\/\/brikardesign.com\/impression\/wp-json\/wp\/v2\/media?parent=45110"}],"wp:term":[{"taxonomy":"product_brand","embeddable":true,"href":"https:\/\/brikardesign.com\/impression\/wp-json\/wp\/v2\/product_brand?post=45110"},{"taxonomy":"product_cat","embeddable":true,"href":"https:\/\/brikardesign.com\/impression\/wp-json\/wp\/v2\/product_cat?post=45110"},{"taxonomy":"product_tag","embeddable":true,"href":"https:\/\/brikardesign.com\/impression\/wp-json\/wp\/v2\/product_tag?post=45110"}],"curies":[{"name":"wp","href":"https:\/\/api.w.org\/{rel}","templated":true}]}}