{"id":45078,"date":"2025-10-22T15:19:02","date_gmt":"2025-10-22T20:19:02","guid":{"rendered":"https:\/\/brikardesign.com\/impression\/?post_type=product&#038;p=45078"},"modified":"2025-12-08T14:56:56","modified_gmt":"2025-12-08T19:56:56","slug":"veilleuse-led-avec-lettre-du-prenom-et-un-chat","status":"publish","type":"product","link":"https:\/\/brikardesign.com\/impression\/produit\/veilleuse-led-avec-lettre-du-prenom-et-un-chat\/","title":{"rendered":"Veilleuse LED avec Lettre du pr\u00e9nom et un chat"},"content":{"rendered":"<p><strong>CODE: 00237-09<\/strong><\/p>\n<p>Ajoutez une touche de charme et de chaleur \u00e0 votre int\u00e9rieur avec notre cadre photo LED repr\u00e9sentant la lettre L de Laurie Ce cadre unique est parfait pour relaxer. Il \u00e9met une lumi\u00e8re douce et apaisante, id\u00e9ale pour cr\u00e9er une ambiance chaleureuse dans n&#8217;importe quelle pi\u00e8ce.<\/p>\n<p><strong>Caract\u00e9ristiques:<\/strong><\/p>\n<ul>\n<li><strong>Design unique: L de Laurie <\/strong>\u00a0sous une lumi\u00e8re tendre, imprim\u00e9 avec des d\u00e9tails r\u00e9aliste Premi\u00e8re lettre du pr\u00e9nom personnalis\u00e9<\/li>\n<li><strong>Personnalis\u00e9 gratuitement<\/strong> avec le pr\u00e9nom d\u00e9sir\u00e9<\/li>\n<li><strong>Dimensions approx:<\/strong>\u00a0 5 x 7 po (18 x 13 cm)<\/li>\n<li><strong>\u00c9clairage LED:<\/strong> Lumi\u00e8re douce et \u00e9conome en \u00e9nergie, parfaite pour une utilisation prolong\u00e9e.<\/li>\n<li><strong>Mat\u00e9riaux de qualit\u00e9:<\/strong> Fabriqu\u00e9 avec des mat\u00e9riaux durables tel que acylique et bois<\/li>\n<li><strong>Facile \u00e0 utiliser:<\/strong> Fonctionne avec une prise USB et dispose d&#8217;un interrupteur marche\/arr\u00eat pratique.<\/li>\n<\/ul>\n","protected":false},"excerpt":{"rendered":"<p>Ajoutez une touche de charme et de chaleur \u00e0 votre int\u00e9rieur avec notre cadre photo LED. Ce cadre unique est parfait pour relaxer,\u00a0 Il \u00e9met une lumi\u00e8re douce et apaisante, id\u00e9ale pour cr\u00e9er une ambiance chaleureuse dans n&#8217;importe quelle pi\u00e8ce.<\/p>\n<p><strong>Caract\u00e9ristiques:<\/strong><\/p>\n<ul>\n<li><strong>Design unique:\u00a0 <\/strong>Th\u00e8me prenom sous une lumi\u00e8re tendre, imprim\u00e9 avec des d\u00e9tails r\u00e9alistes., imprim\u00e9 avec des d\u00e9tails r\u00e9alistes.<\/li>\n<li><strong>Dimensions approx:<\/strong>\u00a0 5 x 7 po (18 x 13 cm)<\/li>\n<li><strong>\u00c9clairage LED:<\/strong> Lumi\u00e8re douce et \u00e9conome en \u00e9nergie, parfaite pour une utilisation prolong\u00e9e.<\/li>\n<li><strong>Mat\u00e9riaux de qualit\u00e9:<\/strong> Fabriqu\u00e9 avec des mat\u00e9riaux durables\u00a0 tel que acylique et bois<\/li>\n<li><strong>Facile \u00e0 utiliser:<\/strong> Fonctionne avec une prise USB et dispose d&#8217;un interrupteur marche\/arr\u00eat pratique.<\/li>\n<\/ul>\n","protected":false},"featured_media":45080,"comment_status":"open","ping_status":"closed","template":"","meta":{"_et_pb_use_builder":"","_et_pb_old_content":"","_et_gb_content_width":""},"product_brand":[],"product_cat":[3225],"product_tag":[3452,3451],"class_list":{"0":"post-45078","1":"product","2":"type-product","3":"status-publish","4":"has-post-thumbnail","6":"product_cat-cadre-led","7":"product_tag-sub00237-09","8":"product_tag-veilleuse-led-l-laurie","9":"product_shipping_class-purolator","11":"first","12":"instock","13":"taxable","14":"shipping-taxable","15":"purchasable","16":"product-type-simple"},"_links":{"self":[{"href":"https:\/\/brikardesign.com\/impression\/wp-json\/wp\/v2\/product\/45078","targetHints":{"allow":["GET"]}}],"collection":[{"href":"https:\/\/brikardesign.com\/impression\/wp-json\/wp\/v2\/product"}],"about":[{"href":"https:\/\/brikardesign.com\/impression\/wp-json\/wp\/v2\/types\/product"}],"replies":[{"embeddable":true,"href":"https:\/\/brikardesign.com\/impression\/wp-json\/wp\/v2\/comments?post=45078"}],"wp:featuredmedia":[{"embeddable":true,"href":"https:\/\/brikardesign.com\/impression\/wp-json\/wp\/v2\/media\/45080"}],"wp:attachment":[{"href":"https:\/\/brikardesign.com\/impression\/wp-json\/wp\/v2\/media?parent=45078"}],"wp:term":[{"taxonomy":"product_brand","embeddable":true,"href":"https:\/\/brikardesign.com\/impression\/wp-json\/wp\/v2\/product_brand?post=45078"},{"taxonomy":"product_cat","embeddable":true,"href":"https:\/\/brikardesign.com\/impression\/wp-json\/wp\/v2\/product_cat?post=45078"},{"taxonomy":"product_tag","embeddable":true,"href":"https:\/\/brikardesign.com\/impression\/wp-json\/wp\/v2\/product_tag?post=45078"}],"curies":[{"name":"wp","href":"https:\/\/api.w.org\/{rel}","templated":true}]}}