{"id":45050,"date":"2025-10-07T17:44:57","date_gmt":"2025-10-07T22:44:57","guid":{"rendered":"https:\/\/brikardesign.com\/impression\/?post_type=product&#038;p=45050"},"modified":"2025-10-22T17:24:29","modified_gmt":"2025-10-22T22:24:29","slug":"support-de-bloc-notes-autocollants-personnalises","status":"publish","type":"product","link":"https:\/\/brikardesign.com\/impression\/produit\/support-de-bloc-notes-autocollants-personnalises\/","title":{"rendered":"Support de bloc-notes autocollants personnalis\u00e9s"},"content":{"rendered":"<p><strong>CODE: SUB00246-00<\/strong><\/p>\n<p>Support de bloc-notes autocollants personnalis\u00e9s<br \/>\nAjoutez une dose de bonne humeur \u00e0 votre quotidien avec nos supports \u00e0 blocs-notes illustr\u00e9s! Parfaits pour noter une id\u00e9e brillante, un rappel important ou un petit mot doux, ils collent partout et ne passent jamais inaper\u00e7us.<\/p>\n<p>Points forts :<\/p>\n<p>Format pratique \u00e0 coller sur votre bureau, frigo, agenda ou miroir<br \/>\nIllustrations originales et color\u00e9es sign\u00e9es BrikarDesign<br \/>\nId\u00e9al comme cadeau pour enseignants, coll\u00e8gues, amis ou soi-m\u00eame!<br \/>\nImpression de qualit\u00e9, d\u00e9tails soign\u00e9s et finition impeccable<\/p>\n<p>Personnalisation : Chaque support est con\u00e7u avec amour et peut \u00eatre adapt\u00e9 \u00e0 vos pr\u00e9f\u00e9rences. Vous avez une id\u00e9e de design ou un personnage f\u00e9tiche? Contactez-nous pour une cr\u00e9ation sur mesure!<\/p>\n<p>&nbsp;<\/p>\n<p><strong>Options et pr\u00e9cisions<\/strong><br \/>\nCouleur des feuilles autocollantes : La couleur du bloc-notes peut varier selon les arrivages (rose, jaune, bleu, vert\u2026). Chaque mod\u00e8le est unique et plein de surprises!<br \/>\nChoix du stylo ou crayon : Vous pouvez s\u00e9lectionner votre outil d\u2019\u00e9criture pr\u00e9f\u00e9r\u00e9 : stylo \u00e0 bille, crayon de bois. Indiquez votre choix de texte\u00a0 lors de la commande ou envoy\u00e9 \u00e0 <a href=\"mailto:vente@brikardesign.com\">vente@brikardesign.com<\/a><\/p>\n<div class='et-learn-more et-open clearfix'>\n\t\t\t\t\t<h3 class='heading-more open'>Info<span class='et_learnmore_arrow'><span><\/span><\/span><\/h3>\n\t\t\t\t\t<div class='learn-more-content'>Dimensions: 12.5 x 15 cm ( 5 x 6 po) approx.\nBloc de feuilles couleur al\u00e9atoire\nIllustration fait par sublimation\nSupport : Panneau dur pour sublimation\nFabrication : Cr\u00e9\u00e9 et imprim\u00e9 au Qu\u00e9bec avec soin et passion<\/div>\n\t\t\t\t<\/div>\n","protected":false},"excerpt":{"rendered":"<p><strong>Ajoutez une touche ludique \u00e0 vos notes!<\/strong><br \/>\nNos blocs-notes autocollants personnalis\u00e9s sont illustr\u00e9s avec des designs originaux et color\u00e9s.<br \/>\nParfaits pour le bureau, l\u2019\u00e9cole ou la maison, ils collent partout et font sourire \u00e0 chaque utilisation.<br \/>\nUn petit cadeau pratique et cr\u00e9atif, sign\u00e9 BrikarDesign!<\/p>\n<p><strong>Options et pr\u00e9cisions:<\/strong><br \/>\nCouleur des feuilles autocollantes : La couleur du bloc-notes peut varier selon les arrivages (rose, jaune, bleu, vert\u2026). Chaque mod\u00e8le est unique et plein de surprises!<br \/>\nChoix du stylo ou crayon : Vous pouvez s\u00e9lectionner votre outil d\u2019\u00e9criture pr\u00e9f\u00e9r\u00e9 : stylo \u00e0 bille, crayon de bois. Indiquez votre choix de la gravure lors de la\u00a0 commande.<\/p>\n","protected":false},"featured_media":45034,"comment_status":"open","ping_status":"closed","template":"","meta":{"_et_pb_use_builder":"","_et_pb_old_content":"","_et_gb_content_width":""},"product_brand":[],"product_cat":[19,3433],"product_tag":[3434],"class_list":{"0":"post-45050","1":"product","2":"type-product","3":"status-publish","4":"has-post-thumbnail","6":"product_cat-accessoires-de-bureau","7":"product_cat-support-post-it","8":"product_tag-support-de-bloc-notes-autocollantes-personnalises","9":"product_shipping_class-purolator","11":"first","12":"instock","13":"taxable","14":"shipping-taxable","15":"purchasable","16":"product-type-variable","17":"has-default-attributes"},"_links":{"self":[{"href":"https:\/\/brikardesign.com\/impression\/wp-json\/wp\/v2\/product\/45050","targetHints":{"allow":["GET"]}}],"collection":[{"href":"https:\/\/brikardesign.com\/impression\/wp-json\/wp\/v2\/product"}],"about":[{"href":"https:\/\/brikardesign.com\/impression\/wp-json\/wp\/v2\/types\/product"}],"replies":[{"embeddable":true,"href":"https:\/\/brikardesign.com\/impression\/wp-json\/wp\/v2\/comments?post=45050"}],"wp:featuredmedia":[{"embeddable":true,"href":"https:\/\/brikardesign.com\/impression\/wp-json\/wp\/v2\/media\/45034"}],"wp:attachment":[{"href":"https:\/\/brikardesign.com\/impression\/wp-json\/wp\/v2\/media?parent=45050"}],"wp:term":[{"taxonomy":"product_brand","embeddable":true,"href":"https:\/\/brikardesign.com\/impression\/wp-json\/wp\/v2\/product_brand?post=45050"},{"taxonomy":"product_cat","embeddable":true,"href":"https:\/\/brikardesign.com\/impression\/wp-json\/wp\/v2\/product_cat?post=45050"},{"taxonomy":"product_tag","embeddable":true,"href":"https:\/\/brikardesign.com\/impression\/wp-json\/wp\/v2\/product_tag?post=45050"}],"curies":[{"name":"wp","href":"https:\/\/api.w.org\/{rel}","templated":true}]}}