{"id":44913,"date":"2025-08-03T17:01:14","date_gmt":"2025-08-03T22:01:14","guid":{"rendered":"https:\/\/brikardesign.com\/impression\/?post_type=product&#038;p=44913"},"modified":"2026-01-02T12:26:17","modified_gmt":"2026-01-02T17:26:17","slug":"eventail-pliable-frisbee","status":"publish","type":"product","link":"https:\/\/brikardesign.com\/impression\/produit\/eventail-pliable-frisbee\/","title":{"rendered":"Eventail pliable-frisbee"},"content":{"rendered":"<p>CODE: SUB00244-00<\/p>\n<p>Eventail pliable-frisbee avec pochette \u2014 Deux fois plus fun !<\/p>\n<p>Ajoutez une touche de fra\u00eecheur et de jeu \u00e0 votre \u00e9t\u00e9 avec ce produit 2-en-1 aussi surprenant que pratique. \u00c0 la fois <strong>eventail pliable<\/strong> pour se ventiler en toute \u00e9l\u00e9gance et <strong>frisbee souple<\/strong> pour s\u2019amuser \u00e0 l\u2019ext\u00e9rieur, il combine <strong>utilit\u00e9<\/strong> et <strong>divertissement<\/strong> dans un format compact et l\u00e9ger.<\/p>\n<ul>\n<li><strong>Personnalisable<\/strong> avec vos couleurs, logos ou motifs<\/li>\n<li>\u00a0Se plie facilement pour se glisser dans un sac<\/li>\n<li>Convient aux enfants comme aux adultes<\/li>\n<li>\u00a0Id\u00e9al pour les festivals, les \u00e9v\u00e9nements, les cadeaux d\u2019entreprise ou les journ\u00e9es chaudes<\/li>\n<\/ul>\n<p>Son tissu r\u00e9sistant et sa structure flexible en font un <strong>objet promotionnel original<\/strong> et appr\u00e9ci\u00e9. \u00c0 utiliser au parc, \u00e0 la plage ou m\u00eame au bureau (pour une pause bien m\u00e9rit\u00e9e !).<\/p>\n<p>&nbsp;<\/p>\n","protected":false},"excerpt":{"rendered":"<p>Eventail pliable-frisbee avec pochette \u2014 Deux fois plus fun !<\/p>\n<p>Ajoutez une touche de fra\u00eecheur et de jeu \u00e0 votre \u00e9t\u00e9 avec ce produit 2-en-1 aussi surprenant que pratique. \u00c0 la fois <strong>eventail pliable<\/strong> pour se ventiler en toute \u00e9l\u00e9gance et <strong>frisbee souple<\/strong> pour s\u2019amuser \u00e0 l\u2019ext\u00e9rieur, il combine <strong>utilit\u00e9<\/strong> et <strong>divertissement<\/strong> dans un format compact et l\u00e9ger.<\/p>\n<ul>\n<li><strong>Personnalisable<\/strong> avec vos couleurs, logos ou motifs<\/li>\n<li>\u00a0Se plie facilement pour se glisser dans un sac<\/li>\n<li>Convient aux enfants comme aux adultes<\/li>\n<li>\u00a0Id\u00e9al pour les festivals, les \u00e9v\u00e9nements, les cadeaux d\u2019entreprise ou les journ\u00e9es chaudes<\/li>\n<\/ul>\n<p>Son tissu r\u00e9sistant et sa structure flexible en font un <strong>objet promotionnel original<\/strong> et appr\u00e9ci\u00e9. \u00c0 utiliser au parc, \u00e0 la plage ou m\u00eame au bureau (pour une pause bien m\u00e9rit\u00e9e !).<\/p>\n<p>LIVRAISON GRATUITE POUR CE PODUIT ; CODE PROMO LG<\/p>\n","protected":false},"featured_media":44914,"comment_status":"open","ping_status":"closed","template":"","meta":{"_et_pb_use_builder":"","_et_pb_old_content":"","_et_gb_content_width":""},"product_brand":[],"product_cat":[112],"product_tag":[3382,3383],"class_list":{"0":"post-44913","1":"product","2":"type-product","3":"status-publish","4":"has-post-thumbnail","6":"product_cat-divers","7":"product_tag-eventail-pliable-frisbee","8":"product_tag-sub00244-00","9":"product_shipping_class-livraison","11":"first","12":"instock","13":"taxable","14":"shipping-taxable","15":"purchasable","16":"product-type-simple"},"_links":{"self":[{"href":"https:\/\/brikardesign.com\/impression\/wp-json\/wp\/v2\/product\/44913","targetHints":{"allow":["GET"]}}],"collection":[{"href":"https:\/\/brikardesign.com\/impression\/wp-json\/wp\/v2\/product"}],"about":[{"href":"https:\/\/brikardesign.com\/impression\/wp-json\/wp\/v2\/types\/product"}],"replies":[{"embeddable":true,"href":"https:\/\/brikardesign.com\/impression\/wp-json\/wp\/v2\/comments?post=44913"}],"wp:featuredmedia":[{"embeddable":true,"href":"https:\/\/brikardesign.com\/impression\/wp-json\/wp\/v2\/media\/44914"}],"wp:attachment":[{"href":"https:\/\/brikardesign.com\/impression\/wp-json\/wp\/v2\/media?parent=44913"}],"wp:term":[{"taxonomy":"product_brand","embeddable":true,"href":"https:\/\/brikardesign.com\/impression\/wp-json\/wp\/v2\/product_brand?post=44913"},{"taxonomy":"product_cat","embeddable":true,"href":"https:\/\/brikardesign.com\/impression\/wp-json\/wp\/v2\/product_cat?post=44913"},{"taxonomy":"product_tag","embeddable":true,"href":"https:\/\/brikardesign.com\/impression\/wp-json\/wp\/v2\/product_tag?post=44913"}],"curies":[{"name":"wp","href":"https:\/\/api.w.org\/{rel}","templated":true}]}}