{"id":44692,"date":"2025-06-06T15:04:12","date_gmt":"2025-06-06T20:04:12","guid":{"rendered":"https:\/\/brikardesign.com\/impression\/?post_type=product&#038;p=44692"},"modified":"2025-06-06T15:55:15","modified_gmt":"2025-06-06T20:55:15","slug":"drapeau-de-jardin-camper","status":"publish","type":"product","link":"https:\/\/brikardesign.com\/impression\/produit\/drapeau-de-jardin-camper\/","title":{"rendered":"Drapeau de jardin camper"},"content":{"rendered":"<p>CODE :00140-01<\/p>\n<p><strong>Drapeau de jardin personnalis\u00e9 pour votre terrain de camping<\/strong><\/p>\n<ul>\n<li>Poteau de jardin pour accrocher le drapeau disponible dans nos produits<\/li>\n<li>image sur un c\u00f4t\u00e9 seulement ,<\/li>\n<li>Dimension appros. 10 x 20 po.<\/li>\n<li>Lien du poteau :\u00a0<a href=\"https:\/\/brikardesign.com\/impression\/produit\/poteau-pour-drapeau-de-jardin\/\">https:\/\/brikardesign.com\/impression\/produit\/poteau-pour-drapeau-de-jardin\/<\/a><\/li>\n<\/ul>\n","protected":false},"excerpt":{"rendered":"<p><strong>Drapeau de jardin camper<\/strong><\/p>\n<ul>\n<li>Poteau de jardin pour accrocher le drapeau disponible dans nos produits<\/li>\n<li>image sur un c\u00f4t\u00e9 seulement , poteau vendu s\u00e9par\u00e9ment<\/li>\n<\/ul>\n","protected":false},"featured_media":44695,"comment_status":"open","ping_status":"closed","template":"","meta":{"_et_pb_use_builder":"","_et_pb_old_content":"","_et_gb_content_width":""},"product_brand":[],"product_cat":[3028],"product_tag":[3279],"class_list":{"0":"post-44692","1":"product","2":"type-product","3":"status-publish","4":"has-post-thumbnail","6":"product_cat-drapeau-de-jardin","7":"product_tag-sub00140-01","8":"product_shipping_class-forfait","10":"first","11":"instock","12":"taxable","13":"shipping-taxable","14":"purchasable","15":"product-type-simple"},"_links":{"self":[{"href":"https:\/\/brikardesign.com\/impression\/wp-json\/wp\/v2\/product\/44692","targetHints":{"allow":["GET"]}}],"collection":[{"href":"https:\/\/brikardesign.com\/impression\/wp-json\/wp\/v2\/product"}],"about":[{"href":"https:\/\/brikardesign.com\/impression\/wp-json\/wp\/v2\/types\/product"}],"replies":[{"embeddable":true,"href":"https:\/\/brikardesign.com\/impression\/wp-json\/wp\/v2\/comments?post=44692"}],"wp:featuredmedia":[{"embeddable":true,"href":"https:\/\/brikardesign.com\/impression\/wp-json\/wp\/v2\/media\/44695"}],"wp:attachment":[{"href":"https:\/\/brikardesign.com\/impression\/wp-json\/wp\/v2\/media?parent=44692"}],"wp:term":[{"taxonomy":"product_brand","embeddable":true,"href":"https:\/\/brikardesign.com\/impression\/wp-json\/wp\/v2\/product_brand?post=44692"},{"taxonomy":"product_cat","embeddable":true,"href":"https:\/\/brikardesign.com\/impression\/wp-json\/wp\/v2\/product_cat?post=44692"},{"taxonomy":"product_tag","embeddable":true,"href":"https:\/\/brikardesign.com\/impression\/wp-json\/wp\/v2\/product_tag?post=44692"}],"curies":[{"name":"wp","href":"https:\/\/api.w.org\/{rel}","templated":true}]}}