{"id":44395,"date":"2024-12-01T18:04:53","date_gmt":"2024-12-01T23:04:53","guid":{"rendered":"https:\/\/brikardesign.com\/impression\/?post_type=product&#038;p=44395"},"modified":"2025-12-22T14:30:13","modified_gmt":"2025-12-22T19:30:13","slug":"tasse-isotherme-mat-personnalise","status":"publish","type":"product","link":"https:\/\/brikardesign.com\/impression\/produit\/tasse-isotherme-mat-personnalise\/","title":{"rendered":"Tasse isotherme personnalis\u00e9"},"content":{"rendered":"<p>CODE 00234-00<br \/>\nTasse isotherme<\/p>\n<p>La tasse a caf\u00e9 en acier inoxydable de\u00a0 12 oz (10 oz avec couvercle), isolation \u00e0 double paroi est le cadeau parfait pour les amateurs de plein air !<\/p>\n<p>Avec son couvercle coulissant, r\u00e9sistant \u00e0 la fuite, elle est id\u00e9ale pour le camping ou le bureau.<\/p>\n<p>Elle garde les boissons chaude et froide.<\/p>\n<p><strong>Livr\u00e9 avec une bo\u00eete cadeau<\/strong><\/p>\n<p>Pour une plus grande quantit\u00e9\u00a0 communiquer avec nous.<\/p>\n","protected":false},"excerpt":{"rendered":"<p>Tasse isotherme<\/p>\n<p>La tasse a caf\u00e9 en acier inoxydable de\u00a0 12 oz (10 oz ligne du couvercle), isolation \u00e0 double paroi est le cadeau parfait pour les amateurs de plein air !<\/p>\n<p>Avec son couvercle coulissant, r\u00e9sistant \u00e0 la fuite, elle est id\u00e9ale pour le camping ou le bureau.<\/p>\n<p>&nbsp;<\/p>\n","protected":false},"featured_media":45527,"comment_status":"open","ping_status":"closed","template":"","meta":{"_et_pb_use_builder":"off","_et_pb_old_content":"Tasse \u00e0 caf\u00e9 isotherme Abeilles\r\n<ul>\r\n \t<li>La tasse a caf\u00e9 en acier inoxydable de\u00a0 12 oz (10 oz avec couvercle), isolation \u00e0 double paroi est le cadeau parfait pour les amateurs de plein air !<\/li>\r\n \t<li>Avec son couvercle coulissant, r\u00e9sistant \u00e0 la fuite, elle est id\u00e9ale pour le camping ou le bureau.<\/li>\r\n \t<li>Elle garde les boissons chaude et froide.<\/li>\r\n \t<li><strong>Livr\u00e9 avec une bo\u00eete cadeau<\/strong><\/li>\r\n<\/ul>\r\nPour une plus grande quantit\u00e9\u00a0 communiquer avec nous.","_et_gb_content_width":""},"product_brand":[],"product_cat":[26,2449],"product_tag":[3198,3197],"class_list":{"0":"post-44395","1":"product","2":"type-product","3":"status-publish","4":"has-post-thumbnail","6":"product_cat-tasse","7":"product_cat-tasse-isotherme","8":"product_tag-sub00234-00","9":"product_tag-tasse-isotherme-personnalisee","10":"product_shipping_class-purolator","12":"first","13":"instock","14":"featured","15":"taxable","16":"shipping-taxable","17":"purchasable","18":"product-type-simple"},"_links":{"self":[{"href":"https:\/\/brikardesign.com\/impression\/wp-json\/wp\/v2\/product\/44395","targetHints":{"allow":["GET"]}}],"collection":[{"href":"https:\/\/brikardesign.com\/impression\/wp-json\/wp\/v2\/product"}],"about":[{"href":"https:\/\/brikardesign.com\/impression\/wp-json\/wp\/v2\/types\/product"}],"replies":[{"embeddable":true,"href":"https:\/\/brikardesign.com\/impression\/wp-json\/wp\/v2\/comments?post=44395"}],"wp:featuredmedia":[{"embeddable":true,"href":"https:\/\/brikardesign.com\/impression\/wp-json\/wp\/v2\/media\/45527"}],"wp:attachment":[{"href":"https:\/\/brikardesign.com\/impression\/wp-json\/wp\/v2\/media?parent=44395"}],"wp:term":[{"taxonomy":"product_brand","embeddable":true,"href":"https:\/\/brikardesign.com\/impression\/wp-json\/wp\/v2\/product_brand?post=44395"},{"taxonomy":"product_cat","embeddable":true,"href":"https:\/\/brikardesign.com\/impression\/wp-json\/wp\/v2\/product_cat?post=44395"},{"taxonomy":"product_tag","embeddable":true,"href":"https:\/\/brikardesign.com\/impression\/wp-json\/wp\/v2\/product_tag?post=44395"}],"curies":[{"name":"wp","href":"https:\/\/api.w.org\/{rel}","templated":true}]}}