{"id":44305,"date":"2024-11-11T10:10:29","date_gmt":"2024-11-11T15:10:29","guid":{"rendered":"https:\/\/brikardesign.com\/impression\/?post_type=product&#038;p=44305"},"modified":"2026-01-02T12:56:56","modified_gmt":"2026-01-02T17:56:56","slug":"calendrier-camping","status":"publish","type":"product","link":"https:\/\/brikardesign.com\/impression\/produit\/calendrier-camping\/","title":{"rendered":"Calendrier camping"},"content":{"rendered":"<p><strong>CODE: 00095-06<\/strong><\/p>\n<p><strong>Calendrier camping<\/strong><\/p>\n<p>Cela ressemble \u00e0 une excellente id\u00e9e de cadeau ! Les calendriers perp\u00e9tuels peuvent \u00eatre \u00e0 la fois pratiques et d\u00e9coratifs, et la personnalisation ajoute une touche unique et sp\u00e9ciale. Avec des produits exclusifs de BrikarDesign, vous offrez non seulement un outil utile, mais aussi une pi\u00e8ce de design unique.<\/p>\n<ul>\n<li>Dimension : 11 x9 Po (28 x\u00a0 23 cm)<\/li>\n<li>Image et plaquettes sont faites en aluminium, ce qui donne des couleurs \u00e9clatantes.<\/li>\n<\/ul>\n<p>&#8220;Un cadeau intemporel, personnalis\u00e9 pour vous&#8221; pourrait \u00e9galement capter l&#8217;attention de vos potentiels clients.<\/p>\n<p>Besoin de plus d&#8217;id\u00e9es pour mettre en avant ce cadeau ? Je suis l\u00e0 pour aider !<\/p>\n","protected":false},"excerpt":{"rendered":"<p><strong>Calendrier camping<\/strong><\/p>\n<p>Cela ressemble \u00e0 une excellente id\u00e9e de cadeau ! Les calendriers perp\u00e9tuels peuvent \u00eatre \u00e0 la fois pratiques et d\u00e9coratifs, et la personnalisation ajoute une touche unique et sp\u00e9ciale. Avec des produits exclusifs de BrikarDesign, vous offrez non seulement un outil utile, mais aussi une pi\u00e8ce de design unique.<\/p>\n<ul>\n<li>Dimension : 11 x 9 Po (28 x 23 cm)<\/li>\n<li>Image et plaquettes sont faites en aluminium, ce qui donne des couleurs \u00e9clatantes.<\/li>\n<\/ul>\n<p>&#8220;Un cadeau intemporel, personnalis\u00e9 pour vous&#8221; pourrait \u00e9galement capter l&#8217;attention de vos potentiels clients.<\/p>\n<p>Besoin de plus d&#8217;id\u00e9es pour mettre en avant ce cadeau ? Je suis l\u00e0 pour aider !<\/p>\n","protected":false},"featured_media":44306,"comment_status":"open","ping_status":"closed","template":"","meta":{"_et_pb_use_builder":"","_et_pb_old_content":"","_et_gb_content_width":""},"product_brand":[],"product_cat":[3132],"product_tag":[3142,3143],"class_list":{"0":"post-44305","1":"product","2":"type-product","3":"status-publish","4":"has-post-thumbnail","6":"product_cat-calendrier-perpetuel","7":"product_tag-calendrier-camping","8":"product_tag-sub00095-06","9":"product_shipping_class-purolator","11":"first","12":"onbackorder","13":"taxable","14":"shipping-taxable","15":"purchasable","16":"product-type-simple"},"_links":{"self":[{"href":"https:\/\/brikardesign.com\/impression\/wp-json\/wp\/v2\/product\/44305","targetHints":{"allow":["GET"]}}],"collection":[{"href":"https:\/\/brikardesign.com\/impression\/wp-json\/wp\/v2\/product"}],"about":[{"href":"https:\/\/brikardesign.com\/impression\/wp-json\/wp\/v2\/types\/product"}],"replies":[{"embeddable":true,"href":"https:\/\/brikardesign.com\/impression\/wp-json\/wp\/v2\/comments?post=44305"}],"wp:featuredmedia":[{"embeddable":true,"href":"https:\/\/brikardesign.com\/impression\/wp-json\/wp\/v2\/media\/44306"}],"wp:attachment":[{"href":"https:\/\/brikardesign.com\/impression\/wp-json\/wp\/v2\/media?parent=44305"}],"wp:term":[{"taxonomy":"product_brand","embeddable":true,"href":"https:\/\/brikardesign.com\/impression\/wp-json\/wp\/v2\/product_brand?post=44305"},{"taxonomy":"product_cat","embeddable":true,"href":"https:\/\/brikardesign.com\/impression\/wp-json\/wp\/v2\/product_cat?post=44305"},{"taxonomy":"product_tag","embeddable":true,"href":"https:\/\/brikardesign.com\/impression\/wp-json\/wp\/v2\/product_tag?post=44305"}],"curies":[{"name":"wp","href":"https:\/\/api.w.org\/{rel}","templated":true}]}}