{"id":44287,"date":"2024-11-08T15:10:34","date_gmt":"2024-11-08T20:10:34","guid":{"rendered":"https:\/\/brikardesign.com\/impression\/?post_type=product&#038;p=44287"},"modified":"2025-11-21T17:08:04","modified_gmt":"2025-11-21T22:08:04","slug":"signet-hibouquine","status":"publish","type":"product","link":"https:\/\/brikardesign.com\/impression\/produit\/signet-hibouquine\/","title":{"rendered":"Signet Hibouquine"},"content":{"rendered":"<p>CODE 00096-10<\/p>\n<p><strong>Signet Hibouquine<\/strong><\/p>\n<ul>\n<li>Signets en MDF<\/li>\n<li>Sublim\u00e9 des deux c\u00f4t\u00e9s<\/li>\n<li>Dimensions: 1 x3.2po (2 cm x 9 cm)<\/li>\n<\/ul>\n<p>&nbsp;<\/p>\n","protected":false},"excerpt":{"rendered":"<p>CODE 00096-10<br \/>\nSignet Hibouquine<\/p>\n<p><span style=\"color: #ff0000;\"><strong>Inscrire\u00a0 le CODE PROMO au panier : LG<\/strong><\/span><br \/>\n<span style=\"color: #ff0000;\"><strong>LIVRAISON GRATUITE POUR CE PRODUIT<\/strong><\/span><\/p>\n","protected":false},"featured_media":44288,"comment_status":"open","ping_status":"closed","template":"","meta":{"_et_pb_use_builder":"","_et_pb_old_content":"","_et_gb_content_width":""},"product_brand":[],"product_cat":[3025],"product_tag":[3126,3127],"class_list":{"0":"post-44287","1":"product","2":"type-product","3":"status-publish","4":"has-post-thumbnail","6":"product_cat-signets","7":"product_tag-signet-hibouquine","8":"product_tag-sub00096-10","9":"product_shipping_class-livraison","11":"first","12":"instock","13":"featured","14":"taxable","15":"shipping-taxable","16":"purchasable","17":"product-type-simple"},"_links":{"self":[{"href":"https:\/\/brikardesign.com\/impression\/wp-json\/wp\/v2\/product\/44287","targetHints":{"allow":["GET"]}}],"collection":[{"href":"https:\/\/brikardesign.com\/impression\/wp-json\/wp\/v2\/product"}],"about":[{"href":"https:\/\/brikardesign.com\/impression\/wp-json\/wp\/v2\/types\/product"}],"replies":[{"embeddable":true,"href":"https:\/\/brikardesign.com\/impression\/wp-json\/wp\/v2\/comments?post=44287"}],"wp:featuredmedia":[{"embeddable":true,"href":"https:\/\/brikardesign.com\/impression\/wp-json\/wp\/v2\/media\/44288"}],"wp:attachment":[{"href":"https:\/\/brikardesign.com\/impression\/wp-json\/wp\/v2\/media?parent=44287"}],"wp:term":[{"taxonomy":"product_brand","embeddable":true,"href":"https:\/\/brikardesign.com\/impression\/wp-json\/wp\/v2\/product_brand?post=44287"},{"taxonomy":"product_cat","embeddable":true,"href":"https:\/\/brikardesign.com\/impression\/wp-json\/wp\/v2\/product_cat?post=44287"},{"taxonomy":"product_tag","embeddable":true,"href":"https:\/\/brikardesign.com\/impression\/wp-json\/wp\/v2\/product_tag?post=44287"}],"curies":[{"name":"wp","href":"https:\/\/api.w.org\/{rel}","templated":true}]}}