{"id":44285,"date":"2024-11-08T15:06:56","date_gmt":"2024-11-08T20:06:56","guid":{"rendered":"https:\/\/brikardesign.com\/impression\/?post_type=product&#038;p=44285"},"modified":"2024-11-08T15:47:17","modified_gmt":"2024-11-08T20:47:17","slug":"signet-fleur-sur-fond-blanc","status":"publish","type":"product","link":"https:\/\/brikardesign.com\/impression\/produit\/signet-fleur-sur-fond-blanc\/","title":{"rendered":"Signet fleur sur fond blanc"},"content":{"rendered":"<p>CODE 00096-09<\/p>\n<p><strong>Signet fleur sur fond blanc<\/strong><\/p>\n<ul>\n<li>Signets en MDF<\/li>\n<li>Sublim\u00e9 des deux c\u00f4t\u00e9s<\/li>\n<li>Dimensions: 1 x3.2po (2 cm x 9 cm)<\/li>\n<\/ul>\n<p>&nbsp;<\/p>\n","protected":false},"excerpt":{"rendered":"<p>CODE 00096-09<br \/>\nSignet fleur sur fond blanc<\/p>\n<p><span style=\"color: #ff0000;\"><strong>Inscrire\u00a0 le CODE PROMO au panier : LG<\/strong><\/span><br \/>\n<span style=\"color: #ff0000;\"><strong>LIVRAISON GRATUITE POUR CE PRODUIT<\/strong><\/span><\/p>\n","protected":false},"featured_media":44286,"comment_status":"open","ping_status":"closed","template":"","meta":{"_et_pb_use_builder":"","_et_pb_old_content":"","_et_gb_content_width":""},"product_brand":[],"product_cat":[3025],"product_tag":[3124,3125],"class_list":{"0":"post-44285","1":"product","2":"type-product","3":"status-publish","4":"has-post-thumbnail","6":"product_cat-signets","7":"product_tag-signet-fleur-sur-fond-blanc","8":"product_tag-sub00096-09","9":"product_shipping_class-livraison","11":"first","12":"instock","13":"featured","14":"taxable","15":"shipping-taxable","16":"purchasable","17":"product-type-simple"},"_links":{"self":[{"href":"https:\/\/brikardesign.com\/impression\/wp-json\/wp\/v2\/product\/44285","targetHints":{"allow":["GET"]}}],"collection":[{"href":"https:\/\/brikardesign.com\/impression\/wp-json\/wp\/v2\/product"}],"about":[{"href":"https:\/\/brikardesign.com\/impression\/wp-json\/wp\/v2\/types\/product"}],"replies":[{"embeddable":true,"href":"https:\/\/brikardesign.com\/impression\/wp-json\/wp\/v2\/comments?post=44285"}],"wp:featuredmedia":[{"embeddable":true,"href":"https:\/\/brikardesign.com\/impression\/wp-json\/wp\/v2\/media\/44286"}],"wp:attachment":[{"href":"https:\/\/brikardesign.com\/impression\/wp-json\/wp\/v2\/media?parent=44285"}],"wp:term":[{"taxonomy":"product_brand","embeddable":true,"href":"https:\/\/brikardesign.com\/impression\/wp-json\/wp\/v2\/product_brand?post=44285"},{"taxonomy":"product_cat","embeddable":true,"href":"https:\/\/brikardesign.com\/impression\/wp-json\/wp\/v2\/product_cat?post=44285"},{"taxonomy":"product_tag","embeddable":true,"href":"https:\/\/brikardesign.com\/impression\/wp-json\/wp\/v2\/product_tag?post=44285"}],"curies":[{"name":"wp","href":"https:\/\/api.w.org\/{rel}","templated":true}]}}