{"id":44277,"date":"2024-11-08T14:55:18","date_gmt":"2024-11-08T19:55:18","guid":{"rendered":"https:\/\/brikardesign.com\/impression\/?post_type=product&#038;p=44277"},"modified":"2024-11-08T15:47:17","modified_gmt":"2024-11-08T20:47:17","slug":"signet-lys-bleu-mauve","status":"publish","type":"product","link":"https:\/\/brikardesign.com\/impression\/produit\/signet-lys-bleu-mauve\/","title":{"rendered":"Signet lys bleu-mauve"},"content":{"rendered":"<p>CODE 00096-05<\/p>\n<p><strong>Signet lys bleu-mauve<\/strong><\/p>\n<ul>\n<li>Signets en MDF<\/li>\n<li>Sublim\u00e9 des deux c\u00f4t\u00e9s<\/li>\n<li>Dimensions: 1 x3.2po (2 cm x 9 cm)<\/li>\n<\/ul>\n<p>&nbsp;<\/p>\n","protected":false},"excerpt":{"rendered":"<p>CODE 00096-05<br \/>\nSignet lys bleu-mauve<\/p>\n<p><span style=\"color: #ff0000;\"><strong>Inscrire\u00a0 le CODE PROMO au panier : LG<\/strong><\/span><br \/>\n<span style=\"color: #ff0000;\"><strong>LIVRAISON GRATUITE POUR CE PRODUIT<\/strong><\/span><\/p>\n","protected":false},"featured_media":44278,"comment_status":"open","ping_status":"closed","template":"","meta":{"_et_pb_use_builder":"","_et_pb_old_content":"","_et_gb_content_width":""},"product_brand":[],"product_cat":[3025],"product_tag":[3116,3117],"class_list":{"0":"post-44277","1":"product","2":"type-product","3":"status-publish","4":"has-post-thumbnail","6":"product_cat-signets","7":"product_tag-signet-lys-bleu-mauve","8":"product_tag-sub00096-05","9":"product_shipping_class-livraison","11":"first","12":"instock","13":"featured","14":"taxable","15":"shipping-taxable","16":"purchasable","17":"product-type-simple"},"_links":{"self":[{"href":"https:\/\/brikardesign.com\/impression\/wp-json\/wp\/v2\/product\/44277","targetHints":{"allow":["GET"]}}],"collection":[{"href":"https:\/\/brikardesign.com\/impression\/wp-json\/wp\/v2\/product"}],"about":[{"href":"https:\/\/brikardesign.com\/impression\/wp-json\/wp\/v2\/types\/product"}],"replies":[{"embeddable":true,"href":"https:\/\/brikardesign.com\/impression\/wp-json\/wp\/v2\/comments?post=44277"}],"wp:featuredmedia":[{"embeddable":true,"href":"https:\/\/brikardesign.com\/impression\/wp-json\/wp\/v2\/media\/44278"}],"wp:attachment":[{"href":"https:\/\/brikardesign.com\/impression\/wp-json\/wp\/v2\/media?parent=44277"}],"wp:term":[{"taxonomy":"product_brand","embeddable":true,"href":"https:\/\/brikardesign.com\/impression\/wp-json\/wp\/v2\/product_brand?post=44277"},{"taxonomy":"product_cat","embeddable":true,"href":"https:\/\/brikardesign.com\/impression\/wp-json\/wp\/v2\/product_cat?post=44277"},{"taxonomy":"product_tag","embeddable":true,"href":"https:\/\/brikardesign.com\/impression\/wp-json\/wp\/v2\/product_tag?post=44277"}],"curies":[{"name":"wp","href":"https:\/\/api.w.org\/{rel}","templated":true}]}}