{"id":44119,"date":"2024-08-14T14:24:57","date_gmt":"2024-08-14T19:24:57","guid":{"rendered":"https:\/\/brikardesign.com\/impression\/?post_type=product&#038;p=44119"},"modified":"2024-08-31T13:04:41","modified_gmt":"2024-08-31T18:04:41","slug":"bouteille-isotherme-15-oz-2-couvercles","status":"publish","type":"product","link":"https:\/\/brikardesign.com\/impression\/produit\/bouteille-isotherme-15-oz-2-couvercles\/","title":{"rendered":"Bouteille Duo isotherme 15 oz-2 couvercles"},"content":{"rendered":"<p>CODE 00231-00<br \/>\n<strong>Bouteille Duo isotherme 15oz avec 2 couvercles et paille<\/strong><\/p>\n<p>Les gobelets de 15 onces double paroi isol\u00e9e sont des accessoires pratiques pour ceux qui sont constamment en d\u00e9placement.<\/p>\n<p>Fabriqu\u00e9s en acier inoxydable de qualit\u00e9 alimentaire, tout en maintenant les boissons \u00e0 la temp\u00e9rature souhait\u00e9e gr\u00e2ce \u00e0 leur isolation sous vide \u00e0 double paroi. Ces gobelets gardent les boissons froides jusqu&#8217;\u00e0 12 heures et les boissons chaudes pendant 6 heures au maximum. De plus, ils sont \u00e9quip\u00e9s de couvercles innovants qui pr\u00e9viennent les fuites et permettent une consommation facile, que ce soit directement ou \u00e0 l&#8217;aide de pailles en acier inoxydable.<\/p>\n<p>Avec une capacit\u00e9 de 15 onces, ces gobelets sont parfaits pour contenir une quantit\u00e9 g\u00e9n\u00e9reuse de votre boisson pr\u00e9f\u00e9r\u00e9e, assurant ainsi une hydratation ad\u00e9quate tout au long de la journ\u00e9e.<\/p>\n<p>Id\u00e9al aussi en voiture \u00a0rentre dans les portes gobelets de voiture.<\/p>\n<p>Nous envoyer votre image ou texte \u00e0 <a href=\"mailto:vente@brikardesign.com\">vente@brikardesign.com<\/a><\/p>\n<p>Montage gratuit<\/p>\n","protected":false},"excerpt":{"rendered":"<p>CODE 00231-00<\/p>\n<p><strong>Bouteille Duo isotherme 15oz avec 2 couvercles et paille<\/strong><\/p>\n<p>Les gobelets de 15 onces double paroi isol\u00e9e sont des accessoires pratiques pour ceux qui sont constamment en d\u00e9placement.<\/p>\n<p>Fabriqu\u00e9s en acier inoxydable de qualit\u00e9 alimentaire, tout en maintenant les boissons \u00e0 la temp\u00e9rature souhait\u00e9e gr\u00e2ce \u00e0 leur isolation sous vide \u00e0 double paroi. Ces gobelets gardent les boissons froides jusqu&#8217;\u00e0 12 heures et les boissons chaudes pendant 6 heures au maximum. De plus, ils sont \u00e9quip\u00e9s de couvercles innovants qui pr\u00e9viennent les fuites et permettent une consommation facile, que ce soit directement ou \u00e0 l&#8217;aide de pailles en acier inoxydable.<\/p>\n<p>Avec une capacit\u00e9 de 15 onces, ces gobelets sont parfaits pour contenir une quantit\u00e9 g\u00e9n\u00e9reuse de votre boisson pr\u00e9f\u00e9r\u00e9e, assurant ainsi une hydratation ad\u00e9quate tout au long de la journ\u00e9e.<\/p>\n<p>Id\u00e9al aussi en voiture \u00a0rentre dans les portes gobelets de voiture.<\/p>\n","protected":false},"featured_media":44120,"comment_status":"open","ping_status":"closed","template":"","meta":{"_et_pb_use_builder":"","_et_pb_old_content":"","_et_gb_content_width":""},"product_brand":[],"product_cat":[1854],"product_tag":[3062,3049,3048],"class_list":{"0":"post-44119","1":"product","2":"type-product","3":"status-publish","4":"has-post-thumbnail","6":"product_cat-tumbler-bouteille","7":"product_tag-bouteille-duo-isotherme-15oz","8":"product_tag-sub00231-00","9":"product_tag-tumbler-15oz-2-couvercles","10":"product_shipping_class-purolator","12":"first","13":"instock","14":"taxable","15":"shipping-taxable","16":"purchasable","17":"product-type-simple"},"_links":{"self":[{"href":"https:\/\/brikardesign.com\/impression\/wp-json\/wp\/v2\/product\/44119","targetHints":{"allow":["GET"]}}],"collection":[{"href":"https:\/\/brikardesign.com\/impression\/wp-json\/wp\/v2\/product"}],"about":[{"href":"https:\/\/brikardesign.com\/impression\/wp-json\/wp\/v2\/types\/product"}],"replies":[{"embeddable":true,"href":"https:\/\/brikardesign.com\/impression\/wp-json\/wp\/v2\/comments?post=44119"}],"wp:featuredmedia":[{"embeddable":true,"href":"https:\/\/brikardesign.com\/impression\/wp-json\/wp\/v2\/media\/44120"}],"wp:attachment":[{"href":"https:\/\/brikardesign.com\/impression\/wp-json\/wp\/v2\/media?parent=44119"}],"wp:term":[{"taxonomy":"product_brand","embeddable":true,"href":"https:\/\/brikardesign.com\/impression\/wp-json\/wp\/v2\/product_brand?post=44119"},{"taxonomy":"product_cat","embeddable":true,"href":"https:\/\/brikardesign.com\/impression\/wp-json\/wp\/v2\/product_cat?post=44119"},{"taxonomy":"product_tag","embeddable":true,"href":"https:\/\/brikardesign.com\/impression\/wp-json\/wp\/v2\/product_tag?post=44119"}],"curies":[{"name":"wp","href":"https:\/\/api.w.org\/{rel}","templated":true}]}}