{"id":43963,"date":"2024-06-25T13:55:36","date_gmt":"2024-06-25T18:55:36","guid":{"rendered":"https:\/\/brikardesign.com\/impression\/?post_type=product&#038;p=43963"},"modified":"2024-08-06T05:29:03","modified_gmt":"2024-08-06T10:29:03","slug":"vire-vent-oval-fleur","status":"publish","type":"product","link":"https:\/\/brikardesign.com\/impression\/produit\/vire-vent-oval-fleur\/","title":{"rendered":"Vire-vent oval fleur"},"content":{"rendered":"<p>CODE 00224-02<br \/>\nVire-vent oval fleur<br \/>\nVous cherchez un moyen original et pratique de d\u00e9corer votre espace int\u00e9rieur ou ext\u00e9rieur ? D\u00e9couvrez nos vires-vents (Wind Spinner) personnalisables, qui apportent de la couleur, du mouvement \u00e0 l&#8217;int\u00e9rieur ainsi que de la protection \u00e0 votre jardin.<\/p>\n<p>Vous pouvez les accrocher sur votre porche, votre jardin, ou les utiliser pour cr\u00e9er une ambiance ludique sur votre balcon ou votre aire de jeux pour enfants.<br \/>\nChoisissez parmi nos diff\u00e9rents mod\u00e8les et couleurs, et personnalisez votre vire-vent selon vos envies.<br \/>\nDimensions : 25cm ( 10po) x 10cm( 4po)<\/p>\n","protected":false},"excerpt":{"rendered":"<p>Vous cherchez un moyen original et pratique de d\u00e9corer votre espace int\u00e9rieur ou ext\u00e9rieur ? D\u00e9couvrez nos vires-vents (Wind Spinner) personnalisables, qui apportent de la couleur, du mouvement \u00e0 l&#8217;int\u00e9rieur ainsi que de la protection \u00e0 votre jardin.<\/p>\n<p>Vous pouvez les accrocher sur votre porche, votre jardin, ou les utiliser pour cr\u00e9er une ambiance ludique sur votre balcon ou votre aire de jeux pour enfants.<br \/>\nChoisissez parmi nos diff\u00e9rents mod\u00e8les et couleurs, et personnalisez votre vire-vent selon vos envies.<br \/>\nLe vire-vent peut \u00eatre personnalis\u00e9 avec votre image, simplement nous envoyer votre image . Impression des deux c\u00f4t\u00e9s, avec crochet inclus<\/p>\n","protected":false},"featured_media":43964,"comment_status":"open","ping_status":"closed","template":"","meta":{"_et_pb_use_builder":"","_et_pb_old_content":"","_et_gb_content_width":""},"product_brand":[],"product_cat":[3029],"product_tag":[2950,2949],"class_list":{"0":"post-43963","1":"product","2":"type-product","3":"status-publish","4":"has-post-thumbnail","6":"product_cat-vire-vent-long","7":"product_tag-sub00224-02","8":"product_tag-vire-vent-oval-fleur","9":"product_shipping_class-forfait","11":"first","12":"instock","13":"taxable","14":"shipping-taxable","15":"purchasable","16":"product-type-simple"},"_links":{"self":[{"href":"https:\/\/brikardesign.com\/impression\/wp-json\/wp\/v2\/product\/43963","targetHints":{"allow":["GET"]}}],"collection":[{"href":"https:\/\/brikardesign.com\/impression\/wp-json\/wp\/v2\/product"}],"about":[{"href":"https:\/\/brikardesign.com\/impression\/wp-json\/wp\/v2\/types\/product"}],"replies":[{"embeddable":true,"href":"https:\/\/brikardesign.com\/impression\/wp-json\/wp\/v2\/comments?post=43963"}],"wp:featuredmedia":[{"embeddable":true,"href":"https:\/\/brikardesign.com\/impression\/wp-json\/wp\/v2\/media\/43964"}],"wp:attachment":[{"href":"https:\/\/brikardesign.com\/impression\/wp-json\/wp\/v2\/media?parent=43963"}],"wp:term":[{"taxonomy":"product_brand","embeddable":true,"href":"https:\/\/brikardesign.com\/impression\/wp-json\/wp\/v2\/product_brand?post=43963"},{"taxonomy":"product_cat","embeddable":true,"href":"https:\/\/brikardesign.com\/impression\/wp-json\/wp\/v2\/product_cat?post=43963"},{"taxonomy":"product_tag","embeddable":true,"href":"https:\/\/brikardesign.com\/impression\/wp-json\/wp\/v2\/product_tag?post=43963"}],"curies":[{"name":"wp","href":"https:\/\/api.w.org\/{rel}","templated":true}]}}