{"id":43189,"date":"2024-01-23T16:04:48","date_gmt":"2024-01-23T21:04:48","guid":{"rendered":"https:\/\/brikardesign.com\/impression\/?post_type=product&#038;p=43189"},"modified":"2024-01-23T16:46:15","modified_gmt":"2024-01-23T21:46:15","slug":"chandail-unisexe-manche-raglan-personnalise-royal","status":"publish","type":"product","link":"https:\/\/brikardesign.com\/impression\/produit\/chandail-unisexe-manche-raglan-personnalise-royal\/","title":{"rendered":"Chandail unisexe manche raglan personnalis\u00e9 royal"},"content":{"rendered":"<p>CODE 00115-07<br \/>\n<strong>Chandail unisexe avec manche raglan troyal<\/strong><br \/>\n50\/25\/25 Polyester\/rayon \/coton<br \/>\nManche trois quart<br \/>\nBas fini overlock<\/p>\n<p>Le montage est toujours gratuit.<br \/>\nNous faire parvenir vos textes ou photos si d\u00e9sir\u00e9es pour personnaliser l\u2019affiche \u00e0 vente@brikardesign.com et nous ferons le montage et proc\u00e9derons \u00e0 la sublimation seulement apr\u00e8s votre approbation. Pour des quantit\u00e9s, n\u2019h\u00e9sitez pas \u00e0 communiquer avec nous<\/p>\n<p>&nbsp;<\/p>\n","protected":false},"excerpt":{"rendered":"<p><strong>Chandail unisexe avec manche raglan Royal<\/strong><br \/>\n50\/25\/25 Polyester\/rayon \/coton<br \/>\nManche trois quart<br \/>\nBas fini overlock<\/p>\n","protected":false},"featured_media":32558,"comment_status":"open","ping_status":"closed","template":"","meta":{"_et_pb_use_builder":"","_et_pb_old_content":"","_et_gb_content_width":""},"product_brand":[],"product_cat":[286],"product_tag":[2725,310],"class_list":{"0":"post-43189","1":"product","2":"type-product","3":"status-publish","4":"has-post-thumbnail","6":"product_cat-chandail-unisexe-raglan","7":"product_tag-chandail-unisexe-avec-manche-raglan-troyal","8":"product_tag-sub00115-07","9":"product_shipping_class-purolator","10":"pa_couleur-vintage-bleu","12":"first","13":"instock","14":"taxable","15":"shipping-taxable","16":"purchasable","17":"product-type-variable","18":"has-default-attributes"},"_links":{"self":[{"href":"https:\/\/brikardesign.com\/impression\/wp-json\/wp\/v2\/product\/43189","targetHints":{"allow":["GET"]}}],"collection":[{"href":"https:\/\/brikardesign.com\/impression\/wp-json\/wp\/v2\/product"}],"about":[{"href":"https:\/\/brikardesign.com\/impression\/wp-json\/wp\/v2\/types\/product"}],"replies":[{"embeddable":true,"href":"https:\/\/brikardesign.com\/impression\/wp-json\/wp\/v2\/comments?post=43189"}],"wp:featuredmedia":[{"embeddable":true,"href":"https:\/\/brikardesign.com\/impression\/wp-json\/wp\/v2\/media\/32558"}],"wp:attachment":[{"href":"https:\/\/brikardesign.com\/impression\/wp-json\/wp\/v2\/media?parent=43189"}],"wp:term":[{"taxonomy":"product_brand","embeddable":true,"href":"https:\/\/brikardesign.com\/impression\/wp-json\/wp\/v2\/product_brand?post=43189"},{"taxonomy":"product_cat","embeddable":true,"href":"https:\/\/brikardesign.com\/impression\/wp-json\/wp\/v2\/product_cat?post=43189"},{"taxonomy":"product_tag","embeddable":true,"href":"https:\/\/brikardesign.com\/impression\/wp-json\/wp\/v2\/product_tag?post=43189"}],"curies":[{"name":"wp","href":"https:\/\/api.w.org\/{rel}","templated":true}]}}