{"id":43141,"date":"2024-01-22T17:13:15","date_gmt":"2024-01-22T22:13:15","guid":{"rendered":"https:\/\/brikardesign.com\/impression\/?post_type=product&#038;p=43141"},"modified":"2024-10-25T10:51:29","modified_gmt":"2024-10-25T15:51:29","slug":"chandail-a-capuchon-suis-fatigue-detre-fatigue-rouge","status":"publish","type":"product","link":"https:\/\/brikardesign.com\/impression\/produit\/chandail-a-capuchon-suis-fatigue-detre-fatigue-rouge\/","title":{"rendered":"Chandail \u00e0 capuchon Suis fatigu\u00e9 d&#8217;\u00eatre fatigu\u00e9 rouge"},"content":{"rendered":"<p>CODE 31000-01Rouge<\/p>\n<p><strong>Chandail \u00e0 capuchon couleur &#8220;Suis fatigu\u00e9 d&#8217;\u00eatre fatigu\u00e9, Pace qu&#8217;\u00eatre fatigu\u00e9 c&#8217;est fatiguant&#8221;<\/strong><br \/>\n40% polyester \/ 60%coton<br \/>\nMolleton l\u00e9ger<br \/>\nGrandeur unisexe<br \/>\nCouleur\u00a0 Rouge<\/p>\n","protected":false},"excerpt":{"rendered":"<p><strong>Chandail \u00e0 capuchon couleur &#8220;Suis fatigu\u00e9 d&#8217;\u00eatre fatigu\u00e9, Pace qu&#8217;\u00eatre fatigu\u00e9 c&#8217;est fatiguant&#8221;<\/strong><\/p>\n<p>40% polyester \/ 60%coton<br \/>\nMolleton l\u00e9ger<br \/>\nGrandeur<br \/>\nCouleur rouge<\/p>\n","protected":false},"featured_media":41021,"comment_status":"open","ping_status":"closed","template":"","meta":{"_et_pb_use_builder":"","_et_pb_old_content":"","_et_gb_content_width":""},"product_brand":[],"product_cat":[1315],"product_tag":[1911,1912,2700],"class_list":{"0":"post-43141","1":"product","2":"type-product","3":"status-publish","4":"has-post-thumbnail","6":"product_cat-chandail-capuchon","7":"product_tag-chandail-a-capuchon-suis-fatigue-detre-fatigue","8":"product_tag-sub31000-01","9":"product_tag-sub31000-01rouge","10":"product_shipping_class-purolator","12":"first","13":"instock","14":"taxable","15":"shipping-taxable","16":"purchasable","17":"product-type-variable","18":"has-default-attributes"},"_links":{"self":[{"href":"https:\/\/brikardesign.com\/impression\/wp-json\/wp\/v2\/product\/43141","targetHints":{"allow":["GET"]}}],"collection":[{"href":"https:\/\/brikardesign.com\/impression\/wp-json\/wp\/v2\/product"}],"about":[{"href":"https:\/\/brikardesign.com\/impression\/wp-json\/wp\/v2\/types\/product"}],"replies":[{"embeddable":true,"href":"https:\/\/brikardesign.com\/impression\/wp-json\/wp\/v2\/comments?post=43141"}],"wp:featuredmedia":[{"embeddable":true,"href":"https:\/\/brikardesign.com\/impression\/wp-json\/wp\/v2\/media\/41021"}],"wp:attachment":[{"href":"https:\/\/brikardesign.com\/impression\/wp-json\/wp\/v2\/media?parent=43141"}],"wp:term":[{"taxonomy":"product_brand","embeddable":true,"href":"https:\/\/brikardesign.com\/impression\/wp-json\/wp\/v2\/product_brand?post=43141"},{"taxonomy":"product_cat","embeddable":true,"href":"https:\/\/brikardesign.com\/impression\/wp-json\/wp\/v2\/product_cat?post=43141"},{"taxonomy":"product_tag","embeddable":true,"href":"https:\/\/brikardesign.com\/impression\/wp-json\/wp\/v2\/product_tag?post=43141"}],"curies":[{"name":"wp","href":"https:\/\/api.w.org\/{rel}","templated":true}]}}