{"id":42490,"date":"2024-01-04T09:31:02","date_gmt":"2024-01-04T14:31:02","guid":{"rendered":"https:\/\/brikardesign.com\/impression\/?post_type=product&#038;p=42490"},"modified":"2025-07-14T07:50:29","modified_gmt":"2025-07-14T12:50:29","slug":"bracelet-en-corde-ajustable-marbre-noir","status":"publish","type":"product","link":"https:\/\/brikardesign.com\/impression\/produit\/bracelet-en-corde-ajustable-marbre-noir\/","title":{"rendered":"Bracelet en corde ajustable marbr\u00e9 noir"},"content":{"rendered":"<p>CODE 00212-08<br \/>\n<strong>Bracelet en corde marbr\u00e9 noir<\/strong><\/p>\n<p>Vous cherchez un cadeau original\u00a0 pour vos proches ? D\u00e9couvrez notre bracelet en corde ajustable avec sublimation, un accessoire \u00e9l\u00e9gant et tendance. Le bracelet\u00a0 r\u00e9sistant et confortable \u00e0 porter. La sublimation est une technique d&#8217;impression qui transf\u00e8re les couleurs et les d\u00e9tails de votre image sur l&#8217;aluminium avec une grande fid\u00e9lit\u00e9. Le r\u00e9sultat est durable et ne s&#8217;efface pas avec le temps.<\/p>\n<p>&nbsp;<\/p>\n<p>&nbsp;<\/p>\n","protected":false},"excerpt":{"rendered":"<p>Vous cherchez un cadeau original\u00a0 pour vos proches ? D\u00e9couvrez notre bracelet en corde ajustable avec sublimation, un accessoire \u00e9l\u00e9gant et tendance.<\/p>\n","protected":false},"featured_media":42491,"comment_status":"open","ping_status":"closed","template":"","meta":{"_et_pb_use_builder":"","_et_pb_old_content":"","_et_gb_content_width":""},"product_brand":[],"product_cat":[2516],"product_tag":[2570,2571],"class_list":{"0":"post-42490","1":"product","2":"type-product","3":"status-publish","4":"has-post-thumbnail","6":"product_cat-bracelets","7":"product_tag-bracelet-en-corde-marbre-noir","8":"product_tag-sub00212-08","9":"product_shipping_class-minimumcertains-produits","11":"first","12":"outofstock","13":"taxable","14":"shipping-taxable","15":"purchasable","16":"product-type-simple"},"_links":{"self":[{"href":"https:\/\/brikardesign.com\/impression\/wp-json\/wp\/v2\/product\/42490","targetHints":{"allow":["GET"]}}],"collection":[{"href":"https:\/\/brikardesign.com\/impression\/wp-json\/wp\/v2\/product"}],"about":[{"href":"https:\/\/brikardesign.com\/impression\/wp-json\/wp\/v2\/types\/product"}],"replies":[{"embeddable":true,"href":"https:\/\/brikardesign.com\/impression\/wp-json\/wp\/v2\/comments?post=42490"}],"wp:featuredmedia":[{"embeddable":true,"href":"https:\/\/brikardesign.com\/impression\/wp-json\/wp\/v2\/media\/42491"}],"wp:attachment":[{"href":"https:\/\/brikardesign.com\/impression\/wp-json\/wp\/v2\/media?parent=42490"}],"wp:term":[{"taxonomy":"product_brand","embeddable":true,"href":"https:\/\/brikardesign.com\/impression\/wp-json\/wp\/v2\/product_brand?post=42490"},{"taxonomy":"product_cat","embeddable":true,"href":"https:\/\/brikardesign.com\/impression\/wp-json\/wp\/v2\/product_cat?post=42490"},{"taxonomy":"product_tag","embeddable":true,"href":"https:\/\/brikardesign.com\/impression\/wp-json\/wp\/v2\/product_tag?post=42490"}],"curies":[{"name":"wp","href":"https:\/\/api.w.org\/{rel}","templated":true}]}}