{"id":42438,"date":"2024-01-03T17:45:41","date_gmt":"2024-01-03T22:45:41","guid":{"rendered":"https:\/\/brikardesign.com\/impression\/?post_type=product&#038;p=42438"},"modified":"2025-03-18T17:53:21","modified_gmt":"2025-03-18T22:53:21","slug":"bracelet-en-cuir-ajustable-marbre-bleu","status":"publish","type":"product","link":"https:\/\/brikardesign.com\/impression\/produit\/bracelet-en-cuir-ajustable-marbre-bleu\/","title":{"rendered":"Bracelet en cuir ajustable marbr\u00e9 bleu"},"content":{"rendered":"<p>CODE 00206-03<br \/>\n<strong>Bracelet en cuir marbr\u00e9 bleu<\/strong><\/p>\n<p>Vous cherchez un cadeau original pour vos proches ? D\u00e9couvrez notre bracelet en cuir ajustable avec sublimation, un accessoire \u00e9l\u00e9gant et tendance. Le bracelet est fabriqu\u00e9 en cuir v\u00e9ritable de haute qualit\u00e9, r\u00e9sistant et confortable \u00e0 porter. La sublimation est une technique d&#8217;impression qui transf\u00e8re les couleurs et les d\u00e9tails de votre image sur l&#8217;aluminium avec une grande fid\u00e9lit\u00e9. Le r\u00e9sultat est durable et ne s&#8217;efface pas avec le temps.<\/p>\n<p>&nbsp;<\/p>\n<p>&nbsp;<\/p>\n","protected":false},"excerpt":{"rendered":"<p>Vous cherchez un cadeau original pour vos proches ? D\u00e9couvrez notre bracelet en cuir ajustable avec sublimation, un accessoire \u00e9l\u00e9gant et tendance.<\/p>\n","protected":false},"featured_media":42443,"comment_status":"open","ping_status":"closed","template":"","meta":{"_et_pb_use_builder":"","_et_pb_old_content":"","_et_gb_content_width":""},"product_brand":[],"product_cat":[2516],"product_tag":[2548,2549],"class_list":{"0":"post-42438","1":"product","2":"type-product","3":"status-publish","4":"has-post-thumbnail","6":"product_cat-bracelets","7":"product_tag-bracelet-en-cuir-marbre-bleu","8":"product_tag-sub00206-03","9":"product_shipping_class-minimumcertains-produits","11":"first","12":"instock","13":"taxable","14":"shipping-taxable","15":"purchasable","16":"product-type-simple"},"_links":{"self":[{"href":"https:\/\/brikardesign.com\/impression\/wp-json\/wp\/v2\/product\/42438","targetHints":{"allow":["GET"]}}],"collection":[{"href":"https:\/\/brikardesign.com\/impression\/wp-json\/wp\/v2\/product"}],"about":[{"href":"https:\/\/brikardesign.com\/impression\/wp-json\/wp\/v2\/types\/product"}],"replies":[{"embeddable":true,"href":"https:\/\/brikardesign.com\/impression\/wp-json\/wp\/v2\/comments?post=42438"}],"wp:featuredmedia":[{"embeddable":true,"href":"https:\/\/brikardesign.com\/impression\/wp-json\/wp\/v2\/media\/42443"}],"wp:attachment":[{"href":"https:\/\/brikardesign.com\/impression\/wp-json\/wp\/v2\/media?parent=42438"}],"wp:term":[{"taxonomy":"product_brand","embeddable":true,"href":"https:\/\/brikardesign.com\/impression\/wp-json\/wp\/v2\/product_brand?post=42438"},{"taxonomy":"product_cat","embeddable":true,"href":"https:\/\/brikardesign.com\/impression\/wp-json\/wp\/v2\/product_cat?post=42438"},{"taxonomy":"product_tag","embeddable":true,"href":"https:\/\/brikardesign.com\/impression\/wp-json\/wp\/v2\/product_tag?post=42438"}],"curies":[{"name":"wp","href":"https:\/\/api.w.org\/{rel}","templated":true}]}}