{"id":41192,"date":"2023-05-26T10:28:15","date_gmt":"2023-05-26T15:28:15","guid":{"rendered":"https:\/\/brikardesign.com\/impression\/?post_type=product&#038;p=41192"},"modified":"2025-08-20T21:23:23","modified_gmt":"2025-08-21T02:23:23","slug":"tumbler-enfant-personnalise","status":"publish","type":"product","link":"https:\/\/brikardesign.com\/impression\/produit\/tumbler-enfant-personnalise\/","title":{"rendered":"Tumblers enfant personnalis\u00e9"},"content":{"rendered":"<p>CODE 00187-00<br \/>\nTumblers enfant personnalis\u00e9<br \/>\nCapacit\u00e9 de 12 oz, avec paille et poign\u00e9e<br \/>\nPersonnalis\u00e9e gratuitement envoy\u00e9 \u00e0 <a href=\"mailto:vente@brikardesign.com\">vente@brikardesign.com<\/a><br \/>\nChoix de couleur : bleu, mauve, rose, rouge, noir, vert lime<\/p>\n","protected":false},"excerpt":{"rendered":"<p>Tumblers enfant personnalis\u00e9<br \/>\nCapacit\u00e9 de 12 oz, avec paille et poign\u00e9e<\/p>\n","protected":false},"featured_media":41198,"comment_status":"open","ping_status":"closed","template":"","meta":{"_et_pb_use_builder":"","_et_pb_old_content":"","_et_gb_content_width":""},"product_brand":[],"product_cat":[1854],"product_tag":[2021,2022],"class_list":{"0":"post-41192","1":"product","2":"type-product","3":"status-publish","4":"has-post-thumbnail","6":"product_cat-tumbler-bouteille","7":"product_tag-sub00187-00","8":"product_tag-tumbler-enfant-personnalise","9":"product_shipping_class-purolator","10":"pa_couleur-bleu-royal","11":"pa_couleur-mauve","12":"pa_couleur-noir","13":"pa_couleur-rose-pale","14":"pa_couleur-rouge","15":"pa_couleur-vert-lime","17":"first","18":"instock","19":"taxable","20":"shipping-taxable","21":"purchasable","22":"product-type-variable","23":"has-default-attributes"},"_links":{"self":[{"href":"https:\/\/brikardesign.com\/impression\/wp-json\/wp\/v2\/product\/41192","targetHints":{"allow":["GET"]}}],"collection":[{"href":"https:\/\/brikardesign.com\/impression\/wp-json\/wp\/v2\/product"}],"about":[{"href":"https:\/\/brikardesign.com\/impression\/wp-json\/wp\/v2\/types\/product"}],"replies":[{"embeddable":true,"href":"https:\/\/brikardesign.com\/impression\/wp-json\/wp\/v2\/comments?post=41192"}],"wp:featuredmedia":[{"embeddable":true,"href":"https:\/\/brikardesign.com\/impression\/wp-json\/wp\/v2\/media\/41198"}],"wp:attachment":[{"href":"https:\/\/brikardesign.com\/impression\/wp-json\/wp\/v2\/media?parent=41192"}],"wp:term":[{"taxonomy":"product_brand","embeddable":true,"href":"https:\/\/brikardesign.com\/impression\/wp-json\/wp\/v2\/product_brand?post=41192"},{"taxonomy":"product_cat","embeddable":true,"href":"https:\/\/brikardesign.com\/impression\/wp-json\/wp\/v2\/product_cat?post=41192"},{"taxonomy":"product_tag","embeddable":true,"href":"https:\/\/brikardesign.com\/impression\/wp-json\/wp\/v2\/product_tag?post=41192"}],"curies":[{"name":"wp","href":"https:\/\/api.w.org\/{rel}","templated":true}]}}