{"id":41156,"date":"2023-05-04T10:13:19","date_gmt":"2023-05-04T15:13:19","guid":{"rendered":"https:\/\/brikardesign.com\/impression\/?post_type=product&#038;p=41156"},"modified":"2025-03-18T18:52:18","modified_gmt":"2025-03-18T23:52:18","slug":"tasse-a-cafe-isotherme-chats","status":"publish","type":"product","link":"https:\/\/brikardesign.com\/impression\/produit\/tasse-a-cafe-isotherme-chats\/","title":{"rendered":"Tasse \u00e0 caf\u00e9 isotherme chats"},"content":{"rendered":"<p>CODE 00182-07<br \/>\nTasse \u00e0 caf\u00e9 isotherme Chats<\/p>\n<p>La tasse a caf\u00e9 en acier inoxydable de\u00a0 12 oz (10 oz avec couvercle), isolation \u00e0 double paroi est le cadeau parfait pour les amateurs de plein air !<\/p>\n<p>Avec son couvercle coulissant, r\u00e9sistant \u00e0 la fuite, elle est id\u00e9ale pour le camping ou le bureau.<\/p>\n<p>Elle garde les boissons chaude et froide.<\/p>\n<p><strong>Livr\u00e9 avec une bo\u00eete cadeau<\/strong><\/p>\n<p>Pour une plus grande quantit\u00e9\u00a0 communiquer avec nous.<\/p>\n","protected":false},"excerpt":{"rendered":"<p><strong>Tasse \u00e0 caf\u00e9 isotherme Chats<\/strong><\/p>\n<p>La tasse a caf\u00e9 en acier inoxydable de\u00a0 12 oz (10 oz ligne du couvercle), isolation \u00e0 double paroi est le cadeau parfait pour les amateurs de plein air !<\/p>\n<p>Avec son couvercle coulissant, r\u00e9sistant \u00e0 la fuite, elle est id\u00e9ale pour le camping ou le bureau.<\/p>\n<p>CODE: SUB00182-07<\/p>\n","protected":false},"featured_media":41157,"comment_status":"open","ping_status":"closed","template":"","meta":{"_et_pb_use_builder":"off","_et_pb_old_content":"Tasse \u00e0 caf\u00e9 isotherme Abeilles\r\n<ul>\r\n \t<li>La tasse a caf\u00e9 en acier inoxydable de\u00a0 12 oz (10 oz avec couvercle), isolation \u00e0 double paroi est le cadeau parfait pour les amateurs de plein air !<\/li>\r\n \t<li>Avec son couvercle coulissant, r\u00e9sistant \u00e0 la fuite, elle est id\u00e9ale pour le camping ou le bureau.<\/li>\r\n \t<li>Elle garde les boissons chaude et froide.<\/li>\r\n \t<li><strong>Livr\u00e9 avec une bo\u00eete cadeau<\/strong><\/li>\r\n<\/ul>\r\nPour une plus grande quantit\u00e9\u00a0 communiquer avec nous.","_et_gb_content_width":""},"product_brand":[],"product_cat":[26,2449],"product_tag":[2004,2005,1902],"class_list":{"0":"post-41156","1":"product","2":"type-product","3":"status-publish","4":"has-post-thumbnail","6":"product_cat-tasse","7":"product_cat-tasse-isotherme","8":"product_tag-sub00182-07","9":"product_tag-tasse-a-cafe-isotherme-chats","10":"product_tag-tasse-isotherme-avec-couvercle","11":"product_shipping_class-forfait","13":"first","14":"instock","15":"featured","16":"taxable","17":"shipping-taxable","18":"purchasable","19":"product-type-simple"},"_links":{"self":[{"href":"https:\/\/brikardesign.com\/impression\/wp-json\/wp\/v2\/product\/41156","targetHints":{"allow":["GET"]}}],"collection":[{"href":"https:\/\/brikardesign.com\/impression\/wp-json\/wp\/v2\/product"}],"about":[{"href":"https:\/\/brikardesign.com\/impression\/wp-json\/wp\/v2\/types\/product"}],"replies":[{"embeddable":true,"href":"https:\/\/brikardesign.com\/impression\/wp-json\/wp\/v2\/comments?post=41156"}],"wp:featuredmedia":[{"embeddable":true,"href":"https:\/\/brikardesign.com\/impression\/wp-json\/wp\/v2\/media\/41157"}],"wp:attachment":[{"href":"https:\/\/brikardesign.com\/impression\/wp-json\/wp\/v2\/media?parent=41156"}],"wp:term":[{"taxonomy":"product_brand","embeddable":true,"href":"https:\/\/brikardesign.com\/impression\/wp-json\/wp\/v2\/product_brand?post=41156"},{"taxonomy":"product_cat","embeddable":true,"href":"https:\/\/brikardesign.com\/impression\/wp-json\/wp\/v2\/product_cat?post=41156"},{"taxonomy":"product_tag","embeddable":true,"href":"https:\/\/brikardesign.com\/impression\/wp-json\/wp\/v2\/product_tag?post=41156"}],"curies":[{"name":"wp","href":"https:\/\/api.w.org\/{rel}","templated":true}]}}