{"id":41142,"date":"2023-05-02T17:12:03","date_gmt":"2023-05-02T22:12:03","guid":{"rendered":"https:\/\/brikardesign.com\/impression\/?post_type=product&#038;p=41142"},"modified":"2024-10-27T13:57:19","modified_gmt":"2024-10-27T18:57:19","slug":"porte-cles-cuirette-eclats","status":"publish","type":"product","link":"https:\/\/brikardesign.com\/impression\/produit\/porte-cles-cuirette-eclats\/","title":{"rendered":"Porte-cl\u00e9s cuirette \u00e9clats"},"content":{"rendered":"<p>CODE: SUB00186-01<br \/>\nPorte-cl\u00e9s cuirette \u00e9clats<\/p>\n<ul>\n<li>\u00a0Porte-cl\u00e9s \u00e9l\u00e9gant en cuirette forme chandail<\/li>\n<li>Dimensions approx. :5.5x5cm (2.5po x 2 po)<\/li>\n<li>Impression 2 &#8211; c\u00f4t\u00e9s<\/li>\n<\/ul>\n","protected":false},"excerpt":{"rendered":"<p>Porte-cl\u00e9s cuirette \u00e9clats<\/p>\n<p>&nbsp;<\/p>\n","protected":false},"featured_media":41143,"comment_status":"open","ping_status":"closed","template":"","meta":{"_et_pb_use_builder":"","_et_pb_old_content":"","_et_gb_content_width":""},"product_brand":[],"product_cat":[534],"product_tag":[1993,1994],"class_list":{"0":"post-41142","1":"product","2":"type-product","3":"status-publish","4":"has-post-thumbnail","6":"product_cat-porte-cles","7":"product_tag-porte-cles-cuirette-eclats","8":"product_tag-sub00186-01","9":"product_shipping_class-minimumcertains-produits","11":"first","12":"instock","13":"taxable","14":"shipping-taxable","15":"purchasable","16":"product-type-simple"},"_links":{"self":[{"href":"https:\/\/brikardesign.com\/impression\/wp-json\/wp\/v2\/product\/41142","targetHints":{"allow":["GET"]}}],"collection":[{"href":"https:\/\/brikardesign.com\/impression\/wp-json\/wp\/v2\/product"}],"about":[{"href":"https:\/\/brikardesign.com\/impression\/wp-json\/wp\/v2\/types\/product"}],"replies":[{"embeddable":true,"href":"https:\/\/brikardesign.com\/impression\/wp-json\/wp\/v2\/comments?post=41142"}],"wp:featuredmedia":[{"embeddable":true,"href":"https:\/\/brikardesign.com\/impression\/wp-json\/wp\/v2\/media\/41143"}],"wp:attachment":[{"href":"https:\/\/brikardesign.com\/impression\/wp-json\/wp\/v2\/media?parent=41142"}],"wp:term":[{"taxonomy":"product_brand","embeddable":true,"href":"https:\/\/brikardesign.com\/impression\/wp-json\/wp\/v2\/product_brand?post=41142"},{"taxonomy":"product_cat","embeddable":true,"href":"https:\/\/brikardesign.com\/impression\/wp-json\/wp\/v2\/product_cat?post=41142"},{"taxonomy":"product_tag","embeddable":true,"href":"https:\/\/brikardesign.com\/impression\/wp-json\/wp\/v2\/product_tag?post=41142"}],"curies":[{"name":"wp","href":"https:\/\/api.w.org\/{rel}","templated":true}]}}