{"id":41124,"date":"2023-05-02T15:39:55","date_gmt":"2023-05-02T20:39:55","guid":{"rendered":"https:\/\/brikardesign.com\/impression\/?post_type=product&#038;p=41124"},"modified":"2025-08-20T21:25:22","modified_gmt":"2025-08-21T02:25:22","slug":"porte-cles-cuirette-roulotte","status":"publish","type":"product","link":"https:\/\/brikardesign.com\/impression\/produit\/porte-cles-cuirette-roulotte\/","title":{"rendered":"Porte-cl\u00e9s cuirette roulotte"},"content":{"rendered":"<p>CODE: SUB00184-01<\/p>\n<p><strong>Porte-cl\u00e9s cuirette roulotte<\/strong><\/p>\n<ul>\n<li>\u00a0Porte-cl\u00e9s \u00e9l\u00e9gant en cuirette rectangulaire<\/li>\n<li>Dimensions approx. : 8 x 4cm (3po x 1.5 po)<\/li>\n<li>Impression 2 &#8211; c\u00f4t\u00e9s<\/li>\n<\/ul>\n","protected":false},"excerpt":{"rendered":"<p>Porte-cl\u00e9s cuirette roulotte<\/p>\n<p>&nbsp;<\/p>\n","protected":false},"featured_media":41125,"comment_status":"open","ping_status":"closed","template":"","meta":{"_et_pb_use_builder":"","_et_pb_old_content":"","_et_gb_content_width":""},"product_brand":[],"product_cat":[534],"product_tag":[1974,1975],"class_list":{"0":"post-41124","1":"product","2":"type-product","3":"status-publish","4":"has-post-thumbnail","6":"product_cat-porte-cles","7":"product_tag-porte-cles-cuirette-roulotte","8":"product_tag-sub00184-01","9":"product_shipping_class-minimumcertains-produits","11":"first","12":"onbackorder","13":"taxable","14":"shipping-taxable","15":"purchasable","16":"product-type-simple"},"_links":{"self":[{"href":"https:\/\/brikardesign.com\/impression\/wp-json\/wp\/v2\/product\/41124","targetHints":{"allow":["GET"]}}],"collection":[{"href":"https:\/\/brikardesign.com\/impression\/wp-json\/wp\/v2\/product"}],"about":[{"href":"https:\/\/brikardesign.com\/impression\/wp-json\/wp\/v2\/types\/product"}],"replies":[{"embeddable":true,"href":"https:\/\/brikardesign.com\/impression\/wp-json\/wp\/v2\/comments?post=41124"}],"wp:featuredmedia":[{"embeddable":true,"href":"https:\/\/brikardesign.com\/impression\/wp-json\/wp\/v2\/media\/41125"}],"wp:attachment":[{"href":"https:\/\/brikardesign.com\/impression\/wp-json\/wp\/v2\/media?parent=41124"}],"wp:term":[{"taxonomy":"product_brand","embeddable":true,"href":"https:\/\/brikardesign.com\/impression\/wp-json\/wp\/v2\/product_brand?post=41124"},{"taxonomy":"product_cat","embeddable":true,"href":"https:\/\/brikardesign.com\/impression\/wp-json\/wp\/v2\/product_cat?post=41124"},{"taxonomy":"product_tag","embeddable":true,"href":"https:\/\/brikardesign.com\/impression\/wp-json\/wp\/v2\/product_tag?post=41124"}],"curies":[{"name":"wp","href":"https:\/\/api.w.org\/{rel}","templated":true}]}}