{"id":41050,"date":"2023-04-12T17:44:52","date_gmt":"2023-04-12T22:44:52","guid":{"rendered":"https:\/\/brikardesign.com\/impression\/?post_type=product&#038;p=41050"},"modified":"2025-03-18T17:09:34","modified_gmt":"2025-03-18T22:09:34","slug":"dragonne-porte-cles-teinte-rose","status":"publish","type":"product","link":"https:\/\/brikardesign.com\/impression\/produit\/dragonne-porte-cles-teinte-rose\/","title":{"rendered":"Dragonne porte-cl\u00e9s teinte rose"},"content":{"rendered":"<p>CODE: SUB00183-01<br \/>\nDragonne porte-cl\u00e9s ,<\/p>\n<p>Gardez vos cl\u00e9s \u00e0 port\u00e9 de la main en tissu neoprene<br \/>\nBracelet porte-cl\u00e9s<br \/>\nId\u00e9al aussi pour votre sac \u00e0 main.<\/p>\n<p>Imprim\u00e9 directement par nous au Qu\u00e9bec<\/p>\n<p><strong><span style=\"color: #ff0000;\">\u00a0Inscrire\u00a0 le CODE PROMO au panier : LG<\/span><\/strong><br \/>\n<strong><span style=\"color: #ff9900;\">LIVRAISON GRATUITE POUR CE PRODUIT<\/span><\/strong><\/p>\n","protected":false},"excerpt":{"rendered":"<p>Dragonne porte-cl\u00e9s<\/p>\n<p>Gardez vos cl\u00e9s \u00e0 port\u00e9 de la main,<br \/>\nBracelet porte-cl\u00e9s<\/p>\n<p>CODE : SUB00183-01<br \/>\n<span style=\"color: #ff6600;\"><strong>LIVRAISON GRATUITE POUR CE PRODUIT<\/strong><\/span><\/p>\n","protected":false},"featured_media":41051,"comment_status":"open","ping_status":"closed","template":"","meta":{"_et_pb_use_builder":"","_et_pb_old_content":"","_et_gb_content_width":""},"product_brand":[],"product_cat":[534],"product_tag":[1921,1922],"class_list":{"0":"post-41050","1":"product","2":"type-product","3":"status-publish","4":"has-post-thumbnail","6":"product_cat-porte-cles","7":"product_tag-dragonne-porte-cles","8":"product_tag-sub000183-01","9":"product_shipping_class-livraison","11":"first","12":"instock","13":"taxable","14":"shipping-taxable","15":"purchasable","16":"product-type-simple"},"_links":{"self":[{"href":"https:\/\/brikardesign.com\/impression\/wp-json\/wp\/v2\/product\/41050","targetHints":{"allow":["GET"]}}],"collection":[{"href":"https:\/\/brikardesign.com\/impression\/wp-json\/wp\/v2\/product"}],"about":[{"href":"https:\/\/brikardesign.com\/impression\/wp-json\/wp\/v2\/types\/product"}],"replies":[{"embeddable":true,"href":"https:\/\/brikardesign.com\/impression\/wp-json\/wp\/v2\/comments?post=41050"}],"wp:featuredmedia":[{"embeddable":true,"href":"https:\/\/brikardesign.com\/impression\/wp-json\/wp\/v2\/media\/41051"}],"wp:attachment":[{"href":"https:\/\/brikardesign.com\/impression\/wp-json\/wp\/v2\/media?parent=41050"}],"wp:term":[{"taxonomy":"product_brand","embeddable":true,"href":"https:\/\/brikardesign.com\/impression\/wp-json\/wp\/v2\/product_brand?post=41050"},{"taxonomy":"product_cat","embeddable":true,"href":"https:\/\/brikardesign.com\/impression\/wp-json\/wp\/v2\/product_cat?post=41050"},{"taxonomy":"product_tag","embeddable":true,"href":"https:\/\/brikardesign.com\/impression\/wp-json\/wp\/v2\/product_tag?post=41050"}],"curies":[{"name":"wp","href":"https:\/\/api.w.org\/{rel}","templated":true}]}}