{"id":41033,"date":"2023-04-03T08:30:51","date_gmt":"2023-04-03T13:30:51","guid":{"rendered":"https:\/\/brikardesign.com\/impression\/?post_type=product&#038;p=41033"},"modified":"2025-01-05T12:16:16","modified_gmt":"2025-01-05T17:16:16","slug":"porte-cles-cuirette-maman","status":"publish","type":"product","link":"https:\/\/brikardesign.com\/impression\/produit\/porte-cles-cuirette-maman\/","title":{"rendered":"Porte-cl\u00e9s cuirette Maman"},"content":{"rendered":"<p>CODE: SUB00126-01<\/p>\n<p><strong>Porte-cl\u00e9s cuirette Maman<\/strong><\/p>\n<ul>\n<li>\u00a0Porte-cl\u00e9s \u00e9l\u00e9gant en cuirette rod<\/li>\n<li>Dimensions : 5cm (2po)<\/li>\n<li>Impression 2 &#8211; c\u00f4t\u00e9s<\/li>\n<\/ul>\n","protected":false},"excerpt":{"rendered":"<p>Porte cl\u00e9s cuirette Maman rond<\/p>\n<p>&nbsp;<\/p>\n","protected":false},"featured_media":41034,"comment_status":"open","ping_status":"closed","template":"","meta":{"_et_pb_use_builder":"","_et_pb_old_content":"","_et_gb_content_width":""},"product_brand":[],"product_cat":[534],"product_tag":[1915,1916],"class_list":{"0":"post-41033","1":"product","2":"type-product","3":"status-publish","4":"has-post-thumbnail","6":"product_cat-porte-cles","7":"product_tag-porte-cles-cuirette-maman","8":"product_tag-sub00126-01","9":"product_shipping_class-minimumcertains-produits","11":"first","12":"instock","13":"taxable","14":"shipping-taxable","15":"purchasable","16":"product-type-simple"},"_links":{"self":[{"href":"https:\/\/brikardesign.com\/impression\/wp-json\/wp\/v2\/product\/41033","targetHints":{"allow":["GET"]}}],"collection":[{"href":"https:\/\/brikardesign.com\/impression\/wp-json\/wp\/v2\/product"}],"about":[{"href":"https:\/\/brikardesign.com\/impression\/wp-json\/wp\/v2\/types\/product"}],"replies":[{"embeddable":true,"href":"https:\/\/brikardesign.com\/impression\/wp-json\/wp\/v2\/comments?post=41033"}],"wp:featuredmedia":[{"embeddable":true,"href":"https:\/\/brikardesign.com\/impression\/wp-json\/wp\/v2\/media\/41034"}],"wp:attachment":[{"href":"https:\/\/brikardesign.com\/impression\/wp-json\/wp\/v2\/media?parent=41033"}],"wp:term":[{"taxonomy":"product_brand","embeddable":true,"href":"https:\/\/brikardesign.com\/impression\/wp-json\/wp\/v2\/product_brand?post=41033"},{"taxonomy":"product_cat","embeddable":true,"href":"https:\/\/brikardesign.com\/impression\/wp-json\/wp\/v2\/product_cat?post=41033"},{"taxonomy":"product_tag","embeddable":true,"href":"https:\/\/brikardesign.com\/impression\/wp-json\/wp\/v2\/product_tag?post=41033"}],"curies":[{"name":"wp","href":"https:\/\/api.w.org\/{rel}","templated":true}]}}