{"id":40094,"date":"2022-11-30T10:58:51","date_gmt":"2022-11-30T15:58:51","guid":{"rendered":"https:\/\/brikardesign.com\/impression\/?post_type=product&#038;p=40094"},"modified":"2025-08-20T21:23:07","modified_gmt":"2025-08-21T02:23:07","slug":"bouteille-deau-gnome-chien","status":"publish","type":"product","link":"https:\/\/brikardesign.com\/impression\/produit\/bouteille-deau-gnome-chien\/","title":{"rendered":"Bouteille d&#8217;eau gnome et chien"},"content":{"rendered":"<p><strong>Bouteille d&#8217;eau gnome et chien de 20 oz<\/strong><\/p>\n<p>Technologie d&#8217;isolation sous vide \u00e0 double paroi, la pr\u00e9vention de la chaleur gardera votre boisson froide pendant plus de 12 heures ou votre caf\u00e9 chaud pendant plus de 6 heures.<\/p>\n<p>&nbsp;<\/p>\n<p>&nbsp;<\/p>\n","protected":false},"excerpt":{"rendered":"<p><strong>Bouteille d&#8217;eau\u00a0 de 20 oz gnome et chien<\/strong><\/p>\n<p>Technologie d&#8217;isolation sous vide \u00e0 double paroi, la pr\u00e9vention de la chaleur gardera votre boisson froide pendant plus de 12 heures ou votre caf\u00e9 chaud pendant plus de 6 heures.<\/p>\n<p>&nbsp;<\/p>\n","protected":false},"featured_media":40096,"comment_status":"open","ping_status":"closed","template":"","meta":{"_et_pb_use_builder":"","_et_pb_old_content":"","_et_gb_content_width":""},"product_brand":[],"product_cat":[1854],"product_tag":[1807,1806],"class_list":{"0":"post-40094","1":"product","2":"type-product","3":"status-publish","4":"has-post-thumbnail","6":"product_cat-tumbler-bouteille","7":"product_tag-bouteille-avec-gnome-et-chien","8":"product_tag-sub00180-01","9":"product_shipping_class-purolator","11":"first","12":"onbackorder","13":"taxable","14":"shipping-taxable","15":"purchasable","16":"product-type-simple"},"_links":{"self":[{"href":"https:\/\/brikardesign.com\/impression\/wp-json\/wp\/v2\/product\/40094","targetHints":{"allow":["GET"]}}],"collection":[{"href":"https:\/\/brikardesign.com\/impression\/wp-json\/wp\/v2\/product"}],"about":[{"href":"https:\/\/brikardesign.com\/impression\/wp-json\/wp\/v2\/types\/product"}],"replies":[{"embeddable":true,"href":"https:\/\/brikardesign.com\/impression\/wp-json\/wp\/v2\/comments?post=40094"}],"wp:featuredmedia":[{"embeddable":true,"href":"https:\/\/brikardesign.com\/impression\/wp-json\/wp\/v2\/media\/40096"}],"wp:attachment":[{"href":"https:\/\/brikardesign.com\/impression\/wp-json\/wp\/v2\/media?parent=40094"}],"wp:term":[{"taxonomy":"product_brand","embeddable":true,"href":"https:\/\/brikardesign.com\/impression\/wp-json\/wp\/v2\/product_brand?post=40094"},{"taxonomy":"product_cat","embeddable":true,"href":"https:\/\/brikardesign.com\/impression\/wp-json\/wp\/v2\/product_cat?post=40094"},{"taxonomy":"product_tag","embeddable":true,"href":"https:\/\/brikardesign.com\/impression\/wp-json\/wp\/v2\/product_tag?post=40094"}],"curies":[{"name":"wp","href":"https:\/\/api.w.org\/{rel}","templated":true}]}}