{"id":39881,"date":"2022-11-26T17:47:47","date_gmt":"2022-11-26T22:47:47","guid":{"rendered":"https:\/\/brikardesign.com\/impression\/?post_type=product&#038;p=39881"},"modified":"2025-08-20T21:23:07","modified_gmt":"2025-08-21T02:23:07","slug":"tumbler-chat-ordinateur-mauve","status":"publish","type":"product","link":"https:\/\/brikardesign.com\/impression\/produit\/tumbler-chat-ordinateur-mauve\/","title":{"rendered":"Tumbler chat ordinateur mauve"},"content":{"rendered":"<p>CODE 00175-07<br \/>\n<strong>Tumbler chat ordinateur mauve 20oz avec couvercle et paille<\/strong><\/p>\n<p>Une belle id\u00e9e cadeaux pour les \u00e9tudiants<\/p>\n<p>Tumbler droit<\/p>\n<p><span class=\"a-list-item\">Conservation de la chaleur \u00e0 long terme : l&#8217;isolation sous vide \u00e0 double paroi verrouille facilement la temp\u00e9rature et permet de mieux tenir le caf\u00e9, le th\u00e9, le lait, le latte, le cacao chaud pendant une longue p\u00e9riode, profitez du go\u00fbt original de la boisson pendant le fitness, les voyages, les pique-niques et d&#8217;autres occasions.<\/span><\/p>\n<p><span class=\"a-list-item\">Durable et s\u00fbr : fabriqu\u00e9 en acier inoxydable 304 de qualit\u00e9 alimentaire, r\u00e9sistant \u00e0 la corrosion, tous ont des couvercles anti\u00e9claboussures et une base en silicone pour \u00e9viter de glisser.\u00a0<\/span><\/p>\n<p><span class=\"a-list-item\">Boites\u00a0 : chaque gobelet est livr\u00e9 dans une bo\u00eete qui inclus une paille en acier inoxydable et une petite brosse .<\/span><\/p>\n<p><span class=\"a-list-item\"> Un cadeau pratique pour vos amis et votre famille, m\u00eame une petite entreprise pour les cadeaux des clients. Parfait pour No\u00ebl,<\/span><\/p>\n","protected":false},"excerpt":{"rendered":"<p><strong>Tumbler chat 20oz avec couvercle et paille<\/strong><\/p>\n<ul>\n<li>Une belle id\u00e9e cadeaux pour les \u00e9tudiants<\/li>\n<li>Tumbler droit<\/li>\n<\/ul>\n","protected":false},"featured_media":39882,"comment_status":"open","ping_status":"closed","template":"","meta":{"_et_pb_use_builder":"","_et_pb_old_content":"","_et_gb_content_width":""},"product_brand":[],"product_cat":[1854],"product_tag":[1749,1750],"class_list":{"0":"post-39881","1":"product","2":"type-product","3":"status-publish","4":"has-post-thumbnail","6":"product_cat-tumbler-bouteille","7":"product_tag-sub00175-07","8":"product_tag-tumbler-chat-ordinateur-mauve","9":"product_shipping_class-purolator","11":"first","12":"onbackorder","13":"taxable","14":"shipping-taxable","15":"purchasable","16":"product-type-simple"},"_links":{"self":[{"href":"https:\/\/brikardesign.com\/impression\/wp-json\/wp\/v2\/product\/39881","targetHints":{"allow":["GET"]}}],"collection":[{"href":"https:\/\/brikardesign.com\/impression\/wp-json\/wp\/v2\/product"}],"about":[{"href":"https:\/\/brikardesign.com\/impression\/wp-json\/wp\/v2\/types\/product"}],"replies":[{"embeddable":true,"href":"https:\/\/brikardesign.com\/impression\/wp-json\/wp\/v2\/comments?post=39881"}],"wp:featuredmedia":[{"embeddable":true,"href":"https:\/\/brikardesign.com\/impression\/wp-json\/wp\/v2\/media\/39882"}],"wp:attachment":[{"href":"https:\/\/brikardesign.com\/impression\/wp-json\/wp\/v2\/media?parent=39881"}],"wp:term":[{"taxonomy":"product_brand","embeddable":true,"href":"https:\/\/brikardesign.com\/impression\/wp-json\/wp\/v2\/product_brand?post=39881"},{"taxonomy":"product_cat","embeddable":true,"href":"https:\/\/brikardesign.com\/impression\/wp-json\/wp\/v2\/product_cat?post=39881"},{"taxonomy":"product_tag","embeddable":true,"href":"https:\/\/brikardesign.com\/impression\/wp-json\/wp\/v2\/product_tag?post=39881"}],"curies":[{"name":"wp","href":"https:\/\/api.w.org\/{rel}","templated":true}]}}