{"id":39698,"date":"2022-10-26T09:21:25","date_gmt":"2022-10-26T14:21:25","guid":{"rendered":"https:\/\/brikardesign.com\/impression\/?post_type=product&#038;p=39698"},"modified":"2025-08-20T21:23:07","modified_gmt":"2025-08-21T02:23:07","slug":"thermos-chat-ordinateur","status":"publish","type":"product","link":"https:\/\/brikardesign.com\/impression\/produit\/thermos-chat-ordinateur\/","title":{"rendered":"Thermos Chat ordinateur bleu"},"content":{"rendered":"<p>code 00178-05<\/p>\n<p><strong>Thermos Chat ordinateur bleu<\/strong><\/p>\n<p>La bouteille thermos en acier inoxydable \u00e0 double paroi garde les boissons au frais ou au chaud de mani\u00e8re fiable.<\/p>\n<p>Contenu approx.: de 500 ml (18 onces)<\/p>\n<p>Le design du filetage de vis pivote plus fermement sans fuite.<\/p>\n<p>Vous pouvez \u00e9galement\u00a0 verser le liquide dans le couvercle pour boire .<\/p>\n<p>Cordon inclus.<\/p>\n<p>Le produits peut \u00eatre personnalis\u00e9 avec un nom gratuitement. ajouter une note ou envoyer \u00e0 <a href=\"mailto:vente@brikardesign.com\">vente@brikardesign.com<\/a><\/p>\n<p>Ces thermos de voyage sont adapt\u00e9s pour \u00eatre utilis\u00e9s \u00e0 la maison, bureau, \u00e9cole.<\/p>\n<p>Une belle id\u00e9e cadeau<\/p>\n","protected":false},"excerpt":{"rendered":"<p><strong>Thermos Chat ordinateur<\/strong><\/p>\n<ul>\n<li>La bouteille thermos en acier inoxydable \u00e0 double paroi garde les boissons au frais ou au chaud de mani\u00e8re fiable.<\/li>\n<li>Contenu approx.: de 500 ml (18 onces)<\/li>\n<li>Le produits peut \u00eatre personnalis\u00e9 avec un nom gratuitement. ajouter une note ou envoyer \u00e0 <a href=\"mailto:vente@brikardesign.com\">vente@brikardesign.com<\/a><\/li>\n<\/ul>\n","protected":false},"featured_media":39699,"comment_status":"open","ping_status":"closed","template":"","meta":{"_et_pb_use_builder":"","_et_pb_old_content":"","_et_gb_content_width":""},"product_brand":[],"product_cat":[1854],"product_tag":[1715,1714],"class_list":{"0":"post-39698","1":"product","2":"type-product","3":"status-publish","4":"has-post-thumbnail","6":"product_cat-tumbler-bouteille","7":"product_tag-sub000178-05","8":"product_tag-thermos-chat-ordinateur","9":"product_shipping_class-purolator","11":"first","12":"onbackorder","13":"featured","14":"taxable","15":"shipping-taxable","16":"purchasable","17":"product-type-simple"},"_links":{"self":[{"href":"https:\/\/brikardesign.com\/impression\/wp-json\/wp\/v2\/product\/39698","targetHints":{"allow":["GET"]}}],"collection":[{"href":"https:\/\/brikardesign.com\/impression\/wp-json\/wp\/v2\/product"}],"about":[{"href":"https:\/\/brikardesign.com\/impression\/wp-json\/wp\/v2\/types\/product"}],"replies":[{"embeddable":true,"href":"https:\/\/brikardesign.com\/impression\/wp-json\/wp\/v2\/comments?post=39698"}],"wp:featuredmedia":[{"embeddable":true,"href":"https:\/\/brikardesign.com\/impression\/wp-json\/wp\/v2\/media\/39699"}],"wp:attachment":[{"href":"https:\/\/brikardesign.com\/impression\/wp-json\/wp\/v2\/media?parent=39698"}],"wp:term":[{"taxonomy":"product_brand","embeddable":true,"href":"https:\/\/brikardesign.com\/impression\/wp-json\/wp\/v2\/product_brand?post=39698"},{"taxonomy":"product_cat","embeddable":true,"href":"https:\/\/brikardesign.com\/impression\/wp-json\/wp\/v2\/product_cat?post=39698"},{"taxonomy":"product_tag","embeddable":true,"href":"https:\/\/brikardesign.com\/impression\/wp-json\/wp\/v2\/product_tag?post=39698"}],"curies":[{"name":"wp","href":"https:\/\/api.w.org\/{rel}","templated":true}]}}