{"id":39613,"date":"2022-10-19T16:13:48","date_gmt":"2022-10-19T21:13:48","guid":{"rendered":"https:\/\/brikardesign.com\/impression\/?post_type=product&#038;p=39613"},"modified":"2023-02-21T13:30:22","modified_gmt":"2023-02-21T18:30:22","slug":"tapis-de-chargement-w05-love","status":"publish","type":"product","link":"https:\/\/brikardesign.com\/impression\/produit\/tapis-de-chargement-w05-love\/","title":{"rendered":"Tapis de chargement W05 Love"},"content":{"rendered":"<p><strong>Tapis de chargement W05 Love<\/strong><\/p>\n<p>Profitez d&#8217;une exp\u00e9rience de chargement sans tracas avec le tapis de chargement sans fil.<\/p>\n<p>Personnalis\u00e9 avec votre image ou logo.<\/p>\n<p>Le tapis de chargement se branche directement au r\u00e9seau \u00e9lectrique.<\/p>\n<p>Pour charger votre t\u00e9l\u00e9phone, il suffit de le placer sur le socle et de laisser la batterie se remplir.<\/p>\n<ul>\n<li>Bo\u00eetier en plastique<\/li>\n<li>C\u00e2ble d\u2019alimentation inclus<\/li>\n<li>Dimensions : 7cm x larg. 7cm<\/li>\n<li>Impression couleur sur le dessus<\/li>\n<li>Compatible avec tous les t\u00e9l\u00e9phones \u00e9quip\u00e9s du syst\u00e8me Qi (chargement sans fil) (SE2020 et plus)<\/li>\n<\/ul>\n<p><span style=\"color: #ff0000;\"><strong>Le montage est toujours gratuit.<\/strong><\/span><br \/>\n<strong>Nous faire parvenir vos textes ou photos si d\u00e9sir\u00e9es pour personnaliser l\u2019affiche \u00e0 vente@brikardesign.com et nous ferons le montage et proc\u00e9derons \u00e0 l&#8217;impression\u00a0 seulement apr\u00e8s votre approbation.<\/strong><\/p>\n","protected":false},"excerpt":{"rendered":"<p><strong>Tapis de chargement W05 Love<\/strong><\/p>\n<p>Profitez d&#8217;une exp\u00e9rience de chargement sans tracas avec le tapis de chargement sans fil.<\/p>\n<p>Personnalis\u00e9 avec votre image ou logo.<\/p>\n<p>Pour charger votre t\u00e9l\u00e9phone, il suffit de le placer sur le socle et de laisser la batterie se remplir.<br \/>\n<strong>Nous faire parvenir vos textes ou photos si d\u00e9sir\u00e9es pour personnaliser l\u2019affiche \u00e0 vente@brikardesign.com et nous ferons le montage et proc\u00e9derons \u00e0 l&#8217;impression\u00a0 seulement apr\u00e8s votre approbation.<\/strong><\/p>\n","protected":false},"featured_media":39612,"comment_status":"open","ping_status":"closed","template":"","meta":{"_et_pb_use_builder":"","_et_pb_old_content":"","_et_gb_content_width":""},"product_brand":[],"product_cat":[19],"product_tag":[1681,1680],"class_list":{"0":"post-39613","1":"product","2":"type-product","3":"status-publish","4":"has-post-thumbnail","6":"product_cat-accessoires-de-bureau","7":"product_tag-sub00167-02","8":"product_tag-tapis-de-chargement-w05-love","9":"product_shipping_class-forfait","11":"first","12":"instock","13":"taxable","14":"shipping-taxable","15":"purchasable","16":"product-type-simple"},"_links":{"self":[{"href":"https:\/\/brikardesign.com\/impression\/wp-json\/wp\/v2\/product\/39613","targetHints":{"allow":["GET"]}}],"collection":[{"href":"https:\/\/brikardesign.com\/impression\/wp-json\/wp\/v2\/product"}],"about":[{"href":"https:\/\/brikardesign.com\/impression\/wp-json\/wp\/v2\/types\/product"}],"replies":[{"embeddable":true,"href":"https:\/\/brikardesign.com\/impression\/wp-json\/wp\/v2\/comments?post=39613"}],"wp:featuredmedia":[{"embeddable":true,"href":"https:\/\/brikardesign.com\/impression\/wp-json\/wp\/v2\/media\/39612"}],"wp:attachment":[{"href":"https:\/\/brikardesign.com\/impression\/wp-json\/wp\/v2\/media?parent=39613"}],"wp:term":[{"taxonomy":"product_brand","embeddable":true,"href":"https:\/\/brikardesign.com\/impression\/wp-json\/wp\/v2\/product_brand?post=39613"},{"taxonomy":"product_cat","embeddable":true,"href":"https:\/\/brikardesign.com\/impression\/wp-json\/wp\/v2\/product_cat?post=39613"},{"taxonomy":"product_tag","embeddable":true,"href":"https:\/\/brikardesign.com\/impression\/wp-json\/wp\/v2\/product_tag?post=39613"}],"curies":[{"name":"wp","href":"https:\/\/api.w.org\/{rel}","templated":true}]}}