{"id":38725,"date":"2022-06-14T13:17:07","date_gmt":"2022-06-14T18:17:07","guid":{"rendered":"https:\/\/brikardesign.com\/impression\/?post_type=product&#038;p=38725"},"modified":"2023-02-21T16:35:41","modified_gmt":"2023-02-21T21:35:41","slug":"breloque-a-lacet-chat","status":"publish","type":"product","link":"https:\/\/brikardesign.com\/impression\/produit\/breloque-a-lacet-chat\/","title":{"rendered":"Breloque \u00e0 lacet chat"},"content":{"rendered":"<ul>\n<li>Breloque \u00e0 lacet\u00a0 de 1 po. de diam\u00e8tre\u00a0 personnalis\u00e9e<\/li>\n<li>Imprim\u00e9 et assembl\u00e9 au Qu\u00e9bec<\/li>\n<li><strong>Frais de montage:\u00a0\u00a0GRATUIT<\/strong><\/li>\n<li>Vendu en paire<\/li>\n<li><strong>Nous faire parvenir vos textes ou photos si d\u00e9sir\u00e9es pour personnaliser l\u2019affiche \u00e0 vente@brikardesign.com\u00a0 n\u2019h\u00e9sitez pas \u00e0 communiquer avec nous<\/strong><\/li>\n<\/ul>\n","protected":false},"excerpt":{"rendered":"<ul>\n<li>Breloque \u00e0 lacet\u00a0 de 1 po. de diam\u00e8tre\u00a0 personnalis\u00e9e<\/li>\n<li>Imprim\u00e9 et assembl\u00e9 au Qu\u00e9bec<\/li>\n<li><strong><span style=\"color: #ff0000;\">Frais de montage:\u00a0\u00a0GRATUIT<\/span><\/strong><\/li>\n<li>Vendu en paire<\/li>\n<li><strong>Nous faire parvenir vos textes ou photos si d\u00e9sir\u00e9es pour personnaliser l\u2019affiche \u00e0 vente@brikardesign.com\u00a0 n\u2019h\u00e9sitez pas \u00e0 communiquer avec nous<\/strong><\/li>\n<\/ul>\n","protected":false},"featured_media":38727,"comment_status":"open","ping_status":"closed","template":"","meta":{"_et_pb_use_builder":"","_et_pb_old_content":"","_et_gb_content_width":""},"product_brand":[],"product_cat":[1245],"product_tag":[1495,1283],"class_list":{"0":"post-38725","1":"product","2":"type-product","3":"status-publish","4":"has-post-thumbnail","6":"product_cat-macaron","7":"product_tag-breloque-a-lacets-chats","8":"product_tag-sub00169-02","9":"product_shipping_class-minimumcertains-produits","11":"first","12":"instock","13":"taxable","14":"shipping-taxable","15":"purchasable","16":"product-type-simple"},"_links":{"self":[{"href":"https:\/\/brikardesign.com\/impression\/wp-json\/wp\/v2\/product\/38725","targetHints":{"allow":["GET"]}}],"collection":[{"href":"https:\/\/brikardesign.com\/impression\/wp-json\/wp\/v2\/product"}],"about":[{"href":"https:\/\/brikardesign.com\/impression\/wp-json\/wp\/v2\/types\/product"}],"replies":[{"embeddable":true,"href":"https:\/\/brikardesign.com\/impression\/wp-json\/wp\/v2\/comments?post=38725"}],"wp:featuredmedia":[{"embeddable":true,"href":"https:\/\/brikardesign.com\/impression\/wp-json\/wp\/v2\/media\/38727"}],"wp:attachment":[{"href":"https:\/\/brikardesign.com\/impression\/wp-json\/wp\/v2\/media?parent=38725"}],"wp:term":[{"taxonomy":"product_brand","embeddable":true,"href":"https:\/\/brikardesign.com\/impression\/wp-json\/wp\/v2\/product_brand?post=38725"},{"taxonomy":"product_cat","embeddable":true,"href":"https:\/\/brikardesign.com\/impression\/wp-json\/wp\/v2\/product_cat?post=38725"},{"taxonomy":"product_tag","embeddable":true,"href":"https:\/\/brikardesign.com\/impression\/wp-json\/wp\/v2\/product_tag?post=38725"}],"curies":[{"name":"wp","href":"https:\/\/api.w.org\/{rel}","templated":true}]}}