{"id":38352,"date":"2022-05-11T17:26:28","date_gmt":"2022-05-11T22:26:28","guid":{"rendered":"https:\/\/brikardesign.com\/impression\/?post_type=product&#038;p=38352"},"modified":"2023-02-21T13:30:42","modified_gmt":"2023-02-21T18:30:42","slug":"macaron-monte-sur-stylo","status":"publish","type":"product","link":"https:\/\/brikardesign.com\/impression\/produit\/macaron-monte-sur-stylo\/","title":{"rendered":"Macaron mont\u00e9 sur stylo"},"content":{"rendered":"<ul>\n<li>Macaron\u00a0 de 1 po. mont\u00e9 sur Stylo<\/li>\n<li>Imprim\u00e9 et assembl\u00e9 au Qu\u00e9bec<\/li>\n<li><strong>Frais de montage:\u00a0\u00a0GRATUIT<\/strong>.<\/li>\n<li><strong>Le montage est toujours gratuit.<\/strong><br \/>\n<strong>Nous faire parvenir vos textes ou photos si d\u00e9sir\u00e9es pour personnaliser l\u2019affiche \u00e0 vente@brikardesign.com et nous ferons le montage et proc\u00e9derons \u00e0 la sublimation seulement apr\u00e8s votre approbation. Pour des quantit\u00e9s, n\u2019h\u00e9sitez pas \u00e0 communiquer avec nous<\/strong><\/li>\n<\/ul>\n","protected":false},"excerpt":{"rendered":"<ul>\n<li>Vendu par 6 ou 12<\/li>\n<li>Macaron 1&#8243; Rond Mont\u00e9 sur Stylo<\/li>\n<li>Impression Num\u00e9rique quadricolore<\/li>\n<li>Grandeur Stylo : 5-1\/2&#8243;<\/li>\n<li>Couleurs Stylos Disponibles : Blanc, Turquoise, Vert Lime, Rose<\/li>\n<li>Frais de montage toujours gratuit<\/li>\n<li>Emballage en vrac<\/li>\n<li>Personnalis\u00e9 le avec image, nom etc&#8230;<\/li>\n<li><\/li>\n<\/ul>\n","protected":false},"featured_media":38355,"comment_status":"open","ping_status":"closed","template":"","meta":{"_et_pb_use_builder":"","_et_pb_old_content":"","_et_gb_content_width":""},"product_brand":[],"product_cat":[1245],"product_tag":[1428,1427],"class_list":{"0":"post-38352","1":"product","2":"type-product","3":"status-publish","4":"has-post-thumbnail","6":"product_cat-macaron","7":"product_tag-macaron-stylo","8":"product_tag-sub00170-00","9":"product_shipping_class-forfait","11":"first","12":"instock","13":"sale","14":"taxable","15":"shipping-taxable","16":"purchasable","17":"product-type-variable","18":"has-default-attributes"},"_links":{"self":[{"href":"https:\/\/brikardesign.com\/impression\/wp-json\/wp\/v2\/product\/38352","targetHints":{"allow":["GET"]}}],"collection":[{"href":"https:\/\/brikardesign.com\/impression\/wp-json\/wp\/v2\/product"}],"about":[{"href":"https:\/\/brikardesign.com\/impression\/wp-json\/wp\/v2\/types\/product"}],"replies":[{"embeddable":true,"href":"https:\/\/brikardesign.com\/impression\/wp-json\/wp\/v2\/comments?post=38352"}],"wp:featuredmedia":[{"embeddable":true,"href":"https:\/\/brikardesign.com\/impression\/wp-json\/wp\/v2\/media\/38355"}],"wp:attachment":[{"href":"https:\/\/brikardesign.com\/impression\/wp-json\/wp\/v2\/media?parent=38352"}],"wp:term":[{"taxonomy":"product_brand","embeddable":true,"href":"https:\/\/brikardesign.com\/impression\/wp-json\/wp\/v2\/product_brand?post=38352"},{"taxonomy":"product_cat","embeddable":true,"href":"https:\/\/brikardesign.com\/impression\/wp-json\/wp\/v2\/product_cat?post=38352"},{"taxonomy":"product_tag","embeddable":true,"href":"https:\/\/brikardesign.com\/impression\/wp-json\/wp\/v2\/product_tag?post=38352"}],"curies":[{"name":"wp","href":"https:\/\/api.w.org\/{rel}","templated":true}]}}