{"id":37692,"date":"2022-03-23T09:10:51","date_gmt":"2022-03-23T14:10:51","guid":{"rendered":"https:\/\/brikardesign.com\/impression\/?post_type=product&#038;p=37692"},"modified":"2023-02-21T16:39:06","modified_gmt":"2023-02-21T21:39:06","slug":"macaron-aimant-1po-sourire","status":"publish","type":"product","link":"https:\/\/brikardesign.com\/impression\/produit\/macaron-aimant-1po-sourire\/","title":{"rendered":"Macaron aimant 1po sourire"},"content":{"rendered":"<ul>\n<li>Macaron\u00a0 de 1 po. de diam\u00e8tre\u00a0 \u00a0magn\u00e9tique<\/li>\n<li>Imprim\u00e9 et assembl\u00e9 au Qu\u00e9bec<\/li>\n<li><strong>Frais de montage:\u00a0\u00a0GRATUIT<\/strong><\/li>\n<li>Aucune quantit\u00e9 minimum , prix sp\u00e9cial pour 6 et plus communiquer avec nous.<\/li>\n<li><strong>Le montage est toujours gratuit.<\/strong><br \/>\n<strong>Nous faire parvenir vos textes ou photos si d\u00e9sir\u00e9es pour personnaliser l\u2019affiche \u00e0 vente@brikardesign.com et nous ferons le montage et proc\u00e9derons \u00e0 la sublimation seulement apr\u00e8s votre approbation. Pour des quantit\u00e9s, n\u2019h\u00e9sitez pas \u00e0 communiquer avec nous<\/strong><\/li>\n<\/ul>\n","protected":false},"excerpt":{"rendered":"<p>Macaron\u00a0 de 1 po. de diam\u00e8tre\u00a0 \u00a0magn\u00e9tique Imprim\u00e9 et assembl\u00e9 au Qu\u00e9bec Frais de montage:\u00a0\u00a0GRATUIT Aucune quantit\u00e9 minimum , prix sp\u00e9cial pour 6 et plus communiquer avec nous. Le montage est toujours gratuit. Nous faire parvenir vos textes ou photos si d\u00e9sir\u00e9es pour personnaliser l\u2019affiche \u00e0 vente@brikardesign.com et nous ferons le montage et proc\u00e9derons \u00e0 [&hellip;]<\/p>\n","protected":false},"featured_media":37693,"comment_status":"open","ping_status":"closed","template":"","meta":{"_et_pb_use_builder":"","_et_pb_old_content":"","_et_gb_content_width":""},"product_brand":[],"product_cat":[1245],"product_tag":[1271,1272],"class_list":{"0":"post-37692","1":"product","2":"type-product","3":"status-publish","4":"has-post-thumbnail","6":"product_cat-macaron","7":"product_tag-macaron-1po-sourire","8":"product_tag-sub00166-02","9":"product_shipping_class-minimumcertains-produits","11":"first","12":"instock","13":"sale","14":"taxable","15":"shipping-taxable","16":"purchasable","17":"product-type-variable","18":"has-default-attributes"},"_links":{"self":[{"href":"https:\/\/brikardesign.com\/impression\/wp-json\/wp\/v2\/product\/37692","targetHints":{"allow":["GET"]}}],"collection":[{"href":"https:\/\/brikardesign.com\/impression\/wp-json\/wp\/v2\/product"}],"about":[{"href":"https:\/\/brikardesign.com\/impression\/wp-json\/wp\/v2\/types\/product"}],"replies":[{"embeddable":true,"href":"https:\/\/brikardesign.com\/impression\/wp-json\/wp\/v2\/comments?post=37692"}],"wp:featuredmedia":[{"embeddable":true,"href":"https:\/\/brikardesign.com\/impression\/wp-json\/wp\/v2\/media\/37693"}],"wp:attachment":[{"href":"https:\/\/brikardesign.com\/impression\/wp-json\/wp\/v2\/media?parent=37692"}],"wp:term":[{"taxonomy":"product_brand","embeddable":true,"href":"https:\/\/brikardesign.com\/impression\/wp-json\/wp\/v2\/product_brand?post=37692"},{"taxonomy":"product_cat","embeddable":true,"href":"https:\/\/brikardesign.com\/impression\/wp-json\/wp\/v2\/product_cat?post=37692"},{"taxonomy":"product_tag","embeddable":true,"href":"https:\/\/brikardesign.com\/impression\/wp-json\/wp\/v2\/product_tag?post=37692"}],"curies":[{"name":"wp","href":"https:\/\/api.w.org\/{rel}","templated":true}]}}