{"id":36037,"date":"2022-01-21T17:58:23","date_gmt":"2022-01-21T22:58:23","guid":{"rendered":"https:\/\/brikardesign.com\/impression\/?post_type=product&#038;p=36037"},"modified":"2025-03-18T17:17:43","modified_gmt":"2025-03-18T22:17:43","slug":"porte-cles-cuirette-personnalise","status":"publish","type":"product","link":"https:\/\/brikardesign.com\/impression\/produit\/porte-cles-cuirette-personnalise\/","title":{"rendered":"Porte-cl\u00e9s cuirette personnalis\u00e9"},"content":{"rendered":"<p><strong>CODE : 00126-00<\/strong><\/p>\n<p><strong>Porte-cl\u00e9s cuirette personnalis\u00e9<\/strong><\/p>\n<ul>\n<li>\u00a0Porte-cl\u00e9s \u00e9l\u00e9gant en cuirette<\/li>\n<li>Dimensions : 5cm (2po)<\/li>\n<li>Impression 2 &#8211; c\u00f4t\u00e9s<\/li>\n<\/ul>\n","protected":false},"excerpt":{"rendered":"<p>CODE: SUB00126-00<\/p>\n<p><strong>Porte-cl\u00e9s cuirette personnalis\u00e9<\/strong><\/p>\n<ul>\n<li>\u00a0Porte-cl\u00e9s \u00e9l\u00e9gant en cuirette<\/li>\n<li>Dimensions : 5cm (2po)<\/li>\n<li>Impression 2 &#8211; c\u00f4t\u00e9s<\/li>\n<\/ul>\n","protected":false},"featured_media":36039,"comment_status":"open","ping_status":"closed","template":"","meta":{"_et_pb_use_builder":"","_et_pb_old_content":"","_et_gb_content_width":""},"product_brand":[],"product_cat":[534],"product_tag":[1195,1194],"class_list":{"0":"post-36037","1":"product","2":"type-product","3":"status-publish","4":"has-post-thumbnail","6":"product_cat-porte-cles","7":"product_tag-porte-cles-cuirette","8":"product_tag-sub00126-00","9":"product_shipping_class-minimumcertains-produits","11":"first","12":"instock","13":"taxable","14":"shipping-taxable","15":"purchasable","16":"product-type-simple"},"_links":{"self":[{"href":"https:\/\/brikardesign.com\/impression\/wp-json\/wp\/v2\/product\/36037","targetHints":{"allow":["GET"]}}],"collection":[{"href":"https:\/\/brikardesign.com\/impression\/wp-json\/wp\/v2\/product"}],"about":[{"href":"https:\/\/brikardesign.com\/impression\/wp-json\/wp\/v2\/types\/product"}],"replies":[{"embeddable":true,"href":"https:\/\/brikardesign.com\/impression\/wp-json\/wp\/v2\/comments?post=36037"}],"wp:featuredmedia":[{"embeddable":true,"href":"https:\/\/brikardesign.com\/impression\/wp-json\/wp\/v2\/media\/36039"}],"wp:attachment":[{"href":"https:\/\/brikardesign.com\/impression\/wp-json\/wp\/v2\/media?parent=36037"}],"wp:term":[{"taxonomy":"product_brand","embeddable":true,"href":"https:\/\/brikardesign.com\/impression\/wp-json\/wp\/v2\/product_brand?post=36037"},{"taxonomy":"product_cat","embeddable":true,"href":"https:\/\/brikardesign.com\/impression\/wp-json\/wp\/v2\/product_cat?post=36037"},{"taxonomy":"product_tag","embeddable":true,"href":"https:\/\/brikardesign.com\/impression\/wp-json\/wp\/v2\/product_tag?post=36037"}],"curies":[{"name":"wp","href":"https:\/\/api.w.org\/{rel}","templated":true}]}}