{"id":35854,"date":"2022-01-15T10:20:58","date_gmt":"2022-01-15T15:20:58","guid":{"rendered":"https:\/\/brikardesign.com\/impression\/?post_type=product&#038;p=35854"},"modified":"2024-03-20T08:59:22","modified_gmt":"2024-03-20T13:59:22","slug":"blocs-notes-sticky-note-personnalises","status":"publish","type":"product","link":"https:\/\/brikardesign.com\/impression\/produit\/blocs-notes-sticky-note-personnalises\/","title":{"rendered":"Blocs notes sticky note personnalis\u00e9s"},"content":{"rendered":"<p><strong>Blocs notes personnalis\u00e9s<\/strong><\/p>\n<ul>\n<li>Blocs-notes personnalis\u00e9s au logo de votre marque<\/li>\n<li>Un bloc\u00a0 de papier inclus .(utilise des blocs de papier de 3 x3 po)<\/li>\n<li>Bloc-note avec photo personnel<\/li>\n<li><strong>Le montage est toujours gratuit.<\/strong><br \/>\nNous faire parvenir vos textes o\u00f9 photos \u00e0\u00a0<a href=\"https:\/\/brikardesign.com\/impression\/produit\/poignee-pour-le-four-personnalise-en-lin\/vente@brikadesign.com\">vente@brikardesign.com<\/a>\u00a0et nous ferons le montage et proc\u00e9derons \u00e0 la sublimation seulement apr\u00e8s votre approbation<\/li>\n<li>Pour des quantit\u00e9s, n\u2019h\u00e9sitez pas \u00e0 communiquer avec nous<\/li>\n<li>Dimensions approx: 22.5 x 8cm (5.3 x 3.2 po)<\/li>\n<\/ul>\n","protected":false},"excerpt":{"rendered":"<p>Blocs notes personnalis\u00e9s Blocs-notes personnalis\u00e9s au logo de votre marque Un bloc\u00a0 de papier inclus .(utilise des blocs de papier de 3 x3 po) Bloc-note avec photo personnel Le montage est toujours gratuit. Nous faire parvenir vos textes o\u00f9 photos \u00e0\u00a0vente@brikardesign.com\u00a0et nous ferons le montage et proc\u00e9derons \u00e0 la sublimation seulement apr\u00e8s votre approbation Pour [&hellip;]<\/p>\n","protected":false},"featured_media":36782,"comment_status":"open","ping_status":"closed","template":"","meta":{"_et_pb_use_builder":"","_et_pb_old_content":"","_et_gb_content_width":""},"product_brand":[],"product_cat":[19],"product_tag":[1147,1148],"class_list":{"0":"post-35854","1":"product","2":"type-product","3":"status-publish","4":"has-post-thumbnail","6":"product_cat-accessoires-de-bureau","7":"product_tag-blocs-notes-sticky-note-personnalises","8":"product_tag-sub00073-00","9":"product_shipping_class-forfait","11":"first","12":"instock","13":"taxable","14":"shipping-taxable","15":"purchasable","16":"product-type-simple"},"_links":{"self":[{"href":"https:\/\/brikardesign.com\/impression\/wp-json\/wp\/v2\/product\/35854","targetHints":{"allow":["GET"]}}],"collection":[{"href":"https:\/\/brikardesign.com\/impression\/wp-json\/wp\/v2\/product"}],"about":[{"href":"https:\/\/brikardesign.com\/impression\/wp-json\/wp\/v2\/types\/product"}],"replies":[{"embeddable":true,"href":"https:\/\/brikardesign.com\/impression\/wp-json\/wp\/v2\/comments?post=35854"}],"wp:featuredmedia":[{"embeddable":true,"href":"https:\/\/brikardesign.com\/impression\/wp-json\/wp\/v2\/media\/36782"}],"wp:attachment":[{"href":"https:\/\/brikardesign.com\/impression\/wp-json\/wp\/v2\/media?parent=35854"}],"wp:term":[{"taxonomy":"product_brand","embeddable":true,"href":"https:\/\/brikardesign.com\/impression\/wp-json\/wp\/v2\/product_brand?post=35854"},{"taxonomy":"product_cat","embeddable":true,"href":"https:\/\/brikardesign.com\/impression\/wp-json\/wp\/v2\/product_cat?post=35854"},{"taxonomy":"product_tag","embeddable":true,"href":"https:\/\/brikardesign.com\/impression\/wp-json\/wp\/v2\/product_tag?post=35854"}],"curies":[{"name":"wp","href":"https:\/\/api.w.org\/{rel}","templated":true}]}}