{"id":35711,"date":"2022-01-11T16:42:35","date_gmt":"2022-01-11T21:42:35","guid":{"rendered":"https:\/\/brikardesign.com\/impression\/?post_type=product&#038;p=35711"},"modified":"2025-08-20T21:25:27","modified_gmt":"2025-08-21T02:25:27","slug":"tasse-blanche-15oz-personnalisee","status":"publish","type":"product","link":"https:\/\/brikardesign.com\/impression\/produit\/tasse-blanche-15oz-personnalisee\/","title":{"rendered":"Tasse blanche15oz personnalis\u00e9e"},"content":{"rendered":"<p>CODE 00078-00<br \/>\nTasse blanche personnalis\u00e9 en c\u00e9ramique 15 oz<\/p>\n","protected":false},"excerpt":{"rendered":"<p><span style=\"color: #ff0000;\"><strong>Tasse blanche 15 oz personnalis\u00e9e<\/strong><\/span><\/p>\n<ul>\n<li>Tasse blanche en c\u00e9ramique 15 oz<\/li>\n<li>Proposez ce cadeau original et utile, \u00e0 personnaliser avec votre logo d&#8217;entreprise ou des photos de famille pour no\u00ebl, f\u00eate des M\u00e8res, etc.<\/li>\n<li>Facile d&#8217;entretien: lavable au lave-vaisselle<\/li>\n<li>La sublimation r\u00e9siste au four micro-ondes<\/li>\n<li><span style=\"color: #ff0000;\"><strong>Le montage est toujours gratuit.<\/strong><\/span><br \/>\nNous faire parvenir vos textes ou photos \u00e0 <a href=\"vente@brikardesign.com\">vente@brikardesign.com<\/a> et nous ferons le montage et proc\u00e9derons \u00e0 la sublimation seulement apr\u00e8s votre approbation<br \/>\nPour des quantit\u00e9s, n&#8217;h\u00e9sitez pas \u00e0 communiquer avec nous<\/li>\n<\/ul>\n","protected":false},"featured_media":38284,"comment_status":"open","ping_status":"closed","template":"","meta":{"_et_pb_use_builder":"","_et_pb_old_content":"","_et_gb_content_width":""},"product_brand":[],"product_cat":[1403],"product_tag":[1138,1137],"class_list":{"0":"post-35711","1":"product","2":"type-product","3":"status-publish","4":"has-post-thumbnail","6":"product_cat-tasse-15-onces","7":"product_tag-sub00078-00","8":"product_tag-tasse-blanche-15-oz-personnalise","9":"product_shipping_class-purolator","11":"first","12":"onbackorder","13":"taxable","14":"shipping-taxable","15":"purchasable","16":"product-type-variable","17":"has-default-attributes"},"_links":{"self":[{"href":"https:\/\/brikardesign.com\/impression\/wp-json\/wp\/v2\/product\/35711","targetHints":{"allow":["GET"]}}],"collection":[{"href":"https:\/\/brikardesign.com\/impression\/wp-json\/wp\/v2\/product"}],"about":[{"href":"https:\/\/brikardesign.com\/impression\/wp-json\/wp\/v2\/types\/product"}],"replies":[{"embeddable":true,"href":"https:\/\/brikardesign.com\/impression\/wp-json\/wp\/v2\/comments?post=35711"}],"wp:featuredmedia":[{"embeddable":true,"href":"https:\/\/brikardesign.com\/impression\/wp-json\/wp\/v2\/media\/38284"}],"wp:attachment":[{"href":"https:\/\/brikardesign.com\/impression\/wp-json\/wp\/v2\/media?parent=35711"}],"wp:term":[{"taxonomy":"product_brand","embeddable":true,"href":"https:\/\/brikardesign.com\/impression\/wp-json\/wp\/v2\/product_brand?post=35711"},{"taxonomy":"product_cat","embeddable":true,"href":"https:\/\/brikardesign.com\/impression\/wp-json\/wp\/v2\/product_cat?post=35711"},{"taxonomy":"product_tag","embeddable":true,"href":"https:\/\/brikardesign.com\/impression\/wp-json\/wp\/v2\/product_tag?post=35711"}],"curies":[{"name":"wp","href":"https:\/\/api.w.org\/{rel}","templated":true}]}}