{"id":34614,"date":"2021-04-23T14:19:17","date_gmt":"2021-04-23T19:19:17","guid":{"rendered":"https:\/\/brikardesign.com\/impression\/?post_type=product&#038;p=34614"},"modified":"2023-02-21T13:34:08","modified_gmt":"2023-02-21T18:34:08","slug":"horloge-de-bureau-personnalise","status":"publish","type":"product","link":"https:\/\/brikardesign.com\/impression\/produit\/horloge-de-bureau-personnalise\/","title":{"rendered":"Horloge de bureau personnalis\u00e9"},"content":{"rendered":"<p><strong>Horloge de bureau personnalis\u00e9<\/strong><\/p>\n<ul>\n<li>Horloge sans couvercle \u00e0 personnaliser, sont id\u00e9ale comme cadeau souvenir<\/li>\n<li>Dimensions :4\u00a8x 4\u00a8 \/10.2 cm x 10.2 cm<\/li>\n<li>Le m\u00e9canisme et la pile AA sont inclus.<\/li>\n<li>Nous faire parvenir vos textes ou photos \u00e0<a href=\"http:\/\/vente@brikardesign.com\"> vente@brikardesign.com<\/a> et nous ferons le montage et proc\u00e9derons \u00e0 la sublimation seulement apr\u00e8s votre approbation<\/li>\n<li><span style=\"color: #ff0000;\"><strong>Le montage est toujours gratuit.<\/strong><\/span><br \/>\nPour des quantit\u00e9s, n&#8217;h\u00e9sitez pas \u00e0 communiquer avec nous<\/li>\n<\/ul>\n","protected":false},"excerpt":{"rendered":"<p>Horloge de bureau personnalis\u00e9 Horloge sans couvercle \u00e0 personnaliser, sont id\u00e9ale comme cadeau souvenir Dimensions :4\u00a8x 4\u00a8 \/10.2 cm x 10.2 cm Le m\u00e9canisme et la pile AA sont inclus. Nous faire parvenir vos textes ou photos \u00e0 vente@brikardesign.com et nous ferons le montage et proc\u00e9derons \u00e0 la sublimation seulement apr\u00e8s votre approbation Le montage [&hellip;]<\/p>\n","protected":false},"featured_media":37082,"comment_status":"open","ping_status":"closed","template":"","meta":{"_et_pb_use_builder":"","_et_pb_old_content":"","_et_gb_content_width":""},"product_brand":[],"product_cat":[19],"product_tag":[873,874],"class_list":{"0":"post-34614","1":"product","2":"type-product","3":"status-publish","4":"has-post-thumbnail","6":"product_cat-accessoires-de-bureau","7":"product_tag-horloge-de-bureau-personnalise","8":"product_tag-sub00021-00","9":"product_shipping_class-purolator","11":"first","12":"instock","13":"taxable","14":"shipping-taxable","15":"purchasable","16":"product-type-simple"},"_links":{"self":[{"href":"https:\/\/brikardesign.com\/impression\/wp-json\/wp\/v2\/product\/34614","targetHints":{"allow":["GET"]}}],"collection":[{"href":"https:\/\/brikardesign.com\/impression\/wp-json\/wp\/v2\/product"}],"about":[{"href":"https:\/\/brikardesign.com\/impression\/wp-json\/wp\/v2\/types\/product"}],"replies":[{"embeddable":true,"href":"https:\/\/brikardesign.com\/impression\/wp-json\/wp\/v2\/comments?post=34614"}],"wp:featuredmedia":[{"embeddable":true,"href":"https:\/\/brikardesign.com\/impression\/wp-json\/wp\/v2\/media\/37082"}],"wp:attachment":[{"href":"https:\/\/brikardesign.com\/impression\/wp-json\/wp\/v2\/media?parent=34614"}],"wp:term":[{"taxonomy":"product_brand","embeddable":true,"href":"https:\/\/brikardesign.com\/impression\/wp-json\/wp\/v2\/product_brand?post=34614"},{"taxonomy":"product_cat","embeddable":true,"href":"https:\/\/brikardesign.com\/impression\/wp-json\/wp\/v2\/product_cat?post=34614"},{"taxonomy":"product_tag","embeddable":true,"href":"https:\/\/brikardesign.com\/impression\/wp-json\/wp\/v2\/product_tag?post=34614"}],"curies":[{"name":"wp","href":"https:\/\/api.w.org\/{rel}","templated":true}]}}