{"id":34584,"date":"2021-04-23T13:15:37","date_gmt":"2021-04-23T18:15:37","guid":{"rendered":"https:\/\/brikardesign.com\/impression\/?post_type=product&#038;p=34584"},"modified":"2025-07-28T16:01:11","modified_gmt":"2025-07-28T21:01:11","slug":"signet-en-aluminium-foret","status":"publish","type":"product","link":"https:\/\/brikardesign.com\/impression\/produit\/signet-en-aluminium-foret\/","title":{"rendered":"Signet en aluminium for\u00eat"},"content":{"rendered":"<p>CODE 00013-03<\/p>\n<p><strong>Signet en aluminium for\u00eat<\/strong><\/p>\n<ul>\n<li>Ces signets en aluminium font de beaux cadeaux<\/li>\n<li>Les signets disposent d&#8217;une fente pour marquer la page d&#8217;un livre<\/li>\n<li>Sublim\u00e9 d&#8217;un c\u00f4t\u00e9<\/li>\n<li>Dimensions: 1 1\/4\u00a8 x 5\u00a8\/ 3 cm x 12.5 cm<\/li>\n<\/ul>\n<p><strong>Pour des quantit\u00e9s, n&#8217;h\u00e9sitez pas \u00e0 communiquer avec nous<\/strong><\/p>\n","protected":false},"excerpt":{"rendered":"<p>CODE 00013-03<\/p>\n<p><strong>Signet en aluminium for\u00eat<\/strong><\/p>\n<p><span style=\"color: #ff9900;\"><strong>Livraison gratuite pour ce produit<\/strong><\/span><\/p>\n","protected":false},"featured_media":37169,"comment_status":"open","ping_status":"closed","template":"","meta":{"_et_pb_use_builder":"","_et_pb_old_content":"","_et_gb_content_width":""},"product_brand":[],"product_cat":[3025],"product_tag":[855,856],"class_list":{"0":"post-34584","1":"product","2":"type-product","3":"status-publish","4":"has-post-thumbnail","6":"product_cat-signets","7":"product_tag-signet-en-aluminium-foret","8":"product_tag-sub00013-03","9":"product_shipping_class-livraison","11":"first","12":"instock","13":"taxable","14":"shipping-taxable","15":"purchasable","16":"product-type-simple"},"_links":{"self":[{"href":"https:\/\/brikardesign.com\/impression\/wp-json\/wp\/v2\/product\/34584","targetHints":{"allow":["GET"]}}],"collection":[{"href":"https:\/\/brikardesign.com\/impression\/wp-json\/wp\/v2\/product"}],"about":[{"href":"https:\/\/brikardesign.com\/impression\/wp-json\/wp\/v2\/types\/product"}],"replies":[{"embeddable":true,"href":"https:\/\/brikardesign.com\/impression\/wp-json\/wp\/v2\/comments?post=34584"}],"wp:featuredmedia":[{"embeddable":true,"href":"https:\/\/brikardesign.com\/impression\/wp-json\/wp\/v2\/media\/37169"}],"wp:attachment":[{"href":"https:\/\/brikardesign.com\/impression\/wp-json\/wp\/v2\/media?parent=34584"}],"wp:term":[{"taxonomy":"product_brand","embeddable":true,"href":"https:\/\/brikardesign.com\/impression\/wp-json\/wp\/v2\/product_brand?post=34584"},{"taxonomy":"product_cat","embeddable":true,"href":"https:\/\/brikardesign.com\/impression\/wp-json\/wp\/v2\/product_cat?post=34584"},{"taxonomy":"product_tag","embeddable":true,"href":"https:\/\/brikardesign.com\/impression\/wp-json\/wp\/v2\/product_tag?post=34584"}],"curies":[{"name":"wp","href":"https:\/\/api.w.org\/{rel}","templated":true}]}}