{"id":34542,"date":"2021-04-23T07:29:04","date_gmt":"2021-04-23T12:29:04","guid":{"rendered":"https:\/\/brikardesign.com\/impression\/?post_type=product&#038;p=34542"},"modified":"2023-02-21T18:23:45","modified_gmt":"2023-02-21T23:23:45","slug":"sac-a-baluchon-sport-personnalise","status":"publish","type":"product","link":"https:\/\/brikardesign.com\/impression\/produit\/sac-a-baluchon-sport-personnalise\/","title":{"rendered":"Sac \u00e0 baluchon sport personnalis\u00e9"},"content":{"rendered":"<p><strong>Sac \u00e0 baluchon sport personnalis\u00e9<\/strong><\/p>\n<ul>\n<li>Sac de sport ultra l\u00e9ger mais durable avec renforts sp\u00e9ciaux<\/li>\n<li>Mat\u00e9riau hydrofuge et robuste<\/li>\n<li>fermeture \u00e0 cordon facile \u00e0 utiliser<\/li>\n<li>Fonctionne \u00e9galement comme sac \u00e0 dos l\u00e9ger<\/li>\n<li>Dimensions:16\u00a8 x 12\u00a8\/40.7cm x 30.5cm<\/li>\n<li><span style=\"color: #ff0000;\"><strong>Le montage est toujours gratuit.<\/strong><\/span><br \/>\nNous faire parvenir vos textes ou photos \u00e0 <a href=\"vente@brikardesign.com\">vente@brikardesign.com<\/a> et nous ferons le montage et proc\u00e9derons \u00e0 la sublimation seulement apr\u00e8s votre approbation Pour des quantit\u00e9s, n&#8217;h\u00e9sitez pas \u00e0 communiquer avec nous<\/li>\n<\/ul>\n","protected":false},"excerpt":{"rendered":"<p><span style=\"color: #ff9900;\"><strong>Livraison gratuite de ce produit<\/strong><\/span><\/p>\n","protected":false},"featured_media":36969,"comment_status":"open","ping_status":"closed","template":"","meta":{"_et_pb_use_builder":"","_et_pb_old_content":"","_et_gb_content_width":""},"product_brand":[],"product_cat":[537],"product_tag":[832,833],"class_list":{"0":"post-34542","1":"product","2":"type-product","3":"status-publish","4":"has-post-thumbnail","6":"product_cat-textiles-sacs","7":"product_tag-sac-a-baluchon-sport-personnalise","8":"product_tag-sub00028-00","9":"product_shipping_class-livraison","11":"first","12":"instock","13":"taxable","14":"shipping-taxable","15":"purchasable","16":"product-type-simple"},"_links":{"self":[{"href":"https:\/\/brikardesign.com\/impression\/wp-json\/wp\/v2\/product\/34542","targetHints":{"allow":["GET"]}}],"collection":[{"href":"https:\/\/brikardesign.com\/impression\/wp-json\/wp\/v2\/product"}],"about":[{"href":"https:\/\/brikardesign.com\/impression\/wp-json\/wp\/v2\/types\/product"}],"replies":[{"embeddable":true,"href":"https:\/\/brikardesign.com\/impression\/wp-json\/wp\/v2\/comments?post=34542"}],"wp:featuredmedia":[{"embeddable":true,"href":"https:\/\/brikardesign.com\/impression\/wp-json\/wp\/v2\/media\/36969"}],"wp:attachment":[{"href":"https:\/\/brikardesign.com\/impression\/wp-json\/wp\/v2\/media?parent=34542"}],"wp:term":[{"taxonomy":"product_brand","embeddable":true,"href":"https:\/\/brikardesign.com\/impression\/wp-json\/wp\/v2\/product_brand?post=34542"},{"taxonomy":"product_cat","embeddable":true,"href":"https:\/\/brikardesign.com\/impression\/wp-json\/wp\/v2\/product_cat?post=34542"},{"taxonomy":"product_tag","embeddable":true,"href":"https:\/\/brikardesign.com\/impression\/wp-json\/wp\/v2\/product_tag?post=34542"}],"curies":[{"name":"wp","href":"https:\/\/api.w.org\/{rel}","templated":true}]}}