{"id":34513,"date":"2021-04-22T19:33:19","date_gmt":"2021-04-23T00:33:19","guid":{"rendered":"https:\/\/brikardesign.com\/impression\/?post_type=product&#038;p=34513"},"modified":"2023-02-21T16:26:28","modified_gmt":"2023-02-21T21:26:28","slug":"ornements-en-ceramique-personnalises","status":"publish","type":"product","link":"https:\/\/brikardesign.com\/impression\/produit\/ornements-en-ceramique-personnalises\/","title":{"rendered":"Ornements rond festonn\u00e9 en c\u00e9ramique personnalis\u00e9s"},"content":{"rendered":"<blockquote><p><strong>Ornement rond festonn\u00e9 en\u00a0 c\u00e9ramique<\/strong><\/p>\n<ul>\n<li>Impression des 2 c\u00f4t\u00e9s<\/li>\n<\/ul>\n<\/blockquote>\n<p>Nous faire parvenir vos photos \u00e0\u00a0<a style=\"color: #ff0000;\" href=\"mailto:vente@brikardesign.com\">vente@brikardesign.com<\/a>, nous ferons le montage et imprimerons apr\u00e8s approbation seulement.<\/p>\n","protected":false},"excerpt":{"rendered":"<p>Ornement rond festonn\u00e9 en\u00a0 c\u00e9ramique Impression des 2 c\u00f4t\u00e9s Nous faire parvenir vos photos \u00e0\u00a0vente@brikardesign.com, nous ferons le montage et imprimerons apr\u00e8s approbation seulement.<\/p>\n","protected":false},"featured_media":36706,"comment_status":"open","ping_status":"closed","template":"","meta":{"_et_pb_use_builder":"","_et_pb_old_content":"","_et_gb_content_width":""},"product_brand":[],"product_cat":[755],"product_tag":[822,1152],"class_list":{"0":"post-34513","1":"product","2":"type-product","3":"status-publish","4":"has-post-thumbnail","6":"product_cat-noel","7":"product_tag-ornements-en-ceramique-personnalises","8":"product_tag-sub00083-01","9":"product_shipping_class-livraison","11":"first","12":"instock","13":"taxable","14":"shipping-taxable","15":"purchasable","16":"product-type-simple"},"_links":{"self":[{"href":"https:\/\/brikardesign.com\/impression\/wp-json\/wp\/v2\/product\/34513","targetHints":{"allow":["GET"]}}],"collection":[{"href":"https:\/\/brikardesign.com\/impression\/wp-json\/wp\/v2\/product"}],"about":[{"href":"https:\/\/brikardesign.com\/impression\/wp-json\/wp\/v2\/types\/product"}],"replies":[{"embeddable":true,"href":"https:\/\/brikardesign.com\/impression\/wp-json\/wp\/v2\/comments?post=34513"}],"wp:featuredmedia":[{"embeddable":true,"href":"https:\/\/brikardesign.com\/impression\/wp-json\/wp\/v2\/media\/36706"}],"wp:attachment":[{"href":"https:\/\/brikardesign.com\/impression\/wp-json\/wp\/v2\/media?parent=34513"}],"wp:term":[{"taxonomy":"product_brand","embeddable":true,"href":"https:\/\/brikardesign.com\/impression\/wp-json\/wp\/v2\/product_brand?post=34513"},{"taxonomy":"product_cat","embeddable":true,"href":"https:\/\/brikardesign.com\/impression\/wp-json\/wp\/v2\/product_cat?post=34513"},{"taxonomy":"product_tag","embeddable":true,"href":"https:\/\/brikardesign.com\/impression\/wp-json\/wp\/v2\/product_tag?post=34513"}],"curies":[{"name":"wp","href":"https:\/\/api.w.org\/{rel}","templated":true}]}}