{"id":34499,"date":"2021-04-22T18:39:10","date_gmt":"2021-04-22T23:39:10","guid":{"rendered":"https:\/\/brikardesign.com\/impression\/?post_type=product&#038;p=34499"},"modified":"2023-02-21T16:19:32","modified_gmt":"2023-02-21T21:19:32","slug":"boules-de-noel-sapin","status":"publish","type":"product","link":"https:\/\/brikardesign.com\/impression\/produit\/boules-de-noel-sapin\/","title":{"rendered":"Boules de No\u00ebl Sapin"},"content":{"rendered":"<p><strong>Boules de No\u00ebl<\/strong> en porcelaine (SAPIN) sur la boule<\/p>\n<p>Personnalis\u00e9es avec photo \/ texte<\/p>\n<p>Nous faire parvenir vos photos \u00e0 <a href=\"mailto:vente@brikardesign.com\">vente@brikardesign.com<\/a>, nous ferons le montage et imprimerons apr\u00e8s approbation seulement.<\/p>\n<p>Pour des quantit\u00e9s, n\u2019h\u00e9sitez pas communiquer avec nous.<\/p>\n<p>&nbsp;<\/p>\n","protected":false},"excerpt":{"rendered":"<p>Boules de No\u00ebl en porcelaine (SAPIN) sur la boule Personnalis\u00e9es avec photo \/ texte Nous faire parvenir vos photos \u00e0 vente@brikardesign.com, nous ferons le montage et imprimerons apr\u00e8s approbation seulement. Pour des quantit\u00e9s, n\u2019h\u00e9sitez pas communiquer avec nous. &nbsp;<\/p>\n","protected":false},"featured_media":36697,"comment_status":"open","ping_status":"closed","template":"","meta":{"_et_pb_use_builder":"","_et_pb_old_content":"","_et_gb_content_width":""},"product_brand":[],"product_cat":[755],"product_tag":[810,1149],"class_list":{"0":"post-34499","1":"product","2":"type-product","3":"status-publish","4":"has-post-thumbnail","6":"product_cat-noel","7":"product_tag-boule-de-noel-personnalisee","8":"product_tag-sub00082-02","9":"product_shipping_class-purolator","11":"first","12":"instock","13":"taxable","14":"shipping-taxable","15":"purchasable","16":"product-type-simple"},"_links":{"self":[{"href":"https:\/\/brikardesign.com\/impression\/wp-json\/wp\/v2\/product\/34499","targetHints":{"allow":["GET"]}}],"collection":[{"href":"https:\/\/brikardesign.com\/impression\/wp-json\/wp\/v2\/product"}],"about":[{"href":"https:\/\/brikardesign.com\/impression\/wp-json\/wp\/v2\/types\/product"}],"replies":[{"embeddable":true,"href":"https:\/\/brikardesign.com\/impression\/wp-json\/wp\/v2\/comments?post=34499"}],"wp:featuredmedia":[{"embeddable":true,"href":"https:\/\/brikardesign.com\/impression\/wp-json\/wp\/v2\/media\/36697"}],"wp:attachment":[{"href":"https:\/\/brikardesign.com\/impression\/wp-json\/wp\/v2\/media?parent=34499"}],"wp:term":[{"taxonomy":"product_brand","embeddable":true,"href":"https:\/\/brikardesign.com\/impression\/wp-json\/wp\/v2\/product_brand?post=34499"},{"taxonomy":"product_cat","embeddable":true,"href":"https:\/\/brikardesign.com\/impression\/wp-json\/wp\/v2\/product_cat?post=34499"},{"taxonomy":"product_tag","embeddable":true,"href":"https:\/\/brikardesign.com\/impression\/wp-json\/wp\/v2\/product_tag?post=34499"}],"curies":[{"name":"wp","href":"https:\/\/api.w.org\/{rel}","templated":true}]}}