{"id":34494,"date":"2021-04-22T18:18:35","date_gmt":"2021-04-22T23:18:35","guid":{"rendered":"https:\/\/brikardesign.com\/impression\/?post_type=product&#038;p=34494"},"modified":"2023-12-16T17:10:44","modified_gmt":"2023-12-16T22:10:44","slug":"lanieres-personnalisees-pour-cles","status":"publish","type":"product","link":"https:\/\/brikardesign.com\/impression\/produit\/lanieres-personnalisees-pour-cles\/","title":{"rendered":"Lani\u00e8res personnalis\u00e9es pour cl\u00e9s"},"content":{"rendered":"<p><strong>Lani\u00e8res personnalis\u00e9es pour cl\u00e9s avec votre logo ou autre.<\/strong><br \/>\nLani\u00e8res tiss\u00e9e plate robuste super-r\u00e9sistance, polyester blanc et comprenant le crochet en m\u00e9tal avec le connecteur d\u00e9tachable en plastique.<br \/>\nLongueur de la lani\u00e8re 15 pouces (38cm) et compl\u00e8te avec attache de 21 pouces (53 cm).<\/p>\n<p>Largeur de \u00be pouces (2cm)<\/p>\n","protected":false},"excerpt":{"rendered":"<p>Lani\u00e8res personnalis\u00e9es pour cl\u00e9s avec votre logo ou autre. Lani\u00e8res tiss\u00e9e plate robuste super-r\u00e9sistance, polyester blanc et comprenant le crochet en m\u00e9tal avec le connecteur d\u00e9tachable en plastique. Longueur de la lani\u00e8re 15 pouces (38cm) et compl\u00e8te avec attache de 21 pouces (53 cm). Largeur de \u00be pouces (2cm)<\/p>\n","protected":false},"featured_media":36583,"comment_status":"open","ping_status":"closed","template":"","meta":{"_et_pb_use_builder":"","_et_pb_old_content":"","_et_gb_content_width":""},"product_brand":[],"product_cat":[534],"product_tag":[808,809],"class_list":{"0":"post-34494","1":"product","2":"type-product","3":"status-publish","4":"has-post-thumbnail","6":"product_cat-porte-cles","7":"product_tag-lanieres-personnalisees-pour-cles","8":"product_tag-sub00107-00","9":"product_shipping_class-minimumcertains-produits","11":"first","12":"instock","13":"taxable","14":"shipping-taxable","15":"purchasable","16":"product-type-simple"},"_links":{"self":[{"href":"https:\/\/brikardesign.com\/impression\/wp-json\/wp\/v2\/product\/34494","targetHints":{"allow":["GET"]}}],"collection":[{"href":"https:\/\/brikardesign.com\/impression\/wp-json\/wp\/v2\/product"}],"about":[{"href":"https:\/\/brikardesign.com\/impression\/wp-json\/wp\/v2\/types\/product"}],"replies":[{"embeddable":true,"href":"https:\/\/brikardesign.com\/impression\/wp-json\/wp\/v2\/comments?post=34494"}],"wp:featuredmedia":[{"embeddable":true,"href":"https:\/\/brikardesign.com\/impression\/wp-json\/wp\/v2\/media\/36583"}],"wp:attachment":[{"href":"https:\/\/brikardesign.com\/impression\/wp-json\/wp\/v2\/media?parent=34494"}],"wp:term":[{"taxonomy":"product_brand","embeddable":true,"href":"https:\/\/brikardesign.com\/impression\/wp-json\/wp\/v2\/product_brand?post=34494"},{"taxonomy":"product_cat","embeddable":true,"href":"https:\/\/brikardesign.com\/impression\/wp-json\/wp\/v2\/product_cat?post=34494"},{"taxonomy":"product_tag","embeddable":true,"href":"https:\/\/brikardesign.com\/impression\/wp-json\/wp\/v2\/product_tag?post=34494"}],"curies":[{"name":"wp","href":"https:\/\/api.w.org\/{rel}","templated":true}]}}