{"id":34486,"date":"2021-04-22T17:35:40","date_gmt":"2021-04-22T22:35:40","guid":{"rendered":"https:\/\/brikardesign.com\/impression\/?post_type=product&#038;p=34486"},"modified":"2023-02-21T16:14:14","modified_gmt":"2023-02-21T21:14:14","slug":"cadre-photo-de-6-pouces-personnalise","status":"publish","type":"product","link":"https:\/\/brikardesign.com\/impression\/produit\/cadre-photo-de-6-pouces-personnalise\/","title":{"rendered":"Cadre photo de 6 pouces personnalis\u00e9"},"content":{"rendered":"<p><strong>Cadre\u00a0 photo &#8221; Personnalis\u00e9 &#8220;<\/strong><\/p>\n<ul>\n<li>Les textes et images sont sublim\u00e9s directement sur la surface<\/li>\n<li>Surface semi-brillante<\/li>\n<li>Cadre en fibres de bois<\/li>\n<li>Pr\u00eat \u00e0 accrocher<\/li>\n<li>Dimensions: 6po x 6po x 1\u00bd pouces (15cm x 15 cm x 1.2cm)<\/li>\n<\/ul>\n<p>Pour avoir un cadre personnalis\u00e9 nous faire parvenir votre photo ou texte\u00a0 \u00e0 <a href=\"mailto:vente@brikardesign.com\">vente@brikardesign.com<\/a><\/p>\n<p>Et nous communiquerons avec vous.<\/p>\n","protected":false},"excerpt":{"rendered":"<p>Cadre\u00a0 photo &#8221; Personnalis\u00e9 &#8220; Les textes et images sont sublim\u00e9s directement sur la surface Surface semi-brillante Cadre en fibres de bois Pr\u00eat \u00e0 accrocher Dimensions: 6po x 6po x 1\u00bd pouces (15cm x 15 cm x 1.2cm) Pour avoir un cadre personnalis\u00e9 nous faire parvenir votre photo ou texte\u00a0 \u00e0 vente@brikardesign.com Et nous communiquerons [&hellip;]<\/p>\n","protected":false},"featured_media":36569,"comment_status":"open","ping_status":"closed","template":"","meta":{"_et_pb_use_builder":"","_et_pb_old_content":"","_et_gb_content_width":""},"product_brand":[],"product_cat":[522],"product_tag":[805,806],"class_list":{"0":"post-34486","1":"product","2":"type-product","3":"status-publish","4":"has-post-thumbnail","6":"product_cat-cadres","7":"product_tag-cadre-photo-personnalise","8":"product_tag-sub00100-00","9":"product_shipping_class-purolator","11":"first","12":"instock","13":"taxable","14":"shipping-taxable","15":"purchasable","16":"product-type-simple"},"_links":{"self":[{"href":"https:\/\/brikardesign.com\/impression\/wp-json\/wp\/v2\/product\/34486","targetHints":{"allow":["GET"]}}],"collection":[{"href":"https:\/\/brikardesign.com\/impression\/wp-json\/wp\/v2\/product"}],"about":[{"href":"https:\/\/brikardesign.com\/impression\/wp-json\/wp\/v2\/types\/product"}],"replies":[{"embeddable":true,"href":"https:\/\/brikardesign.com\/impression\/wp-json\/wp\/v2\/comments?post=34486"}],"wp:featuredmedia":[{"embeddable":true,"href":"https:\/\/brikardesign.com\/impression\/wp-json\/wp\/v2\/media\/36569"}],"wp:attachment":[{"href":"https:\/\/brikardesign.com\/impression\/wp-json\/wp\/v2\/media?parent=34486"}],"wp:term":[{"taxonomy":"product_brand","embeddable":true,"href":"https:\/\/brikardesign.com\/impression\/wp-json\/wp\/v2\/product_brand?post=34486"},{"taxonomy":"product_cat","embeddable":true,"href":"https:\/\/brikardesign.com\/impression\/wp-json\/wp\/v2\/product_cat?post=34486"},{"taxonomy":"product_tag","embeddable":true,"href":"https:\/\/brikardesign.com\/impression\/wp-json\/wp\/v2\/product_tag?post=34486"}],"curies":[{"name":"wp","href":"https:\/\/api.w.org\/{rel}","templated":true}]}}