{"id":34469,"date":"2021-04-22T16:17:02","date_gmt":"2021-04-22T21:17:02","guid":{"rendered":"https:\/\/brikardesign.com\/impression\/?post_type=product&#038;p=34469"},"modified":"2023-02-21T16:12:21","modified_gmt":"2023-02-21T21:12:21","slug":"cadre-priere-de-la-biere","status":"publish","type":"product","link":"https:\/\/brikardesign.com\/impression\/produit\/cadre-priere-de-la-biere\/","title":{"rendered":"Cadre pri\u00e8re de la bi\u00e8re"},"content":{"rendered":"<p><strong>Cadre &#8221; Pri\u00e8re de la bi\u00e8re &#8220;<\/strong><\/p>\n<ul>\n<li>Les textes et images sont sublim\u00e9s directement sur la surface en aluminium<\/li>\n<li>Fix\u00e9 sur un panneau de fibres de bois<\/li>\n<li>Pr\u00eat \u00e0 accrocher<\/li>\n<li>Dimensions: 20 cm x 25 cm x 1.5 cm\u00a0 \/ 8&#8243; x 10&#8243; x 1\/2 &#8221; Approx.<\/li>\n<\/ul>\n","protected":false},"excerpt":{"rendered":"<p>Cadre &#8221; Pri\u00e8re de la bi\u00e8re &#8220; Les textes et images sont sublim\u00e9s directement sur la surface en aluminium Fix\u00e9 sur un panneau de fibres de bois Pr\u00eat \u00e0 accrocher Dimensions: 20 cm x 25 cm x 1.5 cm\u00a0 \/ 8&#8243; x 10&#8243; x 1\/2 &#8221; Approx.<\/p>\n","protected":false},"featured_media":36733,"comment_status":"open","ping_status":"closed","template":"","meta":{"_et_pb_use_builder":"","_et_pb_old_content":"","_et_gb_content_width":""},"product_brand":[],"product_cat":[522],"product_tag":[794,795],"class_list":{"0":"post-34469","1":"product","2":"type-product","3":"status-publish","4":"has-post-thumbnail","6":"product_cat-cadres","7":"product_tag-cadre-priere-de-la-biere","8":"product_tag-sub00081-02","9":"product_shipping_class-purolator","11":"first","12":"instock","13":"taxable","14":"shipping-taxable","15":"purchasable","16":"product-type-simple"},"_links":{"self":[{"href":"https:\/\/brikardesign.com\/impression\/wp-json\/wp\/v2\/product\/34469","targetHints":{"allow":["GET"]}}],"collection":[{"href":"https:\/\/brikardesign.com\/impression\/wp-json\/wp\/v2\/product"}],"about":[{"href":"https:\/\/brikardesign.com\/impression\/wp-json\/wp\/v2\/types\/product"}],"replies":[{"embeddable":true,"href":"https:\/\/brikardesign.com\/impression\/wp-json\/wp\/v2\/comments?post=34469"}],"wp:featuredmedia":[{"embeddable":true,"href":"https:\/\/brikardesign.com\/impression\/wp-json\/wp\/v2\/media\/36733"}],"wp:attachment":[{"href":"https:\/\/brikardesign.com\/impression\/wp-json\/wp\/v2\/media?parent=34469"}],"wp:term":[{"taxonomy":"product_brand","embeddable":true,"href":"https:\/\/brikardesign.com\/impression\/wp-json\/wp\/v2\/product_brand?post=34469"},{"taxonomy":"product_cat","embeddable":true,"href":"https:\/\/brikardesign.com\/impression\/wp-json\/wp\/v2\/product_cat?post=34469"},{"taxonomy":"product_tag","embeddable":true,"href":"https:\/\/brikardesign.com\/impression\/wp-json\/wp\/v2\/product_tag?post=34469"}],"curies":[{"name":"wp","href":"https:\/\/api.w.org\/{rel}","templated":true}]}}