{"id":34459,"date":"2021-04-22T15:53:09","date_gmt":"2021-04-22T20:53:09","guid":{"rendered":"https:\/\/brikardesign.com\/impression\/?post_type=product&#038;p=34459"},"modified":"2023-02-21T16:10:52","modified_gmt":"2023-02-21T21:10:52","slug":"bloc-ardoise-personnalise","status":"publish","type":"product","link":"https:\/\/brikardesign.com\/impression\/produit\/bloc-ardoise-personnalise\/","title":{"rendered":"Bloc ardoise personnalis\u00e9"},"content":{"rendered":"<p><strong>Bloc ardoise personnalis\u00e9<\/strong><\/p>\n<ul>\n<li>Ce bloc ardoise poss\u00e8de une surface blanche trait\u00e9e pour la sublimation<\/li>\n<li>Tr\u00e8s original se diff\u00e9rencie des traditionnels cadres photo<\/li>\n<li>Fabriqu\u00e9 \u00e0 partir de pierre naturelle<\/li>\n<li>Dispose de bords \u00e0 effet brut<\/li>\n<li>Dimensions:20.3 cm x 20.3 cm \/ 8 \u00a8x 8 \u00a8approx:<\/li>\n<li>livr\u00e9 avec support<\/li>\n<li>Tr\u00e8s \u00e9l\u00e9gant, id\u00e9al en cadeau souvenir ou personnalis\u00e9<\/li>\n<li><span style=\"color: #ff0000;\"><strong>Le montage est toujours gratuit.<\/strong><\/span><\/li>\n<\/ul>\n","protected":false},"excerpt":{"rendered":"<p>Bloc ardoise personnalis\u00e9 Ce bloc ardoise poss\u00e8de une surface blanche trait\u00e9e pour la sublimation Tr\u00e8s original se diff\u00e9rencie des traditionnels cadres photo Fabriqu\u00e9 \u00e0 partir de pierre naturelle Dispose de bords \u00e0 effet brut Dimensions:20.3 cm x 20.3 cm \/ 8 \u00a8x 8 \u00a8approx: livr\u00e9 avec support Tr\u00e8s \u00e9l\u00e9gant, id\u00e9al en cadeau souvenir ou personnalis\u00e9 [&hellip;]<\/p>\n","protected":false},"featured_media":37161,"comment_status":"open","ping_status":"closed","template":"","meta":{"_et_pb_use_builder":"","_et_pb_old_content":"","_et_gb_content_width":""},"product_brand":[],"product_cat":[522],"product_tag":[788,789],"class_list":{"0":"post-34459","1":"product","2":"type-product","3":"status-publish","4":"has-post-thumbnail","6":"product_cat-cadres","7":"product_tag-bloc-ardoise-personnalise","8":"product_tag-sub00009-00","9":"product_shipping_class-purolator","11":"first","12":"instock","13":"taxable","14":"shipping-taxable","15":"purchasable","16":"product-type-simple"},"_links":{"self":[{"href":"https:\/\/brikardesign.com\/impression\/wp-json\/wp\/v2\/product\/34459","targetHints":{"allow":["GET"]}}],"collection":[{"href":"https:\/\/brikardesign.com\/impression\/wp-json\/wp\/v2\/product"}],"about":[{"href":"https:\/\/brikardesign.com\/impression\/wp-json\/wp\/v2\/types\/product"}],"replies":[{"embeddable":true,"href":"https:\/\/brikardesign.com\/impression\/wp-json\/wp\/v2\/comments?post=34459"}],"wp:featuredmedia":[{"embeddable":true,"href":"https:\/\/brikardesign.com\/impression\/wp-json\/wp\/v2\/media\/37161"}],"wp:attachment":[{"href":"https:\/\/brikardesign.com\/impression\/wp-json\/wp\/v2\/media?parent=34459"}],"wp:term":[{"taxonomy":"product_brand","embeddable":true,"href":"https:\/\/brikardesign.com\/impression\/wp-json\/wp\/v2\/product_brand?post=34459"},{"taxonomy":"product_cat","embeddable":true,"href":"https:\/\/brikardesign.com\/impression\/wp-json\/wp\/v2\/product_cat?post=34459"},{"taxonomy":"product_tag","embeddable":true,"href":"https:\/\/brikardesign.com\/impression\/wp-json\/wp\/v2\/product_tag?post=34459"}],"curies":[{"name":"wp","href":"https:\/\/api.w.org\/{rel}","templated":true}]}}