{"id":34416,"date":"2021-04-22T11:38:01","date_gmt":"2021-04-22T16:38:01","guid":{"rendered":"https:\/\/brikardesign.com\/impression\/?post_type=product&#038;p=34416"},"modified":"2025-03-18T17:05:52","modified_gmt":"2025-03-18T22:05:52","slug":"tapis-de-souris-personnalise","status":"publish","type":"product","link":"https:\/\/brikardesign.com\/impression\/produit\/tapis-de-souris-personnalise\/","title":{"rendered":"Tapis de souris personnalis\u00e9"},"content":{"rendered":"<p>CODE 00006-00<\/p>\n<p>&#8211; Tapis de souris personnalis\u00e9<br \/>\n&#8211; Le montage est toujours gratuit.<br \/>\n&#8211; Tapis en n\u00e9opr\u00e8ne r\u00e9sistant<br \/>\n&#8211; Surface lisse en tissu<br \/>\n&#8211; Couleurs \u00e9clatantes<br \/>\n&#8211; Dimensions:18 cm x 22 cm \/ 7 &#8221; x 8 1\/2 &#8221; approx<\/p>\n","protected":false},"excerpt":{"rendered":"<p><span style=\"color: #ff9900;\"><strong>Livraison gratuite pour ce produit<\/strong><\/span><\/p>\n<p>&#8211; Tapis de souris personnalis\u00e9<br \/>\n&#8211; Le montage est toujours gratuit.<br \/>\n&#8211; Tapis en n\u00e9opr\u00e8ne r\u00e9sistant<br \/>\n&#8211; Surface lisse en tissu<br \/>\n&#8211; Couleurs \u00e9clatantes<br \/>\n&#8211; Dimensions:18 cm x 22 cm \/ 7 &#8221; x 8 1\/2 &#8221; approx<\/p>\n","protected":false},"featured_media":37101,"comment_status":"open","ping_status":"closed","template":"","meta":{"_et_pb_use_builder":"","_et_pb_old_content":"","_et_gb_content_width":""},"product_brand":[],"product_cat":[19],"product_tag":[768,767],"class_list":{"0":"post-34416","1":"product","2":"type-product","3":"status-publish","4":"has-post-thumbnail","6":"product_cat-accessoires-de-bureau","7":"product_tag-sub00006-00","8":"product_tag-tapis-de-souris-personnalise","9":"product_shipping_class-livraison","11":"first","12":"instock","13":"taxable","14":"shipping-taxable","15":"purchasable","16":"product-type-simple"},"_links":{"self":[{"href":"https:\/\/brikardesign.com\/impression\/wp-json\/wp\/v2\/product\/34416","targetHints":{"allow":["GET"]}}],"collection":[{"href":"https:\/\/brikardesign.com\/impression\/wp-json\/wp\/v2\/product"}],"about":[{"href":"https:\/\/brikardesign.com\/impression\/wp-json\/wp\/v2\/types\/product"}],"replies":[{"embeddable":true,"href":"https:\/\/brikardesign.com\/impression\/wp-json\/wp\/v2\/comments?post=34416"}],"wp:featuredmedia":[{"embeddable":true,"href":"https:\/\/brikardesign.com\/impression\/wp-json\/wp\/v2\/media\/37101"}],"wp:attachment":[{"href":"https:\/\/brikardesign.com\/impression\/wp-json\/wp\/v2\/media?parent=34416"}],"wp:term":[{"taxonomy":"product_brand","embeddable":true,"href":"https:\/\/brikardesign.com\/impression\/wp-json\/wp\/v2\/product_brand?post=34416"},{"taxonomy":"product_cat","embeddable":true,"href":"https:\/\/brikardesign.com\/impression\/wp-json\/wp\/v2\/product_cat?post=34416"},{"taxonomy":"product_tag","embeddable":true,"href":"https:\/\/brikardesign.com\/impression\/wp-json\/wp\/v2\/product_tag?post=34416"}],"curies":[{"name":"wp","href":"https:\/\/api.w.org\/{rel}","templated":true}]}}