{"id":34398,"date":"2021-04-22T10:07:57","date_gmt":"2021-04-22T15:07:57","guid":{"rendered":"https:\/\/brikardesign.com\/impression\/?post_type=product&#038;p=34398"},"modified":"2025-12-11T12:53:27","modified_gmt":"2025-12-11T17:53:27","slug":"bas-de-noel-mon-premier-noel","status":"publish","type":"product","link":"https:\/\/brikardesign.com\/impression\/produit\/bas-de-noel-mon-premier-noel\/","title":{"rendered":"Bas de No\u00ebl Mon premier No\u00ebl"},"content":{"rendered":"<p>CODE: SUB0119-01<\/p>\n<p><strong>Bas de No\u00ebl Mon premier No\u00ebl<\/strong><\/p>\n<ul>\n<li><span class=\"goog-text-highlight\">Bas de No\u00ebl en toile de lin.\u00a0<\/span><\/li>\n<li><span class=\"\">Mat\u00e9riau naturel en lin de haute qualit\u00e9, \u00e9cologique, s\u00fbr, lavable et durable.\u00a0<\/span><\/li>\n<li>Cordon pour garder le contenu cach\u00e9 pour la grande surprise.<\/li>\n<li>Dimensions approx.: 15 \u2033 x 7 \u2033 (39 cm x18cm)<\/li>\n<li>Nous faire parvenir le nom \u00e0 inscrire sur le bas si d\u00e9sir\u00e9<\/li>\n<\/ul>\n","protected":false},"excerpt":{"rendered":"<p>CODE: SUB0119-01<\/p>\n<p><strong>Bas de No\u00ebl Mon premier No\u00ebl<\/strong><\/p>\n<ul>\n<li><span class=\"goog-text-highlight\">Bas de No\u00ebl en toile de lin.\u00a0<\/span><\/li>\n<li><span class=\"\">Mat\u00e9riau naturel en lin de haute qualit\u00e9, \u00e9cologique, s\u00fbr, lavable et durable.\u00a0<\/span><\/li>\n<li>Cordon pour garder le contenu cach\u00e9 pour la grande surprise.<\/li>\n<\/ul>\n","protected":false},"featured_media":45548,"comment_status":"open","ping_status":"closed","template":"","meta":{"_et_pb_use_builder":"","_et_pb_old_content":"","_et_gb_content_width":""},"product_brand":[],"product_cat":[755],"product_tag":[761,762],"class_list":{"0":"post-34398","1":"product","2":"type-product","3":"status-publish","4":"has-post-thumbnail","6":"product_cat-noel","7":"product_tag-bas-de-noel-mon-premier-noel","8":"product_tag-sub00119-01","9":"product_shipping_class-forfait","11":"first","12":"instock","13":"taxable","14":"shipping-taxable","15":"purchasable","16":"product-type-simple"},"_links":{"self":[{"href":"https:\/\/brikardesign.com\/impression\/wp-json\/wp\/v2\/product\/34398","targetHints":{"allow":["GET"]}}],"collection":[{"href":"https:\/\/brikardesign.com\/impression\/wp-json\/wp\/v2\/product"}],"about":[{"href":"https:\/\/brikardesign.com\/impression\/wp-json\/wp\/v2\/types\/product"}],"replies":[{"embeddable":true,"href":"https:\/\/brikardesign.com\/impression\/wp-json\/wp\/v2\/comments?post=34398"}],"wp:featuredmedia":[{"embeddable":true,"href":"https:\/\/brikardesign.com\/impression\/wp-json\/wp\/v2\/media\/45548"}],"wp:attachment":[{"href":"https:\/\/brikardesign.com\/impression\/wp-json\/wp\/v2\/media?parent=34398"}],"wp:term":[{"taxonomy":"product_brand","embeddable":true,"href":"https:\/\/brikardesign.com\/impression\/wp-json\/wp\/v2\/product_brand?post=34398"},{"taxonomy":"product_cat","embeddable":true,"href":"https:\/\/brikardesign.com\/impression\/wp-json\/wp\/v2\/product_cat?post=34398"},{"taxonomy":"product_tag","embeddable":true,"href":"https:\/\/brikardesign.com\/impression\/wp-json\/wp\/v2\/product_tag?post=34398"}],"curies":[{"name":"wp","href":"https:\/\/api.w.org\/{rel}","templated":true}]}}