{"id":34340,"date":"2021-04-21T18:57:20","date_gmt":"2021-04-21T23:57:20","guid":{"rendered":"https:\/\/brikardesign.com\/impression\/?post_type=product&#038;p=34340"},"modified":"2023-02-21T17:49:21","modified_gmt":"2023-02-21T22:49:21","slug":"plaque-joyeuse-paques-decorative-de-porte-dentree-de-boite-aux-lettres-ou-fenetre-personnalisee","status":"publish","type":"product","link":"https:\/\/brikardesign.com\/impression\/produit\/plaque-joyeuse-paques-decorative-de-porte-dentree-de-boite-aux-lettres-ou-fenetre-personnalisee\/","title":{"rendered":"Plaque Joyeuse P\u00e2ques d\u00e9corative de porte d&#8217;entr\u00e9e de bo\u00eete aux lettres ou fen\u00eatre personnalis\u00e9e"},"content":{"rendered":"<p><strong>Plaque Joyeuse P\u00e2ques d\u00e9corative de porte d&#8217;entr\u00e9e de bo\u00eete aux lettres ou fen\u00eatre personnalis\u00e9e<\/strong><\/p>\n<ul>\n<li>Pi\u00e8ce en aluminium sublim\u00e9<\/li>\n<li>Dimensions: 5 \u00a8x 7 \u00a8\/12.7 cm x 17.8 cm<\/li>\n<li>Coins arrondis<\/li>\n<li>Fixer avec velcro autocollant ou ventouse (au choix )<\/li>\n<li>Plaque interchangeable avec les saisons ou les \u00e9v\u00e9nements<\/li>\n<li>Pour des quantit\u00e9s, n&#8217;h\u00e9sitez pas \u00e0 communiquer avec nous<\/li>\n<\/ul>\n","protected":false},"excerpt":{"rendered":"<p><span style=\"color: #ff9900;\"><strong>Livraison gratuite pour ce produit<\/strong><\/span><\/p>\n","protected":false},"featured_media":36880,"comment_status":"open","ping_status":"closed","template":"","meta":{"_et_pb_use_builder":"","_et_pb_old_content":"","_et_gb_content_width":""},"product_brand":[],"product_cat":[528],"product_tag":[738,740],"class_list":{"0":"post-34340","1":"product","2":"type-product","3":"status-publish","4":"has-post-thumbnail","6":"product_cat-enseignes","7":"product_tag-plaque-joyeuse-paques-decorative","8":"product_tag-sub00067-06","9":"product_shipping_class-livraison","11":"first","12":"instock","13":"taxable","14":"shipping-taxable","15":"purchasable","16":"product-type-variable","17":"has-default-attributes"},"_links":{"self":[{"href":"https:\/\/brikardesign.com\/impression\/wp-json\/wp\/v2\/product\/34340","targetHints":{"allow":["GET"]}}],"collection":[{"href":"https:\/\/brikardesign.com\/impression\/wp-json\/wp\/v2\/product"}],"about":[{"href":"https:\/\/brikardesign.com\/impression\/wp-json\/wp\/v2\/types\/product"}],"replies":[{"embeddable":true,"href":"https:\/\/brikardesign.com\/impression\/wp-json\/wp\/v2\/comments?post=34340"}],"wp:featuredmedia":[{"embeddable":true,"href":"https:\/\/brikardesign.com\/impression\/wp-json\/wp\/v2\/media\/36880"}],"wp:attachment":[{"href":"https:\/\/brikardesign.com\/impression\/wp-json\/wp\/v2\/media?parent=34340"}],"wp:term":[{"taxonomy":"product_brand","embeddable":true,"href":"https:\/\/brikardesign.com\/impression\/wp-json\/wp\/v2\/product_brand?post=34340"},{"taxonomy":"product_cat","embeddable":true,"href":"https:\/\/brikardesign.com\/impression\/wp-json\/wp\/v2\/product_cat?post=34340"},{"taxonomy":"product_tag","embeddable":true,"href":"https:\/\/brikardesign.com\/impression\/wp-json\/wp\/v2\/product_tag?post=34340"}],"curies":[{"name":"wp","href":"https:\/\/api.w.org\/{rel}","templated":true}]}}